{"id":1499,"date":"2017-02-13T09:40:16","date_gmt":"2017-02-13T07:40:16","guid":{"rendered":"http:\/\/taxiservicerethymno.gr\/?page_id=1499\/"},"modified":"2023-01-23T09:53:47","modified_gmt":"2023-01-23T07:53:47","slug":"glueckliche-kunden","status":"publish","type":"page","link":"https:\/\/taxiservicerethymno.gr\/de\/glueckliche-kunden\/","title":{"rendered":"Gl\u00fcckliche Kunden"},"content":{"rendered":"\r\n        <div class=\"row row-cols-1 row-cols-md-3\">\r\n            \r\n            <div class=\"mb-3 mb-md-0\">\r\n                <figure>\r\n                  <blockquote class=\"blockquote\">\r\n                    <div class=\"h5 fw-bold\"><i class=\"fas fa-quote-left fa-2x\"><\/i> Sehr sehr gut!<\/div>\r\n                    <p class=\"fs-6 border-start border-3 ps-3\">Wir wurden p\u00fcnktlich von Stavros abgeholt und er h\u00e4lt sich sehr gut an die aktuellen Coronamassnahmen. Er ist ein sehr guter Fahrer und hat uns den ganzen Weg toll unterhalten und uns sehr viel Interessantes \u00fcber die Insel erz\u00e4hlt. Er f\u00e4hrt auch sehr gut und vorsichtig. Das Auto war in einem top Zustand und auch ein Kindersitz war vorhanden. Der Preis ist mehr als fair! Immer wieder gerne!<\/p>\r\n                  <\/blockquote>\r\n                  <figcaption class=\"blockquote-footer pt-2\">\r\n                    Sandra M<br> <cite title=\"Source\"><a href=\"https:\/\/www.tripadvisor.com.gr\/ShowUserReviews-g189421-d8673688-r765440928-Taxi_Service_Rethymno-Rethymnon_Rethymnon_Prefecture_Crete.html?m=19905\" target=\"_blank\" rel=\"noopener noreferrer\">a review from tripadvisor<\/a><\/cite>\r\n                  <\/figcaption>\r\n                <\/figure>\r\n            <\/div>\r\n            <div class=\"mb-3 mb-md-0\">\r\n                <figure>\r\n                  <blockquote class=\"blockquote\">\r\n                    <div class=\"h5 fw-bold\"><i class=\"fas fa-quote-left fa-2x\"><\/i> Taxi von Rethymnon zum Flughafen Heraklion<\/div>\r\n                    <p class=\"fs-6 border-start border-3 ps-3\">Da ich fr\u00fcher abreisen musste wie der Rest der Familie brauchte ich ein Taxi von unserem Hotel in Rethymnon zum Flughafen Heraklion. Stavros hat sehr schnell auf meine Anfrage \u00fcber seine Webseite reagiert und die Fahrt und den Preis best\u00e4tigt. Die Fahrt selbst war sehr angenehm und Stavros hat mir viel Wissenswertes \u00fcber Kreta erz\u00e4hlt. Sein Englisch ist sehr gut, weiss leider nicht, ob er auch etwas Deutsch spricht.<\/p>\r\n                  <\/blockquote>\r\n                  <figcaption class=\"blockquote-footer pt-2\">\r\n                    TravelbeeZurich Geneva, Switzerland<br> <cite title=\"Source\"><a href=\"https:\/\/www.tripadvisor.com\/ShowUserReviews-g189421-d8673688-r719424021-Taxi_Service_Rethymno-Rethymnon_Rethymnon_Prefecture_Crete.html?m=19905\" target=\"_blank\" rel=\"noopener noreferrer\">a review from tripadvisor<\/a><\/cite>\r\n                  <\/figcaption>\r\n                <\/figure>\r\n            <\/div>\r\n            <div class=\"mb-3 mb-md-0\">\r\n                <figure>\r\n                  <blockquote class=\"blockquote\">\r\n                    <div class=\"h5 fw-bold\"><i class=\"fas fa-quote-left fa-2x\"><\/i> Fahrerservice zuverl\u00e4ssig und entspannt<\/div>\r\n                    <p class=\"fs-6 border-start border-3 ps-3\">Wir haben mehrfach unser Taxi \u00fcber das Portal von Stavros online gebucht. Hatten superschnell f\u00fcr den kommenden Tag eine Antwort und haben dann online gebucht.\r\nKurze oder lange Strecken. Ein guter Preis, absolut p\u00fcnktlich, was die Nerven vor dem Abflug wesentlich beruhigt.\r\nStavros ist freundlich und zuvorkommend und ist f\u00fcr den Sonnenaufgang sogar etwas langsamer gefahren. Danke daf\u00fcr. Leistung, Preis, menschlich... stimmte alles und auch in Corona Zeiten sehr verantwortlich. Danke.\r\nDoris und Andrea<\/p>\r\n                  <\/blockquote>\r\n                  <figcaption class=\"blockquote-footer pt-2\">\r\n                    Water Sun  Bielefeld, Germany<br> <cite title=\"Source\"><a href=\"https:\/\/www.tripadvisor.com\/ShowUserReviews-g189421-d8673688-r761196035-Taxi_Service_Rethymno-Rethymnon_Rethymnon_Prefecture_Crete.html?m=19905\" target=\"_blank\" rel=\"noopener noreferrer\">a review from tripadvisor<\/a><\/cite>\r\n                  <\/figcaption>\r\n                <\/figure>\r\n            <\/div>\r\n            <div class=\"mb-3 mb-md-0\">\r\n                <figure>\r\n                  <blockquote class=\"blockquote\">\r\n                    <div class=\"h5 fw-bold\"><i class=\"fas fa-quote-left fa-2x\"><\/i> Sehr angenehmer Transfer zum Flughafen<\/div>\r\n                    <p class=\"fs-6 border-start border-3 ps-3\">Wir haben kurzfristig einen Transfer zum Flughafen gebucht. Die Kommunikation war wirklich sehr einfach per WhatsApp und der Fahrer war \u00fcberp\u00fcnktlich da. Die Fahrt zum Flughafen war dank bequemen Mercedes auch sehr angenehm. Das richtige Auto ist bei den Holperstra\u00dfen auf Kreta nicht zu<\/p>\r\n                  <\/blockquote>\r\n                  <figcaption class=\"blockquote-footer pt-2\">\r\n                    Christoph S <br> <cite title=\"Source\"><a href=\"https:\/\/www.tripadvisor.com.gr\/ShowUserReviews-g189421-d8673688-r769931175-Taxi_Service_Rethymno-Rethymnon_Rethymnon_Prefecture_Crete.html?m=19905\" target=\"_blank\" rel=\"noopener noreferrer\">a review from tripadvisor<\/a><\/cite>\r\n                  <\/figcaption>\r\n                <\/figure>\r\n            <\/div>\r\n            <div class=\"mb-3 mb-md-0\">\r\n                <figure>\r\n                  <blockquote class=\"blockquote\">\r\n                    <div class=\"h5 fw-bold\"><i class=\"fas fa-quote-left fa-2x\"><\/i> Top Taxi-Service<\/div>\r\n                    <p class=\"fs-6 border-start border-3 ps-3\">Wir wurden von Stavros im Taxi von unserem Hotel in der N\u00e4he von Rethymno zum Flughafen Heraklion gefahren. Stavros ist ein sehr liebensw\u00fcrdiger und zuverl\u00e4ssiger Taxifahrer, der Fahrten mit Top-Fahrzeugen zu sehr fairen Preisen anbietet. Wir k\u00f6nnen seinen Taxi-Service vorbehaltlos weiterempfehlen und werden bei unserem n\u00e4chsten Aufenthalt auf Kreta bestimmt wieder die Dienste von Stavros in Anspruch nehmen.<\/p>\r\n                  <\/blockquote>\r\n                  <figcaption class=\"blockquote-footer pt-2\">\r\n                     mar_teens68<br> <cite title=\"Source\"><a href=\"https:\/\/www.tripadvisor.com.gr\/ShowUserReviews-g189421-d8673688-r762508997-Taxi_Service_Rethymno-Rethymnon_Rethymnon_Prefecture_Crete.html?m=19905\" target=\"_blank\" rel=\"noopener noreferrer\">a review from tripadvisor<\/a><\/cite>\r\n                  <\/figcaption>\r\n                <\/figure>\r\n            <\/div>\r\n            <div class=\"mb-3 mb-md-0\">\r\n                <figure>\r\n                  <blockquote class=\"blockquote\">\r\n                    <div class=\"h5 fw-bold\"><i class=\"fas fa-quote-left fa-2x\"><\/i> Nette und humorvolle Taxifahrer<\/div>\r\n                    <p class=\"fs-6 border-start border-3 ps-3\">Die Taxis sind p\u00fcnktlich sauber und die Fahrer sehr humorvoll und fahren sicher. Alle sprechen Englisch.<\/p>\r\n                  <\/blockquote>\r\n                  <figcaption class=\"blockquote-footer pt-2\">\r\n                    mickynyla  Zurich, Switzerland<br> <cite title=\"Source\"><a href=\"https:\/\/www.tripadvisor.com\/ShowUserReviews-g189421-d8673688-r416174370-Taxi_Service_Rethymno-Rethymnon_Rethymnon_Prefecture_Crete.html?m=19905\" target=\"_blank\" rel=\"noopener noreferrer\">a review from tripadvisor<\/a><\/cite>\r\n                  <\/figcaption>\r\n                <\/figure>\r\n            <\/div>\r\n            <div class=\"mb-3 mb-md-0\">\r\n                <figure>\r\n                  <blockquote class=\"blockquote\">\r\n                    <div class=\"h5 fw-bold\"><i class=\"fas fa-quote-left fa-2x\"><\/i> \u00dcberp\u00fcnktlich<\/div>\r\n                    <p class=\"fs-6 border-start border-3 ps-3\">Anfrage per Mail, prompte Antwort mit Preisangabe und Zusage des Airporttransfers. Der Fahrer war am angegebenen Zeitpunkt \u00fcberp\u00fcnktlich. Fahrweise und Service erstklassig. Jederzeit wieder\r\nVielen Dank<\/p>\r\n                  <\/blockquote>\r\n                  <figcaption class=\"blockquote-footer pt-2\">\r\n                    Ines B  Guestrow, Germany<br> <cite title=\"Source\"><a href=\"https:\/\/www.tripadvisor.com.gr\/ShowUserReviews-g189421-d8673688-r765220792-Taxi_Service_Rethymno-Rethymnon_Rethymnon_Prefecture_Crete.html?m=19905\" target=\"_blank\" rel=\"noopener noreferrer\">a review from tripadvisor<\/a><\/cite>\r\n                  <\/figcaption>\r\n                <\/figure>\r\n            <\/div>\r\n            <div class=\"mb-3 mb-md-0\">\r\n                <figure>\r\n                  <blockquote class=\"blockquote\">\r\n                    <div class=\"h5 fw-bold\"><i class=\"fas fa-quote-left fa-2x\"><\/i> G\u00fcnstig und verl\u00e4sslich<\/div>\r\n                    <p class=\"fs-6 border-start border-3 ps-3\">Preis-Leistungs-Verh\u00e4ltnis super. Verl\u00e4ssliche und p\u00fcnktliche Fahrer, neue, klimatisierte, bequeme Autos. Absolut empfehlenswert.<\/p>\r\n                  <\/blockquote>\r\n                  <figcaption class=\"blockquote-footer pt-2\">\r\n                    h_e_s_68  Vienna, Austria<br> <cite title=\"Source\"><a href=\"https:\/\/www.tripadvisor.com\/ShowUserReviews-g189421-d8673688-r708187872-Taxi_Service_Rethymno-Rethymnon_Rethymnon_Prefecture_Crete.html?m=19905\" target=\"_blank\" rel=\"noopener noreferrer\">a review from tripadvisor<\/a><\/cite>\r\n                  <\/figcaption>\r\n                <\/figure>\r\n            <\/div>\r\n            <div class=\"mb-3 mb-md-0\">\r\n                <figure>\r\n                  <blockquote class=\"blockquote\">\r\n                    <div class=\"h5 fw-bold\"><i class=\"fas fa-quote-left fa-2x\"><\/i> Sorglos und g\u00fcnstig von A nach B<\/div>\r\n                    <p class=\"fs-6 border-start border-3 ps-3\">Einfach klasse! Wir wurden p\u00fcnktlich vom Flughafen Heraklion ins 70km entfernte Rethymno transportiert. Die verabredeten Preise wurden allesamt eingehalten. Innerorts bezahlt man dann nur wenige Euro pro Fahrt und hat daf\u00fcr wirklich wenig Sorgen. Sei es, dass mal ein Gro\u00dfeinkauf die 800m den Berg hoch gefahren werden m\u00fcssen, oder man p\u00fcnktlich am reservierten Tisch im Restaurant am Meer sein will.\r\n\r\nEinfach Stavros anrufen und ihr bekommt jemanden geschickt. Die Fahrer waren ausnahmslos freundlich und sind sicher gefahren. Man wird zu dem in vollklimatisierten Mercedes Limousinen kutschiert, die wirklich in einem Top-Zustand sind.\r\nDie einfach Fahrt den Berg hoch- und runter (jeweils etwa 800m) waren f\u00fcr 5\u20ac zu haben. Ins 3km entfernte Restaurant am Meer kam man f\u00fcr 8\u20ac.<\/p>\r\n                  <\/blockquote>\r\n                  <figcaption class=\"blockquote-footer pt-2\">\r\n                    ckluth  Berlin, Germany<br> <cite title=\"Source\"><a href=\"https:\/\/www.tripadvisor.com\/ShowUserReviews-g189421-d8673688-r598054855-Taxi_Service_Rethymno-Rethymnon_Rethymnon_Prefecture_Crete.html?m=19905\" target=\"_blank\" rel=\"noopener noreferrer\">a review from tripadvisor<\/a><\/cite>\r\n                  <\/figcaption>\r\n                <\/figure>\r\n            <\/div>\r\n            <div class=\"mb-3 mb-md-0\">\r\n                <figure>\r\n                  <blockquote class=\"blockquote\">\r\n                    <div class=\"h5 fw-bold\"><i class=\"fas fa-quote-left fa-2x\"><\/i> Super Service<\/div>\r\n                    <p class=\"fs-6 border-start border-3 ps-3\">Stavros bietet den besten Service auf der ganzen Insel. Extrem freundlich und ehrlich. Immer p\u00fcnktlich und zuverl\u00e4ssig. Seine Preise sind auch sehr gut. Ich kann ihm uneingeschr\u00e4nkt empfehlen.\r\n\u0395\u03c5\u03c7\u03b1\u03c1\u03b9\u03c3\u03c4\u03ce \u03c0\u03bf\u03bb\u03cd \u03b3\u03b9\u03b1 \u03cc\u03bb\u03b1 \u03a3\u03c4\u03b1\u03cd\u03c1\u03bf.<\/p>\r\n                  <\/blockquote>\r\n                  <figcaption class=\"blockquote-footer pt-2\">\r\n                    Peter V  Mannheim, Germany<br> <cite title=\"Source\"><a href=\"https:\/\/www.tripadvisor.com\/ShowUserReviews-g189421-d8673688-r697852723-Taxi_Service_Rethymno-Rethymnon_Rethymnon_Prefecture_Crete.html?m=19905\" target=\"_blank\" rel=\"noopener noreferrer\">a review from tripadvisor<\/a><\/cite>\r\n                  <\/figcaption>\r\n                <\/figure>\r\n            <\/div>\r\n            <div class=\"mb-3 mb-md-0\">\r\n                <figure>\r\n                  <blockquote class=\"blockquote\">\r\n                    <div class=\"h5 fw-bold\"><i class=\"fas fa-quote-left fa-2x\"><\/i> Noch immer preisg\u00fcnstig!<\/div>\r\n                    <p class=\"fs-6 border-start border-3 ps-3\">Wir haben den Taxi - Service Innerorts mehrfach aus gesundheitlichen Gr\u00fcnden genutzt!\r\nDer Service war f\u00fcr uns sehr preisg\u00fcnstig und sehr hilfreich!\r\nIm Bereich der Stadt nur 5,- \u20ac f\u00fcr eine Fahrt!\r\nSomit unsere beste Empfehlung!<\/p>\r\n                  <\/blockquote>\r\n                  <figcaption class=\"blockquote-footer pt-2\">\r\n                    E1969G Hildesheim, Germany<br> <cite title=\"Source\"><a href=\"https:\/\/www.tripadvisor.com\/ShowUserReviews-g189421-d8673688-r715974658-Taxi_Service_Rethymno-Rethymnon_Rethymnon_Prefecture_Crete.html?m=19905\" target=\"_blank\" rel=\"noopener noreferrer\">a review from tripadvisor<\/a><\/cite>\r\n                  <\/figcaption>\r\n                <\/figure>\r\n            <\/div> \r\n        <\/div>\r\n    \n","protected":false},"excerpt":{"rendered":"","protected":false},"author":1,"featured_media":0,"parent":0,"menu_order":0,"comment_status":"closed","ping_status":"closed","template":"page-nosidebar.php","meta":{"_acf_changed":false,"footnotes":""},"class_list":["post-1499","page","type-page","status-publish","hentry"],"acf":[],"_links":{"self":[{"href":"https:\/\/taxiservicerethymno.gr\/de\/wp-json\/wp\/v2\/pages\/1499","targetHints":{"allow":["GET"]}}],"collection":[{"href":"https:\/\/taxiservicerethymno.gr\/de\/wp-json\/wp\/v2\/pages"}],"about":[{"href":"https:\/\/taxiservicerethymno.gr\/de\/wp-json\/wp\/v2\/types\/page"}],"author":[{"embeddable":true,"href":"https:\/\/taxiservicerethymno.gr\/de\/wp-json\/wp\/v2\/users\/1"}],"replies":[{"embeddable":true,"href":"https:\/\/taxiservicerethymno.gr\/de\/wp-json\/wp\/v2\/comments?post=1499"}],"version-history":[{"count":0,"href":"https:\/\/taxiservicerethymno.gr\/de\/wp-json\/wp\/v2\/pages\/1499\/revisions"}],"wp:attachment":[{"href":"https:\/\/taxiservicerethymno.gr\/de\/wp-json\/wp\/v2\/media?parent=1499"}],"curies":[{"name":"wp","href":"https:\/\/api.w.org\/{rel}","templated":true}]}}