{"id":19411,"date":"2023-01-22T13:59:29","date_gmt":"2023-01-22T11:59:29","guid":{"rendered":"https:\/\/taxiservicerethymno.local.gr\/?page_id=19411"},"modified":"2023-01-22T13:59:29","modified_gmt":"2023-01-22T11:59:29","slug":"haeufige-fragen","status":"publish","type":"page","link":"https:\/\/taxiservicerethymno.gr\/de\/haeufige-fragen\/","title":{"rendered":"H\u00e4ufige Fragen"},"content":{"rendered":"\r\n                 <div class=\"accordion mb-5\" id=\"accordionFaq\">\r\n    \r\n        <div class=\"accordion-item\">\r\n            <h2 class=\"accordion-header\" id=\"heading1\">\r\n              <button class=\"accordion-button \" type=\"button\" data-bs-toggle=\"collapse\" data-bs-target=\"#collapse1\" aria-expanded=\"true\" aria-controls=\"collapse1\">\r\n                <span class=\"lead\">Wie viel kostet eine Strecke?<\/span>\r\n              <\/button>\r\n            <\/h2>\r\n            <div id=\"collapse1\" class=\"accordion-collapse collapse show\" aria-labelledby=\"heading1\" data-bs-parent=\"#accordionFaq\">\r\n              <div class=\"accordion-body\">\r\n                Wir haben eine vollst\u00e4ndige Preisliste f\u00fcr fast alle Routen auf ganz Kreta. Sie k\u00f6nnen sie hier \u00fcberpr\u00fcfen: vom <a href=\"https:\/\/taxiservicerethymno.gr\/de\/vom-flughafen-heraklion\/\">Flughafen Heraklion<\/a>, vom <a href=\"https:\/\/taxiservicerethymno.gr\/de\/vom-flughafen-chania\/\">Flughafen Chania<\/a>, von der <a href=\"https:\/\/taxiservicerethymno.gr\/de\/von-rethymno-stadtmitte\/\">Stadt Rethymno<\/a> und f\u00fcr <a href=\"https:\/\/taxiservicerethymno.gr\/de\/fuer-hotels\/\">beliebte Hotels<\/a> auf Kreta. * Die Preise sind Richtpreise f\u00fcr eine Strecke von bis zu 4 Personen mit mittelgro\u00dfem Gep\u00e4ck\r\n              <\/div>\r\n            <\/div>\r\n        <\/div>\r\n        \r\n        <div class=\"accordion-item\">\r\n            <h2 class=\"accordion-header\" id=\"heading2\">\r\n              <button class=\"accordion-button collapsed\" type=\"button\" data-bs-toggle=\"collapse\" data-bs-target=\"#collapse2\" aria-expanded=\"false\" aria-controls=\"collapse2\">\r\n                <span class=\"lead\">Wie erhalte ich mein Sonderangebot?<\/span>\r\n              <\/button>\r\n            <\/h2>\r\n            <div id=\"collapse2\" class=\"accordion-collapse collapse \" aria-labelledby=\"heading2\" data-bs-parent=\"#accordionFaq\">\r\n              <div class=\"accordion-body\">\r\n                F\u00fcllen Sie das <a href=\"https:\/\/taxiservicerethymno.gr\/de\/kontakt\/#booking-form\">Buchungsformular<\/a> mit allen Details (Ziel, Datum, Uhrzeit usw.). F\u00fcgen Sie auch in den Kommentaren hinzu, dass Sie ein Angebot erhalten m\u00f6chten. Wir senden Ihnen dann Ihr Angebot mit dem besten Preis zu. Sie sollten uns antworten, dass Sie mit dem von uns gesendeten Preis einverstanden sind, und auf diese Weise best\u00e4tigen wir die Reservierung.\r\n              <\/div>\r\n            <\/div>\r\n        <\/div>\r\n        \r\n        <div class=\"accordion-item\">\r\n            <h2 class=\"accordion-header\" id=\"heading3\">\r\n              <button class=\"accordion-button collapsed\" type=\"button\" data-bs-toggle=\"collapse\" data-bs-target=\"#collapse3\" aria-expanded=\"false\" aria-controls=\"collapse3\">\r\n                <span class=\"lead\">Kann ich meine R\u00fccksendung gleichzeitig buchen?<\/span>\r\n              <\/button>\r\n            <\/h2>\r\n            <div id=\"collapse3\" class=\"accordion-collapse collapse \" aria-labelledby=\"heading3\" data-bs-parent=\"#accordionFaq\">\r\n              <div class=\"accordion-body\">\r\n                Selbstverst\u00e4ndlich. Auf dem <a href=\"https:\/\/taxiservicerethymno.gr\/de\/kontakt\/#booking-form\">Buchungsformular<\/a> gibt es ein entsprechendes Feld, in dem Sie, wenn Sie es ausw\u00e4hlen, auch die R\u00fccksendeinformationen ausf\u00fcllen m\u00fcssen. Auf diese Weise k\u00f6nnen Sie den R\u00fccknahmepreis sicherstellen und eventuelle Preiserh\u00f6hungen vermeiden.\r\n              <\/div>\r\n            <\/div>\r\n        <\/div>\r\n        \r\n        <div class=\"accordion-item\">\r\n            <h2 class=\"accordion-header\" id=\"heading4\">\r\n              <button class=\"accordion-button collapsed\" type=\"button\" data-bs-toggle=\"collapse\" data-bs-target=\"#collapse4\" aria-expanded=\"false\" aria-controls=\"collapse4\">\r\n                <span class=\"lead\">Muss ich alle Details schreiben?<\/span>\r\n              <\/button>\r\n            <\/h2>\r\n            <div id=\"collapse4\" class=\"accordion-collapse collapse \" aria-labelledby=\"heading4\" data-bs-parent=\"#accordionFaq\">\r\n              <div class=\"accordion-body\">\r\n                Ja, Sie m\u00fcssen alle erforderlichen Felder im Buchungsformular ausf\u00fcllen, damit wir alle notwendigen Informationen erhalten, um den besten Preis zu geben und Fehler und Missverst\u00e4ndnisse zu vermeiden.\r\n              <\/div>\r\n            <\/div>\r\n        <\/div>\r\n        \r\n        <div class=\"accordion-item\">\r\n            <h2 class=\"accordion-header\" id=\"heading5\">\r\n              <button class=\"accordion-button collapsed\" type=\"button\" data-bs-toggle=\"collapse\" data-bs-target=\"#collapse5\" aria-expanded=\"false\" aria-controls=\"collapse5\">\r\n                <span class=\"lead\">Wir sind 4 Personen mit gro\u00dfen Koffern, brauchen wir ein gr\u00f6\u00dferes Fahrzeug?<\/span>\r\n              <\/button>\r\n            <\/h2>\r\n            <div id=\"collapse5\" class=\"accordion-collapse collapse \" aria-labelledby=\"heading5\" data-bs-parent=\"#accordionFaq\">\r\n              <div class=\"accordion-body\">\r\n                Wahrscheinlich ja. Bitte teilen Sie uns f\u00fcr diesen Fall die Ma\u00dfe Ihres Gep\u00e4cks mit, denn unsere Mercedes-Taxifahrzeuge haben Platz f\u00fcr 4 mittelgro\u00dfe Koffer. Wenn alle Ihre Koffer gro\u00df sind, m\u00fcssen wir einen Minivan verwenden, der etwas teurer ist.\r\n              <\/div>\r\n            <\/div>\r\n        <\/div>\r\n        \r\n        <div class=\"accordion-item\">\r\n            <h2 class=\"accordion-header\" id=\"heading6\">\r\n              <button class=\"accordion-button collapsed\" type=\"button\" data-bs-toggle=\"collapse\" data-bs-target=\"#collapse6\" aria-expanded=\"false\" aria-controls=\"collapse6\">\r\n                <span class=\"lead\">Wir sind eine gro\u00dfe Gruppe von Menschen. K\u00f6nnen Sie uns bedienen?<\/span>\r\n              <\/button>\r\n            <\/h2>\r\n            <div id=\"collapse6\" class=\"accordion-collapse collapse \" aria-labelledby=\"heading6\" data-bs-parent=\"#accordionFaq\">\r\n              <div class=\"accordion-body\">\r\n                Wir verf\u00fcgen \u00fcber Minivans und Minibusse und k\u00f6nnen Gruppen von bis zu 20 Personen bedienen.\r\n              <\/div>\r\n            <\/div>\r\n        <\/div>\r\n        \r\n        <div class=\"accordion-item\">\r\n            <h2 class=\"accordion-header\" id=\"heading7\">\r\n              <button class=\"accordion-button collapsed\" type=\"button\" data-bs-toggle=\"collapse\" data-bs-target=\"#collapse7\" aria-expanded=\"false\" aria-controls=\"collapse7\">\r\n                <span class=\"lead\">Mein Flug kommt nach Mitternacht an, gibt es einen Aufpreis?<\/span>\r\n              <\/button>\r\n            <\/h2>\r\n            <div id=\"collapse7\" class=\"accordion-collapse collapse \" aria-labelledby=\"heading7\" data-bs-parent=\"#accordionFaq\">\r\n              <div class=\"accordion-body\">\r\n                Ja. Bei An- und Abreise zwischen 00.00 und 05.00 Uhr morgens wird ein Zuschlag von 10 % verrechnet.\r\n              <\/div>\r\n            <\/div>\r\n        <\/div>\r\n        \r\n        <div class=\"accordion-item\">\r\n            <h2 class=\"accordion-header\" id=\"heading8\">\r\n              <button class=\"accordion-button collapsed\" type=\"button\" data-bs-toggle=\"collapse\" data-bs-target=\"#collapse8\" aria-expanded=\"false\" aria-controls=\"collapse8\">\r\n                <span class=\"lead\">Bieten Sie Touren auf ganz Kreta an?<\/span>\r\n              <\/button>\r\n            <\/h2>\r\n            <div id=\"collapse8\" class=\"accordion-collapse collapse \" aria-labelledby=\"heading8\" data-bs-parent=\"#accordionFaq\">\r\n              <div class=\"accordion-body\">\r\n                Obwohl wir kein Reiseb\u00fcro sind, haben wir eine Liste von Touren, die wir anbieten k\u00f6nnen. <a href=\"https:\/\/taxiservicerethymno.gr\/de\/fahrten\/\">Hier finden Sie die verf\u00fcgbaren Touren<\/a>.\r\n              <\/div>\r\n            <\/div>\r\n        <\/div>\r\n        \r\n        <div class=\"accordion-item\">\r\n            <h2 class=\"accordion-header\" id=\"heading9\">\r\n              <button class=\"accordion-button collapsed\" type=\"button\" data-bs-toggle=\"collapse\" data-bs-target=\"#collapse9\" aria-expanded=\"false\" aria-controls=\"collapse9\">\r\n                <span class=\"lead\">Wie ist das Buchungsverfahren?<\/span>\r\n              <\/button>\r\n            <\/h2>\r\n            <div id=\"collapse9\" class=\"accordion-collapse collapse \" aria-labelledby=\"heading9\" data-bs-parent=\"#accordionFaq\">\r\n              <div class=\"accordion-body\">\r\n                Nachdem Sie das <a href=\"https:\/\/taxiservicerethymno.gr\/de\/kontakt\/#booking-form\">Buchungsformular<\/a> ausgef\u00fcllt haben, sie erhalten bei uns den besten Preis. Bitte seien Sie vorsichtig bei der Eingabe Ihres Mobiltelefons, da die Telefonnummer ggf. per SMS best\u00e4tigt wird.\r\n              <\/div>\r\n            <\/div>\r\n        <\/div>\r\n        \r\n        <div class=\"accordion-item\">\r\n            <h2 class=\"accordion-header\" id=\"heading10\">\r\n              <button class=\"accordion-button collapsed\" type=\"button\" data-bs-toggle=\"collapse\" data-bs-target=\"#collapse10\" aria-expanded=\"false\" aria-controls=\"collapse10\">\r\n                <span class=\"lead\">Werde ich vor meiner Ankunft auf Kreta \u00fcber meine Reservierung benachrichtigt?<\/span>\r\n              <\/button>\r\n            <\/h2>\r\n            <div id=\"collapse10\" class=\"accordion-collapse collapse \" aria-labelledby=\"heading10\" data-bs-parent=\"#accordionFaq\">\r\n              <div class=\"accordion-body\">\r\n                24 Stunden vor Ihrer Reise senden wir Ihnen eine Nachricht (E-Mail oder SMS), um Ihre Ankunft zu best\u00e4tigen. <strong><em><u>ACHTUNG: Es ist notwendig, uns mit einer einfachen Best\u00e4tigung zu antworten. Wenn wir die Best\u00e4tigung nicht erhalten, besteht die M\u00f6glichkeit, dass das Fahrzeug Sie nicht abholt<\/u><\/em><\/strong>.\r\n              <\/div>\r\n            <\/div>\r\n        <\/div>\r\n        \r\n        <div class=\"accordion-item\">\r\n            <h2 class=\"accordion-header\" id=\"heading11\">\r\n              <button class=\"accordion-button collapsed\" type=\"button\" data-bs-toggle=\"collapse\" data-bs-target=\"#collapse11\" aria-expanded=\"false\" aria-controls=\"collapse11\">\r\n                <span class=\"lead\">Werde ich \u00fcber meine Abreisebuchung benachrichtigt?<\/span>\r\n              <\/button>\r\n            <\/h2>\r\n            <div id=\"collapse11\" class=\"accordion-collapse collapse \" aria-labelledby=\"heading11\" data-bs-parent=\"#accordionFaq\">\r\n              <div class=\"accordion-body\">\r\n                Wir werden uns in K\u00fcrze mit dem Preis und allen Details bei Ihnen melden. Sie m\u00fcssen uns dann antworten, wenn Sie mit dem Preis einverstanden sind, um Ihre Buchung abzuschlie\u00dfen.\r\n              <\/div>\r\n            <\/div>\r\n        <\/div>\r\n        \r\n                <\/div>\n","protected":false},"excerpt":{"rendered":"","protected":false},"author":1,"featured_media":0,"parent":0,"menu_order":0,"comment_status":"closed","ping_status":"closed","template":"page-nosidebar.php","meta":{"_acf_changed":false,"footnotes":""},"class_list":["post-19411","page","type-page","status-publish","hentry"],"acf":[],"_links":{"self":[{"href":"https:\/\/taxiservicerethymno.gr\/de\/wp-json\/wp\/v2\/pages\/19411","targetHints":{"allow":["GET"]}}],"collection":[{"href":"https:\/\/taxiservicerethymno.gr\/de\/wp-json\/wp\/v2\/pages"}],"about":[{"href":"https:\/\/taxiservicerethymno.gr\/de\/wp-json\/wp\/v2\/types\/page"}],"author":[{"embeddable":true,"href":"https:\/\/taxiservicerethymno.gr\/de\/wp-json\/wp\/v2\/users\/1"}],"replies":[{"embeddable":true,"href":"https:\/\/taxiservicerethymno.gr\/de\/wp-json\/wp\/v2\/comments?post=19411"}],"version-history":[{"count":0,"href":"https:\/\/taxiservicerethymno.gr\/de\/wp-json\/wp\/v2\/pages\/19411\/revisions"}],"wp:attachment":[{"href":"https:\/\/taxiservicerethymno.gr\/de\/wp-json\/wp\/v2\/media?parent=19411"}],"curies":[{"name":"wp","href":"https:\/\/api.w.org\/{rel}","templated":true}]}}