{"id":725,"date":"2016-08-14T20:41:35","date_gmt":"2016-08-14T17:41:35","guid":{"rendered":"http:\/\/taxiservicerethymno.gr\/de\/?page_id=725"},"modified":"2024-02-10T09:29:18","modified_gmt":"2024-02-10T07:29:18","slug":"profil","status":"publish","type":"page","link":"https:\/\/taxiservicerethymno.gr\/de\/profil\/","title":{"rendered":"Profil"},"content":{"rendered":"<p>Wir haben eine au\u00dfergew\u00f6hnliche Gruppe professioneller Taxifahrer mit verl\u00e4sslichen Autos der gehobenen Klasse (Mercedes, Volvo, etc.) zusammengestellt, so dass wir unseren Kunden den besten Service bieten k\u00f6nnen. Unsere Fahrer fahren unsere Kunden zuverl\u00e4ssig und verantwortungsbewusst auf allen Strecken auf Kreta, zu und von den Flugh\u00e4fen (Chania &#8211; Heraklion) und zu und von den H\u00e4fen Kretas (Kissamos, Souda, Rethymno, Heraklion, Agios Nikolaos).<\/p>\n<div class=\"alert alert-primary\" role=\"alert\">\n<p><i class=\"fas fa-info-circle\"><\/i> Unser Team hat nichts mit unpers\u00f6nlichen multinationalen Transferunternehmen zu tun, es ist ein lokales Unternehmen und Ihr Geld hilft der Gemeinschaft von Rethymno.<\/p>\n<p><i class=\"fas fa-info-circle\"><\/i> Bei uns gibt es keine Drittanbieter- oder Vermittlerplattformen. Sie sprechen direkt mit unserem lokalen Unternehmen (Taxi Service Rethymno).<\/p>\n<\/div>\n<p>Von unserer Basis in Rethymno aus k\u00f6nnen wir auch Ausfl\u00fcge zu verschiedenen Zielen organisieren.<\/p>\n<div class=\"row\">\n<div class=\"col-12 col-md-6 col-lg-3\">\n        <figure id=\"attachment_90\" aria-describedby=\"caption-attachment-90\" style=\"width: 400px\" class=\"wp-caption aligncenter\"><img loading=\"lazy\" decoding=\"async\" src=\"https:\/\/taxiservicerethymno.gr\/wp-content\/uploads\/2016\/07\/kournas1.jpg\" alt=\"Kournas Lake\" width=\"400\" height=\"250\" class=\"size-full wp-image-90\" srcset=\"https:\/\/taxiservicerethymno.gr\/wp-content\/uploads\/2016\/07\/kournas1.jpg 400w, https:\/\/taxiservicerethymno.gr\/wp-content\/uploads\/2016\/07\/kournas1-300x188.jpg 300w\" sizes=\"auto, (max-width: 400px) 100vw, 400px\" \/><figcaption id=\"caption-attachment-90\" class=\"wp-caption-text\">Lake Kournas<\/figcaption><\/figure>\n    <\/div>\n<div class=\"col-12 col-md-6 col-lg-3\">\n        <figure id=\"attachment_91\" aria-describedby=\"caption-attachment-91\" style=\"width: 400px\" class=\"wp-caption aligncenter\"><img loading=\"lazy\" decoding=\"async\" src=\"https:\/\/taxiservicerethymno.gr\/wp-content\/uploads\/2016\/07\/preveli1.jpg\" alt=\"Preveli\" width=\"400\" height=\"250\" class=\"size-full wp-image-91\" srcset=\"https:\/\/taxiservicerethymno.gr\/wp-content\/uploads\/2016\/07\/preveli1.jpg 400w, https:\/\/taxiservicerethymno.gr\/wp-content\/uploads\/2016\/07\/preveli1-300x188.jpg 300w\" sizes=\"auto, (max-width: 400px) 100vw, 400px\" \/><figcaption id=\"caption-attachment-91\" class=\"wp-caption-text\">Preveli<\/figcaption><\/figure>\n    <\/div>\n<div class=\"col-12 col-md-6 col-lg-3\">\n        <figure id=\"attachment_92\" aria-describedby=\"caption-attachment-92\" style=\"width: 400px\" class=\"wp-caption aligncenter\"><img loading=\"lazy\" decoding=\"async\" src=\"https:\/\/taxiservicerethymno.gr\/wp-content\/uploads\/2016\/07\/plakias1.jpg\" alt=\"Plakias\" width=\"400\" height=\"250\" class=\"size-full wp-image-92\" srcset=\"https:\/\/taxiservicerethymno.gr\/wp-content\/uploads\/2016\/07\/plakias1.jpg 400w, https:\/\/taxiservicerethymno.gr\/wp-content\/uploads\/2016\/07\/plakias1-300x188.jpg 300w\" sizes=\"auto, (max-width: 400px) 100vw, 400px\" \/><figcaption id=\"caption-attachment-92\" class=\"wp-caption-text\">Plakias<\/figcaption><\/figure>\n    <\/div>\n<div class=\"col-12 col-md-6 col-lg-3\">\n        <figure id=\"attachment_93\" aria-describedby=\"caption-attachment-93\" style=\"width: 400px\" class=\"wp-caption aligncenter\"><img loading=\"lazy\" decoding=\"async\" src=\"https:\/\/taxiservicerethymno.gr\/wp-content\/uploads\/2023\/01\/kalypso.jpg\" alt=\"Kalypso\" width=\"400\" height=\"250\" class=\"size-full wp-image-93\" \/><figcaption id=\"caption-attachment-93\" class=\"wp-caption-text\">Kalypso<\/figcaption><\/figure>\n    <\/div>\n<\/div>\n<p><a href=\"https:\/\/taxiservicerethymno.gr\/de\/fahrten\/\">Sehen Sie hier einige der m\u00f6glichen Besichtigungstouren \u2192<\/a><\/p>\n<p>Unsere Touren werden immer in Absprache mit dem Kunden geplant, so dass Sie sich sicher sein k\u00f6nnen, dass Sie auf die beste Tour f\u00fcr Sie und zum bestm\u00f6glichen Preis gehen.<\/p>\n<p>Genie\u00dfen Sie Ihre Reise!<\/p>\n","protected":false},"excerpt":{"rendered":"<p>Wir haben eine au\u00dfergew\u00f6hnliche Gruppe professioneller Taxifahrer mit verl\u00e4sslichen Autos der gehobenen Klasse (Mercedes, Volvo, etc.) zusammengestellt, so dass wir unseren Kunden den besten Service bieten k\u00f6nnen. Unsere Fahrer fahren unsere Kunden zuverl\u00e4ssig und verantwortungsbewusst auf allen Strecken auf Kreta, zu und von den Flugh\u00e4fen (Chania &#8211; Heraklion) und zu und von den H\u00e4fen Kretas [&hellip;]<\/p>\n","protected":false},"author":1,"featured_media":0,"parent":0,"menu_order":0,"comment_status":"closed","ping_status":"closed","template":"","meta":{"_acf_changed":false,"footnotes":""},"class_list":["post-725","page","type-page","status-publish","hentry"],"acf":[],"_links":{"self":[{"href":"https:\/\/taxiservicerethymno.gr\/de\/wp-json\/wp\/v2\/pages\/725","targetHints":{"allow":["GET"]}}],"collection":[{"href":"https:\/\/taxiservicerethymno.gr\/de\/wp-json\/wp\/v2\/pages"}],"about":[{"href":"https:\/\/taxiservicerethymno.gr\/de\/wp-json\/wp\/v2\/types\/page"}],"author":[{"embeddable":true,"href":"https:\/\/taxiservicerethymno.gr\/de\/wp-json\/wp\/v2\/users\/1"}],"replies":[{"embeddable":true,"href":"https:\/\/taxiservicerethymno.gr\/de\/wp-json\/wp\/v2\/comments?post=725"}],"version-history":[{"count":0,"href":"https:\/\/taxiservicerethymno.gr\/de\/wp-json\/wp\/v2\/pages\/725\/revisions"}],"wp:attachment":[{"href":"https:\/\/taxiservicerethymno.gr\/de\/wp-json\/wp\/v2\/media?parent=725"}],"curies":[{"name":"wp","href":"https:\/\/api.w.org\/{rel}","templated":true}]}}