{"id":727,"date":"2016-08-14T21:31:16","date_gmt":"2016-08-14T18:31:16","guid":{"rendered":"http:\/\/taxiservicerethymno.gr\/de\/?page_id=727"},"modified":"2025-11-05T10:59:29","modified_gmt":"2025-11-05T08:59:29","slug":"service","status":"publish","type":"page","link":"https:\/\/taxiservicerethymno.gr\/de\/service\/","title":{"rendered":"Service"},"content":{"rendered":"<h2 class=\"h4 mt-4\">Information &#8211; Einrichtungen<\/h2>\n<ul>\n<li>Wi-Fi Netzwerk<\/li>\n<li>Wir stellen auf Anfrage Kindersitze gegen einen Aufpreis von 5 Euro zur Verf\u00fcgung.<\/li>\n<li>Der Fahrer wird auf Sie in der Ankunftshalle \r\n\t\t<a data-fslightbox href=\"https:\/\/taxiservicerethymno.gr\/wp-content\/uploads\/2016\/08\/airport_sign.jpg\">mit einem Namensschild warten<\/a>\r\n\t<\/li>\n<li>Alle unsere Taxis bieten Platz f\u00fcr 3 gro\u00dfe Koffer.<\/li>\n<li>Alle Taxis k\u00f6nnen bis zu 3 Passagiere aufnehmen (und wir werden keine Familien mit kleinen Kindern aufteilen)<\/li>\n<li>F\u00fcr Familien oder Gruppen bis zu vier Erwachsenen stellen wir gegen einen Aufpreis von 5 Euro einen Kombi zur Verf\u00fcgung. Bei viel Gep\u00e4ck ben\u00f6tigen wir einen Minivan, f\u00fcr den ein h\u00f6herer Aufpreis anf\u00e4llt.<\/li>\n<li>Nach Ihrer Buchung, werden wir diese best\u00e4tigen<\/li>\n<li>Wir kennen Ihre Ankunftszeit und werden auch auf Sie warten, sollte die Ankunft verz\u00f6gert sein<\/li>\n<li>48 Stunden vor Reisebeginn werden Sie zur Zahlung aufgefordert.<\/li>\n<li>Die Fahrtzeit vom Flughafen Chania nach Rethymno ist 1 Stunde und 15 Minuten<\/li>\n<li>Die Fahrtzeit vom Flughafen Heraklion nach Rethymno ist 1 Stunde und 15 Minuten<\/li>\n<li>Besichtigungstouren und Fahrten kosten EUR 50 pro Stunde. F\u00fcr Fahrten, die l\u00e4nger als 6 Stunden andauern, wird der Preis individuell abgesprochen.<\/li>\n<li>Wir machen keine Routen innerhalb der Stadt.<\/li>\n<li>Wir haben auch einen Minivan und einen Minibus und k\u00f6nnen bis zu 40 Personen bedienen. Der Preis wird auf Anfrage festgelegt.<\/li>\n<li>Z\u00f6gern Sie nicht, uns bei weiteren Fragen zu <a href=\"https:\/\/taxiservicerethymno.gr\/de\/kontakt\/\">kontaktieren<\/a><\/li>\n<p><!-- \n\n<li>[get_commission_message]<\/li>\n\n -->\n<\/ul>\n<hr>\n<p>Wir freuen uns, Sie hier willkommen zu hei\u00dfen und Sie mit der Gastfreundschaft zu empfangen, f\u00fcr die unsere Insel so bekannt ist!<\/p>\n<p>Wir w\u00fcnschen Ihnen eine gute Reise und hoffen, Sie bald wiederzusehen! <\/p>\n<hr>\n<div class=\"alert alert-primary mt-4\" role=\"alert\">\n<i class=\"fas fa-info-circle\"><\/i> Sie k\u00f6nnen unseren professionellen Taxifahrern vertrauen, die bereits hunderttausende Touristen in \u00fcber 40 Jahren unseres Gesch\u00e4fts gefahren haben.\n<\/div>\n<div class=\"row my-5 text-center\">\n<div class=\"col-12 col-md-6 mb-3\">\n<div class=\"fa-stack fa-3x main-color\">\n            <i class=\"far fa-circle fa-stack-2x\"><\/i><i class=\"fas fa-plane-departure fa-stack-1x\"><\/i>\n        <\/div>\n<h2 class=\"h4 mt-2\">Transfers &#8211; Taxis zum und vom Flughafen<\/h2>\n<\/p><\/div>\n<div class=\"col-12 col-md-6 mb-3\">\n<div class=\"fa-stack fa-3x main-color\">\n            <i class=\"far fa-circle fa-stack-2x\"><\/i><i class=\"fas fa-ship fa-stack-1x\"><\/i>\n        <\/div>\n<h2 class=\"h4 mt-2\">Transfers &#8211; Taxis zum und vom Hafen<\/h2>\n<\/p><\/div>\n<div class=\"col-12 col-md-6 mb-3\">\n<div class=\"fa-stack fa-3x main-color\">\n            <i class=\"far fa-circle fa-stack-2x\"><\/i><i class=\"fas fa-map-signs fa-stack-1x\"><\/i>\n        <\/div>\n<h2 class=\"h4 mt-2\">Private Touren von Rethymno aus<\/h2>\n<\/p><\/div>\n<div class=\"col-12 col-md-6 mb-3\">\n<div class=\"fa-stack fa-3x main-color\">\n            <i class=\"far fa-circle fa-stack-2x\"><\/i><i class=\"fas fa-map-marked fa-stack-1x\"><\/i>\n        <\/div>\n<h2 class=\"h4 mt-2\">Besichtigungstouren der Insel<\/h2>\n<\/p><\/div>\n<\/div>\n","protected":false},"excerpt":{"rendered":"<p>Information &#8211; Einrichtungen Wi-Fi Netzwerk Wir stellen auf Anfrage Kindersitze gegen einen Aufpreis von 5 Euro zur Verf\u00fcgung. Der Fahrer wird auf Sie in der Ankunftshalle Alle unsere Taxis bieten Platz f\u00fcr 3 gro\u00dfe Koffer. Alle Taxis k\u00f6nnen bis zu 3 Passagiere aufnehmen (und wir werden keine Familien mit kleinen Kindern aufteilen) F\u00fcr Familien oder [&hellip;]<\/p>\n","protected":false},"author":1,"featured_media":0,"parent":0,"menu_order":0,"comment_status":"closed","ping_status":"closed","template":"","meta":{"_acf_changed":false,"footnotes":""},"class_list":["post-727","page","type-page","status-publish","hentry"],"acf":[],"_links":{"self":[{"href":"https:\/\/taxiservicerethymno.gr\/de\/wp-json\/wp\/v2\/pages\/727","targetHints":{"allow":["GET"]}}],"collection":[{"href":"https:\/\/taxiservicerethymno.gr\/de\/wp-json\/wp\/v2\/pages"}],"about":[{"href":"https:\/\/taxiservicerethymno.gr\/de\/wp-json\/wp\/v2\/types\/page"}],"author":[{"embeddable":true,"href":"https:\/\/taxiservicerethymno.gr\/de\/wp-json\/wp\/v2\/users\/1"}],"replies":[{"embeddable":true,"href":"https:\/\/taxiservicerethymno.gr\/de\/wp-json\/wp\/v2\/comments?post=727"}],"version-history":[{"count":0,"href":"https:\/\/taxiservicerethymno.gr\/de\/wp-json\/wp\/v2\/pages\/727\/revisions"}],"wp:attachment":[{"href":"https:\/\/taxiservicerethymno.gr\/de\/wp-json\/wp\/v2\/media?parent=727"}],"curies":[{"name":"wp","href":"https:\/\/api.w.org\/{rel}","templated":true}]}}