{"id":19675,"date":"2023-01-29T11:33:33","date_gmt":"2023-01-29T09:33:33","guid":{"rendered":"https:\/\/taxiservicerethymno.local.gr\/?page_id=19675"},"modified":"2023-01-29T11:33:33","modified_gmt":"2023-01-29T09:33:33","slug":"preguntas-frecuentes","status":"publish","type":"page","link":"https:\/\/taxiservicerethymno.gr\/es\/preguntas-frecuentes\/","title":{"rendered":"Preguntas frecuentes"},"content":{"rendered":"\r\n                 <div class=\"accordion mb-5\" id=\"accordionFaq\">\r\n    \r\n        <div class=\"accordion-item\">\r\n            <h2 class=\"accordion-header\" id=\"heading1\">\r\n              <button class=\"accordion-button \" type=\"button\" data-bs-toggle=\"collapse\" data-bs-target=\"#collapse1\" aria-expanded=\"true\" aria-controls=\"collapse1\">\r\n                <span class=\"lead\">\u00bfCu\u00e1nto cuesta una ruta?<\/span>\r\n              <\/button>\r\n            <\/h2>\r\n            <div id=\"collapse1\" class=\"accordion-collapse collapse show\" aria-labelledby=\"heading1\" data-bs-parent=\"#accordionFaq\">\r\n              <div class=\"accordion-body\">\r\n                Tenemos una lista de precios completa para casi todas las rutas en Creta. Puede consultarlos aqu\u00ed: <a href=\"https:\/\/taxiservicerethymno.gr\/es\/desde-el-aeropuerto-de-hearklion\/\">desde el aeropuerto de Heraklion<\/a>, <a href=\"https:\/\/taxiservicerethymno.gr\/es\/desde-el-aeropuerto-de-chania\/\">desde el aeropuerto de Chania<\/a>, <a href=\"https:\/\/taxiservicerethymno.gr\/es\/desde-la-ciudad-de-rethymno\/\">desde la ciudad de Rethymno<\/a> y para hoteles populares de Creta. * Los precios son indicativos para una ruta de hasta 4 personas con equipaje de tama\u00f1o medio\r\n              <\/div>\r\n            <\/div>\r\n        <\/div>\r\n        \r\n        <div class=\"accordion-item\">\r\n            <h2 class=\"accordion-header\" id=\"heading2\">\r\n              <button class=\"accordion-button collapsed\" type=\"button\" data-bs-toggle=\"collapse\" data-bs-target=\"#collapse2\" aria-expanded=\"false\" aria-controls=\"collapse2\">\r\n                <span class=\"lead\">\u00bfC\u00f3mo puedo obtener mi oferta especial?<\/span>\r\n              <\/button>\r\n            <\/h2>\r\n            <div id=\"collapse2\" class=\"accordion-collapse collapse \" aria-labelledby=\"heading2\" data-bs-parent=\"#accordionFaq\">\r\n              <div class=\"accordion-body\">\r\n                Rellena el <a href=\"https:\/\/taxiservicerethymno.gr\/es\/contacto\/#booking-form\">formulario de reserva<\/a> con todos los datos (destino, fecha, hora, etc.). A\u00f1ade tambi\u00e9n en los comentarios que deseas recibir una oferta. A continuaci\u00f3n, le enviaremos su oferta con el mejor precio. Debes respondernos que est\u00e1s de acuerdo con el precio que te enviamos y as\u00ed confirmamos la reserva.\r\n              <\/div>\r\n            <\/div>\r\n        <\/div>\r\n        \r\n        <div class=\"accordion-item\">\r\n            <h2 class=\"accordion-header\" id=\"heading3\">\r\n              <button class=\"accordion-button collapsed\" type=\"button\" data-bs-toggle=\"collapse\" data-bs-target=\"#collapse3\" aria-expanded=\"false\" aria-controls=\"collapse3\">\r\n                <span class=\"lead\">\u00bfPuedo reservar mi regreso al mismo tiempo?<\/span>\r\n              <\/button>\r\n            <\/h2>\r\n            <div id=\"collapse3\" class=\"accordion-collapse collapse \" aria-labelledby=\"heading3\" data-bs-parent=\"#accordionFaq\">\r\n              <div class=\"accordion-body\">\r\n                Por supuesto. Hay un campo correspondiente en el <a href=\"https:\/\/taxiservicerethymno.gr\/es\/contacto\/#booking-form\">formulario de reserva<\/a>, donde si lo selecciona, tambi\u00e9n deber\u00e1 completar la informaci\u00f3n de devoluci\u00f3n. De esta manera, puede asegurar el precio de devoluci\u00f3n y evitar cualquier aumento de precio.\r\n              <\/div>\r\n            <\/div>\r\n        <\/div>\r\n        \r\n        <div class=\"accordion-item\">\r\n            <h2 class=\"accordion-header\" id=\"heading4\">\r\n              <button class=\"accordion-button collapsed\" type=\"button\" data-bs-toggle=\"collapse\" data-bs-target=\"#collapse4\" aria-expanded=\"false\" aria-controls=\"collapse4\">\r\n                <span class=\"lead\">\u00bfTengo que escribir todos los detalles?<\/span>\r\n              <\/button>\r\n            <\/h2>\r\n            <div id=\"collapse4\" class=\"accordion-collapse collapse \" aria-labelledby=\"heading4\" data-bs-parent=\"#accordionFaq\">\r\n              <div class=\"accordion-body\">\r\n                S\u00ed, debe completar todos los campos obligatorios en el formulario de reserva, para que obtengamos toda la informaci\u00f3n necesaria para poder ofrecerle el mejor precio y evitar errores y malentendidos.\r\n              <\/div>\r\n            <\/div>\r\n        <\/div>\r\n        \r\n        <div class=\"accordion-item\">\r\n            <h2 class=\"accordion-header\" id=\"heading5\">\r\n              <button class=\"accordion-button collapsed\" type=\"button\" data-bs-toggle=\"collapse\" data-bs-target=\"#collapse5\" aria-expanded=\"false\" aria-controls=\"collapse5\">\r\n                <span class=\"lead\">Somos 4 personas con maletas grandes, \u00bfnecesitamos un veh\u00edculo m\u00e1s grande?<\/span>\r\n              <\/button>\r\n            <\/h2>\r\n            <div id=\"collapse5\" class=\"accordion-collapse collapse \" aria-labelledby=\"heading5\" data-bs-parent=\"#accordionFaq\">\r\n              <div class=\"accordion-body\">\r\n                Probablemente si. Para este caso, inf\u00f3rmenos sobre las dimensiones de su equipaje, ya que nuestros veh\u00edculos taxi Mercedes tienen espacio para 4 maletas medianas. Si todas tus maletas son grandes, entonces tenemos que usar una minivan que es un poco m\u00e1s cara.\r\n              <\/div>\r\n            <\/div>\r\n        <\/div>\r\n        \r\n        <div class=\"accordion-item\">\r\n            <h2 class=\"accordion-header\" id=\"heading6\">\r\n              <button class=\"accordion-button collapsed\" type=\"button\" data-bs-toggle=\"collapse\" data-bs-target=\"#collapse6\" aria-expanded=\"false\" aria-controls=\"collapse6\">\r\n                <span class=\"lead\">Somos un grupo grande de personas. \u00bfPuedes servirnos?<\/span>\r\n              <\/button>\r\n            <\/h2>\r\n            <div id=\"collapse6\" class=\"accordion-collapse collapse \" aria-labelledby=\"heading6\" data-bs-parent=\"#accordionFaq\">\r\n              <div class=\"accordion-body\">\r\n                Disponemos de minivans y minibuses y podemos atender a grupos de hasta 20 personas.\r\n              <\/div>\r\n            <\/div>\r\n        <\/div>\r\n        \r\n        <div class=\"accordion-item\">\r\n            <h2 class=\"accordion-header\" id=\"heading7\">\r\n              <button class=\"accordion-button collapsed\" type=\"button\" data-bs-toggle=\"collapse\" data-bs-target=\"#collapse7\" aria-expanded=\"false\" aria-controls=\"collapse7\">\r\n                <span class=\"lead\">Mi vuelo llega despu\u00e9s de medianoche, \u00bfhay alg\u00fan cargo extra?<\/span>\r\n              <\/button>\r\n            <\/h2>\r\n            <div id=\"collapse7\" class=\"accordion-collapse collapse \" aria-labelledby=\"heading7\" data-bs-parent=\"#accordionFaq\">\r\n              <div class=\"accordion-body\">\r\n                S\u00ed. Para llegadas y salidas de 00.00 a 05.00 de la ma\u00f1ana, habr\u00e1 un cargo adicional del 10%.\r\n              <\/div>\r\n            <\/div>\r\n        <\/div>\r\n        \r\n        <div class=\"accordion-item\">\r\n            <h2 class=\"accordion-header\" id=\"heading8\">\r\n              <button class=\"accordion-button collapsed\" type=\"button\" data-bs-toggle=\"collapse\" data-bs-target=\"#collapse8\" aria-expanded=\"false\" aria-controls=\"collapse8\">\r\n                <span class=\"lead\">\u00bfOfrecen tours por Creta?<\/span>\r\n              <\/button>\r\n            <\/h2>\r\n            <div id=\"collapse8\" class=\"accordion-collapse collapse \" aria-labelledby=\"heading8\" data-bs-parent=\"#accordionFaq\">\r\n              <div class=\"accordion-body\">\r\n                Aunque no somos una agencia de turismo, tenemos una lista de tours que podemos atender. <a href=\"https:\/\/taxiservicerethymno.gr\/es\/excursiones\/\">Encuentra los tours disponibles aqu\u00ed<\/a>.\r\n              <\/div>\r\n            <\/div>\r\n        <\/div>\r\n        \r\n        <div class=\"accordion-item\">\r\n            <h2 class=\"accordion-header\" id=\"heading9\">\r\n              <button class=\"accordion-button collapsed\" type=\"button\" data-bs-toggle=\"collapse\" data-bs-target=\"#collapse9\" aria-expanded=\"false\" aria-controls=\"collapse9\">\r\n                <span class=\"lead\">\u00bfCu\u00e1l es el procedimiento de reserva?<\/span>\r\n              <\/button>\r\n            <\/h2>\r\n            <div id=\"collapse9\" class=\"accordion-collapse collapse \" aria-labelledby=\"heading9\" data-bs-parent=\"#accordionFaq\">\r\n              <div class=\"accordion-body\">\r\n                Despu\u00e9s de completar el <a href=\"https:\/\/taxiservicerethymno.gr\/es\/contacto\/#booking-form\">formulario de reserva<\/a>, recibir\u00e1s de nosotros el mejor precio.. Tenga cuidado al ingresar su tel\u00e9fono m\u00f3vil, ya que si es necesario, el n\u00famero de tel\u00e9fono se confirmar\u00e1 a trav\u00e9s de SMS.\r\n              <\/div>\r\n            <\/div>\r\n        <\/div>\r\n        \r\n        <div class=\"accordion-item\">\r\n            <h2 class=\"accordion-header\" id=\"heading10\">\r\n              <button class=\"accordion-button collapsed\" type=\"button\" data-bs-toggle=\"collapse\" data-bs-target=\"#collapse10\" aria-expanded=\"false\" aria-controls=\"collapse10\">\r\n                <span class=\"lead\">\u00bfSe me notificar\u00e1 sobre mi reserva antes de mi llegada a Creta?<\/span>\r\n              <\/button>\r\n            <\/h2>\r\n            <div id=\"collapse10\" class=\"accordion-collapse collapse \" aria-labelledby=\"heading10\" data-bs-parent=\"#accordionFaq\">\r\n              <div class=\"accordion-body\">\r\n                24 horas antes de su viaje, le enviaremos un mensaje (email o sms) para confirmar su llegada. <strong><em><u>ATENCI\u00d3N: Es necesario que nos responda con una simple confirmaci\u00f3n. Si no recibimos la confirmaci\u00f3n, existe la posibilidad de que el veh\u00edculo no venga a recogerte<\/u><\/em><\/strong>.\r\n              <\/div>\r\n            <\/div>\r\n        <\/div>\r\n        \r\n        <div class=\"accordion-item\">\r\n            <h2 class=\"accordion-header\" id=\"heading11\">\r\n              <button class=\"accordion-button collapsed\" type=\"button\" data-bs-toggle=\"collapse\" data-bs-target=\"#collapse11\" aria-expanded=\"false\" aria-controls=\"collapse11\">\r\n                <span class=\"lead\">\u00bfSe me notificar\u00e1 sobre mi reserva de salida?<\/span>\r\n              <\/button>\r\n            <\/h2>\r\n            <div id=\"collapse11\" class=\"accordion-collapse collapse \" aria-labelledby=\"heading11\" data-bs-parent=\"#accordionFaq\">\r\n              <div class=\"accordion-body\">\r\n                Le responderemos en breve con el precio y todos los detalles. A continuaci\u00f3n, debe respondernos si est\u00e1 de acuerdo con el precio para finalizar su reserva.\r\n              <\/div>\r\n            <\/div>\r\n        <\/div>\r\n        \r\n                <\/div>\n","protected":false},"excerpt":{"rendered":"","protected":false},"author":1,"featured_media":0,"parent":0,"menu_order":0,"comment_status":"closed","ping_status":"closed","template":"page-nosidebar.php","meta":{"_acf_changed":false,"footnotes":""},"class_list":["post-19675","page","type-page","status-publish","hentry"],"acf":[],"_links":{"self":[{"href":"https:\/\/taxiservicerethymno.gr\/es\/wp-json\/wp\/v2\/pages\/19675","targetHints":{"allow":["GET"]}}],"collection":[{"href":"https:\/\/taxiservicerethymno.gr\/es\/wp-json\/wp\/v2\/pages"}],"about":[{"href":"https:\/\/taxiservicerethymno.gr\/es\/wp-json\/wp\/v2\/types\/page"}],"author":[{"embeddable":true,"href":"https:\/\/taxiservicerethymno.gr\/es\/wp-json\/wp\/v2\/users\/1"}],"replies":[{"embeddable":true,"href":"https:\/\/taxiservicerethymno.gr\/es\/wp-json\/wp\/v2\/comments?post=19675"}],"version-history":[{"count":0,"href":"https:\/\/taxiservicerethymno.gr\/es\/wp-json\/wp\/v2\/pages\/19675\/revisions"}],"wp:attachment":[{"href":"https:\/\/taxiservicerethymno.gr\/es\/wp-json\/wp\/v2\/media?parent=19675"}],"curies":[{"name":"wp","href":"https:\/\/api.w.org\/{rel}","templated":true}]}}