{"id":9175,"date":"2019-11-16T08:34:50","date_gmt":"2019-11-16T06:34:50","guid":{"rendered":"https:\/\/taxiservicerethymno.gr\/?page_id=9175"},"modified":"2025-11-05T11:06:10","modified_gmt":"2025-11-05T09:06:10","slug":"servicios","status":"publish","type":"page","link":"https:\/\/taxiservicerethymno.gr\/es\/servicios\/","title":{"rendered":"Servicios"},"content":{"rendered":"<h2 class=\"h4 mt-4\">Informaci\u00f3n \u2013 Servicios<\/h2>\n<ul>\n<li>Red inal\u00e1mbrica Wi-Fi<\/li>\n<li>Proporcionamos asientos para ni\u00f1os o beb\u00e9s a pedido, con un cargo adicional de 5 euros.<\/li>\n<li>El chofer estar\u00e1 esperando en la sala de llegadas \r\n\t\t<a data-fslightbox href=\"https:\/\/taxiservicerethymno.gr\/wp-content\/uploads\/2016\/08\/airport_sign.jpg\">con un cartel con su nombre<\/a>\r\n\t<\/li>\n<li>Todos nuestros taxis tienen espacio para 3 maletas grandes<\/li>\n<li>Todos nuestros taxis pueden llevar hasta 3 pasajeros (sin embargo, no dividimos familias con ni\u00f1os peque\u00f1os)<\/li>\n<li>Si sois una familia o 4 adultos, os enviaremos el coche familiar con un suplemento de 5 euros. Si llev\u00e1is mucho equipaje, tendremos que enviaros una furgoneta con un coste mayor.<\/li>\n<li>Despu\u00e9s de que realice su reserva, nos comunicaremos con usted para confirmar<\/li>\n<li>Conocemos su hora de llegada y lo esperaremos incluso si su vuelo, etc. se retrasa<\/li>\n<li>Se le solicitar\u00e1 el pago 48 horas antes del itinerario.<\/li>\n<li>El tiempo de viaje desde el aeropuerto de Chania a Rethymno es de 1 hora y 15 minutos.<\/li>\n<li>El tiempo de viaje desde el aeropuerto de Heraklion a Rethymno es de 1 hora y 15 minutos.<\/li>\n<li>El costo de las excursiones y tours es de 50 euros por hora. Para viajes y tours de m\u00e1s de 6 horas, se acordar\u00e1 un precio especial<\/li>\n<li>No hacemos rutas dentro de la ciudad.<\/li>\n<li>Tambi\u00e9n disponemos de minivan y minib\u00fas y podemos atender hasta 40 personas. El precio se determinar\u00e1 previa solicitud.<\/li>\n<li>Si tiene m\u00e1s preguntas, no dude en contactarnos <a href=\"https:\/\/taxiservicerethymno.gr\/es\/contacto\/\">en contactarnos<\/a><\/li>\n<p><!-- \n\n<li>[get_commission_message]<\/li>\n\n -->\n<\/ul>\n<hr>\n<p>Estaremos encantados de darle la bienvenida y atenderlo con la gran hospitalidad que caracteriza a los habitantes de la isla.<\/p>\n<p>\u00a1Le deseamos un buen viaje y esperamos volver a verlo pronto!<\/p>\n<hr>\n<div class=\"alert alert-primary mt-4\" role=\"alert\">\n<i class=\"fas fa-info-circle\"><\/i> Usted puede confiar siempre en nuestros taxistas profesionales que han trasladado a cientos de miles de turistas en nuestros 35 a\u00f1os de operaci\u00f3n\n<\/div>\n<div class=\"row my-5 text-center\">\n<div class=\"col-12 col-md-6 mb-3\">\n<div class=\"fa-stack fa-3x main-color\">\n            <i class=\"far fa-circle fa-stack-2x\"><\/i><i class=\"fas fa-plane-departure fa-stack-1x\"><\/i>\n        <\/div>\n<h2 class=\"h4 mt-2\">Traslados &#8211; Taxis desde y hacia los aeropuertos<\/h2>\n<\/p><\/div>\n<div class=\"col-12 col-md-6 mb-3\">\n<div class=\"fa-stack fa-3x main-color\">\n            <i class=\"far fa-circle fa-stack-2x\"><\/i><i class=\"fas fa-ship fa-stack-1x\"><\/i>\n        <\/div>\n<h2 class=\"h4 mt-2\">Traslados &#8211; Taxis desde y hacia los puertos<\/h2>\n<\/p><\/div>\n<div class=\"col-12 col-md-6 mb-3\">\n<div class=\"fa-stack fa-3x main-color\">\n            <i class=\"far fa-circle fa-stack-2x\"><\/i><i class=\"fas fa-map-signs fa-stack-1x\"><\/i>\n        <\/div>\n<h2 class=\"h4 mt-2\">Tours privados desde la sede ubicada en Rethymno<\/h2>\n<\/p><\/div>\n<div class=\"col-12 col-md-6 mb-3\">\n<div class=\"fa-stack fa-3x main-color\">\n            <i class=\"far fa-circle fa-stack-2x\"><\/i><i class=\"fas fa-map-marked fa-stack-1x\"><\/i>\n        <\/div>\n<h2 class=\"h4 mt-2\">Visitas tur\u00edsticas guiadas en la isla<\/h2>\n<\/p><\/div>\n<\/div>\n","protected":false},"excerpt":{"rendered":"<p>Informaci\u00f3n \u2013 Servicios Red inal\u00e1mbrica Wi-Fi Proporcionamos asientos para ni\u00f1os o beb\u00e9s a pedido, con un cargo adicional de 5 euros. El chofer estar\u00e1 esperando en la sala de llegadas Todos nuestros taxis tienen espacio para 3 maletas grandes Todos nuestros taxis pueden llevar hasta 3 pasajeros (sin embargo, no dividimos familias con ni\u00f1os peque\u00f1os) [&hellip;]<\/p>\n","protected":false},"author":1,"featured_media":0,"parent":0,"menu_order":0,"comment_status":"closed","ping_status":"closed","template":"","meta":{"_acf_changed":false,"footnotes":""},"class_list":["post-9175","page","type-page","status-publish","hentry"],"acf":[],"_links":{"self":[{"href":"https:\/\/taxiservicerethymno.gr\/es\/wp-json\/wp\/v2\/pages\/9175","targetHints":{"allow":["GET"]}}],"collection":[{"href":"https:\/\/taxiservicerethymno.gr\/es\/wp-json\/wp\/v2\/pages"}],"about":[{"href":"https:\/\/taxiservicerethymno.gr\/es\/wp-json\/wp\/v2\/types\/page"}],"author":[{"embeddable":true,"href":"https:\/\/taxiservicerethymno.gr\/es\/wp-json\/wp\/v2\/users\/1"}],"replies":[{"embeddable":true,"href":"https:\/\/taxiservicerethymno.gr\/es\/wp-json\/wp\/v2\/comments?post=9175"}],"version-history":[{"count":0,"href":"https:\/\/taxiservicerethymno.gr\/es\/wp-json\/wp\/v2\/pages\/9175\/revisions"}],"wp:attachment":[{"href":"https:\/\/taxiservicerethymno.gr\/es\/wp-json\/wp\/v2\/media?parent=9175"}],"curies":[{"name":"wp","href":"https:\/\/api.w.org\/{rel}","templated":true}]}}