{"id":9182,"date":"2019-11-16T08:59:47","date_gmt":"2019-11-16T06:59:47","guid":{"rendered":"https:\/\/taxiservicerethymno.gr\/?page_id=9182"},"modified":"2023-01-29T11:28:02","modified_gmt":"2023-01-29T09:28:02","slug":"clientes-felices","status":"publish","type":"page","link":"https:\/\/taxiservicerethymno.gr\/es\/clientes-felices\/","title":{"rendered":"Clientes Felices"},"content":{"rendered":"\r\n        <div class=\"row row-cols-1 row-cols-md-3\">\r\n            \r\n            <div class=\"mb-3 mb-md-0\">\r\n                <figure>\r\n                  <blockquote class=\"blockquote\">\r\n                    <div class=\"h5 fw-bold\"><i class=\"fas fa-quote-left fa-2x\"><\/i> Buen servicio de taxi<\/div>\r\n                    <p class=\"fs-6 border-start border-3 ps-3\">Las dos veces que usamos sus servicios fueron muy puntuales y amables. Destacar la facilidad para hacer las reservas. Lo recomiendo para los desplazamientos aeropuerto o puerto al hotel y viceversa.<\/p>\r\n                  <\/blockquote>\r\n                  <figcaption class=\"blockquote-footer pt-2\">\r\n                    India J<br> <cite title=\"Source\"><a href=\"https:\/\/www.tripadvisor.com.gr\/Profile\/491indiaj\" target=\"_blank\" rel=\"noopener noreferrer\">a review from tripadvisor<\/a><\/cite>\r\n                  <\/figcaption>\r\n                <\/figure>\r\n            <\/div>\r\n            <div class=\"mb-3 mb-md-0\">\r\n                <figure>\r\n                  <blockquote class=\"blockquote\">\r\n                    <div class=\"h5 fw-bold\"><i class=\"fas fa-quote-left fa-2x\"><\/i> \u00a1Servicio inmejorable!<\/div>\r\n                    <p class=\"fs-6 border-start border-3 ps-3\">Muy recomendable, puntual, educado y servicial.\r\nTanto el viaje del aeropuerto de Heraklion a Rethymno como el viaje de Rethymno al puerto de Heraklion fueron inmejorables.<\/p>\r\n                  <\/blockquote>\r\n                  <figcaption class=\"blockquote-footer pt-2\">\r\n                    Li<br> <cite title=\"Source\"><a href=\"https:\/\/www.tripadvisor.com.gr\/Profile\/liliig4\" target=\"_blank\" rel=\"noopener noreferrer\">a review from tripadvisor<\/a><\/cite>\r\n                  <\/figcaption>\r\n                <\/figure>\r\n            <\/div>\r\n            <div class=\"mb-3 mb-md-0\">\r\n                <figure>\r\n                  <blockquote class=\"blockquote\">\r\n                    <div class=\"h5 fw-bold\"><i class=\"fas fa-quote-left fa-2x\"><\/i> Un servicio de 10<\/div>\r\n                    <p class=\"fs-6 border-start border-3 ps-3\">Alquilamos un taxi de Retino hasta el sur de la isla, Horas Sfakion y todo fue perfecto. Puntualidad m\u00e1xima, confort en un mercedes con AC y un conductor super agradable para amenizarnos el viaje.\r\n\r\nEncantados con el servicio<\/p>\r\n                  <\/blockquote>\r\n                  <figcaption class=\"blockquote-footer pt-2\">\r\n                    Victor<br> <cite title=\"Source\"><a href=\"https:\/\/www.tripadvisor.com.gr\/Profile\/Viti92\" target=\"_blank\" rel=\"noopener noreferrer\">a review from tripadvisor<\/a><\/cite>\r\n                  <\/figcaption>\r\n                <\/figure>\r\n            <\/div>\r\n            <div class=\"mb-3 mb-md-0\">\r\n                <figure>\r\n                  <blockquote class=\"blockquote\">\r\n                    <div class=\"h5 fw-bold\"><i class=\"fas fa-quote-left fa-2x\"><\/i> Genial servicio de Taxi y m\u00e1s&#8230;<\/div>\r\n                    <p class=\"fs-6 border-start border-3 ps-3\">Necesite los servicios de Stravos para dos viajes largos en Creta, y cabe destacar su profesionalidad, puntualidad y buenos precios.\r\nNo s\u00f3lo nos di\u00f3 el servicio de transporte, sino qu\u00e9 pr\u00e1cticamente hacia de gu\u00eda cont\u00e1ndonos datos curiosos de todos los puntos por donde pasabamos.\r\nLa conducci\u00f3n totalmente segura a\u00fan por carreteras no muy bien acondicionadas\r\nMuchas gracias!!\r\nLuc\u00eda.<\/p>\r\n                  <\/blockquote>\r\n                  <figcaption class=\"blockquote-footer pt-2\">\r\n                    Inuest wrote a review Sep 2020 Madrid, Spain<br> <cite title=\"Source\"><a href=\"https:\/\/www.tripadvisor.com\/ShowUserReviews-g189421-d8673688-r770462270-Taxi_Service_Rethymno-Rethymnon_Rethymnon_Prefecture_Crete.html?m=19905\" target=\"_blank\" rel=\"noopener noreferrer\">a review from tripadvisor<\/a><\/cite>\r\n                  <\/figcaption>\r\n                <\/figure>\r\n            <\/div>\r\n            <div class=\"mb-3 mb-md-0\">\r\n                <figure>\r\n                  <blockquote class=\"blockquote\">\r\n                    <div class=\"h5 fw-bold\"><i class=\"fas fa-quote-left fa-2x\"><\/i> Airport transfer to Chania-Rethymnon<\/div>\r\n                    <p class=\"fs-6 border-start border-3 ps-3\">I booked the airport transfer in advance online. The booking confirmation came in an email and the ride was as expected waiting at night, when the plane arrived. Same with the return trip. Wonderful, friendly people and polite service. The price is also cheaper than in Chania taxis. I highly recommend! Thanks Stavros!<\/p>\r\n                  <\/blockquote>\r\n                  <figcaption class=\"blockquote-footer pt-2\">\r\n                    Studiolume K  Orihuela Costa, Spain<br> <cite title=\"Source\"><a href=\"https:\/\/www.tripadvisor.com\/ShowUserReviews-g189421-d8673688-r600614073-Taxi_Service_Rethymno-Rethymnon_Rethymnon_Prefecture_Crete.html?m=19905\" target=\"_blank\" rel=\"noopener noreferrer\">a review from tripadvisor<\/a><\/cite>\r\n                  <\/figcaption>\r\n                <\/figure>\r\n            <\/div>\r\n            <div class=\"mb-3 mb-md-0\">\r\n                <figure>\r\n                  <blockquote class=\"blockquote\">\r\n                    <div class=\"h5 fw-bold\"><i class=\"fas fa-quote-left fa-2x\"><\/i> Excursion 1<\/div>\r\n                    <p class=\"fs-6 border-start border-3 ps-3\">Nice driver and travel. Very good. Friendly and positive. Recommend to everybody. All the best to you guys.<\/p>\r\n                  <\/blockquote>\r\n                  <figcaption class=\"blockquote-footer pt-2\">\r\n                    prospekt123  Guatemala City, Guatemala<br> <cite title=\"Source\"><a href=\"https:\/\/www.tripadvisor.com\/ShowUserReviews-g189421-d8673688-r531633239-Taxi_Service_Rethymno-Rethymnon_Rethymnon_Prefecture_Crete.html?m=19905\" target=\"_blank\" rel=\"noopener noreferrer\">a review from tripadvisor<\/a><\/cite>\r\n                  <\/figcaption>\r\n                <\/figure>\r\n            <\/div> \r\n        <\/div>\r\n    \n","protected":false},"excerpt":{"rendered":"","protected":false},"author":1,"featured_media":0,"parent":0,"menu_order":0,"comment_status":"closed","ping_status":"closed","template":"page-nosidebar.php","meta":{"_acf_changed":false,"footnotes":""},"class_list":["post-9182","page","type-page","status-publish","hentry"],"acf":[],"_links":{"self":[{"href":"https:\/\/taxiservicerethymno.gr\/es\/wp-json\/wp\/v2\/pages\/9182","targetHints":{"allow":["GET"]}}],"collection":[{"href":"https:\/\/taxiservicerethymno.gr\/es\/wp-json\/wp\/v2\/pages"}],"about":[{"href":"https:\/\/taxiservicerethymno.gr\/es\/wp-json\/wp\/v2\/types\/page"}],"author":[{"embeddable":true,"href":"https:\/\/taxiservicerethymno.gr\/es\/wp-json\/wp\/v2\/users\/1"}],"replies":[{"embeddable":true,"href":"https:\/\/taxiservicerethymno.gr\/es\/wp-json\/wp\/v2\/comments?post=9182"}],"version-history":[{"count":0,"href":"https:\/\/taxiservicerethymno.gr\/es\/wp-json\/wp\/v2\/pages\/9182\/revisions"}],"wp:attachment":[{"href":"https:\/\/taxiservicerethymno.gr\/es\/wp-json\/wp\/v2\/media?parent=9182"}],"curies":[{"name":"wp","href":"https:\/\/api.w.org\/{rel}","templated":true}]}}