{"id":2601,"date":"2018-05-10T08:57:03","date_gmt":"2018-05-10T05:57:03","guid":{"rendered":"https:\/\/taxiservicerethymno.gr\/?page_id=2601"},"modified":"2024-02-10T10:03:15","modified_gmt":"2024-02-10T08:03:15","slug":"profiili","status":"publish","type":"page","link":"https:\/\/taxiservicerethymno.gr\/fi\/profiili\/","title":{"rendered":"Profiili"},"content":{"rendered":"<p>Ker\u00e4simme yhteen poikkeuksellisen ammattitaitoisia taksinkuljettajia ja heid\u00e4n luotettavat, ylelliset ajokkinsa (Mercedes, Volvo jne.), jotta voimme tarjota asiakkaillemme ensiluokkaista palvelua. Kuljettajamme kyyditsev\u00e4t asiakkaat vastuullisesti ja luotettavasti eri puolille Kreetaa, lentokentille\/lentokentilt\u00e4 (Hania \u2013 Iraklion) sek\u00e4 kaikkiin Kreetan satamiin\/satamista (Kissamos, Souda, Rethymnon, Iraklion ja Agios Nikolaos).<\/p>\n<div class=\"alert alert-primary\" role=\"alert\">\n<p><i class=\"fas fa-info-circle\"><\/i> Tiimill\u00e4mme ei ole mit\u00e4\u00e4n tekemist\u00e4 persoonallisten monikansallisten siirtoyritysten kanssa, se on paikallinen yritys ja rahasi auttavat Rethymnonin yhteis\u00f6\u00e4.<\/p>\n<p><i class=\"fas fa-info-circle\"><\/i> Meill\u00e4 ei ole kolmansien osapuolien tai v\u00e4litt\u00e4jien alustoja. Keskustelet suoraan paikallisen yrityksemme kanssa (Taxi Service Rethymno).<\/p>\n<\/div>\n<p>Voimme my\u00f6s j\u00e4rjest\u00e4\u00e4 retki\u00e4 eri kohteisiin tukikohtastamme Rethymnonissa.<\/p>\n<div class=\"row\">\n<div class=\"col-12 col-md-6 col-lg-3\">\n        <figure id=\"attachment_90\" aria-describedby=\"caption-attachment-90\" style=\"width: 400px\" class=\"wp-caption aligncenter\"><img loading=\"lazy\" decoding=\"async\" src=\"https:\/\/taxiservicerethymno.gr\/wp-content\/uploads\/2016\/07\/kournas1.jpg\" alt=\"Kournas Lake\" width=\"400\" height=\"250\" class=\"size-full wp-image-90\" srcset=\"https:\/\/taxiservicerethymno.gr\/wp-content\/uploads\/2016\/07\/kournas1.jpg 400w, https:\/\/taxiservicerethymno.gr\/wp-content\/uploads\/2016\/07\/kournas1-300x188.jpg 300w\" sizes=\"auto, (max-width: 400px) 100vw, 400px\" \/><figcaption id=\"caption-attachment-90\" class=\"wp-caption-text\">Kournas-j\u00e4rvi<\/figcaption><\/figure>\n    <\/div>\n<div class=\"col-12 col-md-6 col-lg-3\">\n        <figure id=\"attachment_91\" aria-describedby=\"caption-attachment-91\" style=\"width: 400px\" class=\"wp-caption aligncenter\"><img loading=\"lazy\" decoding=\"async\" src=\"https:\/\/taxiservicerethymno.gr\/wp-content\/uploads\/2016\/07\/preveli1.jpg\" alt=\"Preveli\" width=\"400\" height=\"250\" class=\"size-full wp-image-91\" srcset=\"https:\/\/taxiservicerethymno.gr\/wp-content\/uploads\/2016\/07\/preveli1.jpg 400w, https:\/\/taxiservicerethymno.gr\/wp-content\/uploads\/2016\/07\/preveli1-300x188.jpg 300w\" sizes=\"auto, (max-width: 400px) 100vw, 400px\" \/><figcaption id=\"caption-attachment-91\" class=\"wp-caption-text\">Preveli<\/figcaption><\/figure>\n    <\/div>\n<div class=\"col-12 col-md-6 col-lg-3\">\n        <figure id=\"attachment_92\" aria-describedby=\"caption-attachment-92\" style=\"width: 400px\" class=\"wp-caption aligncenter\"><img loading=\"lazy\" decoding=\"async\" src=\"https:\/\/taxiservicerethymno.gr\/wp-content\/uploads\/2016\/07\/plakias1.jpg\" alt=\"Plakias\" width=\"400\" height=\"250\" class=\"size-full wp-image-92\" srcset=\"https:\/\/taxiservicerethymno.gr\/wp-content\/uploads\/2016\/07\/plakias1.jpg 400w, https:\/\/taxiservicerethymno.gr\/wp-content\/uploads\/2016\/07\/plakias1-300x188.jpg 300w\" sizes=\"auto, (max-width: 400px) 100vw, 400px\" \/><figcaption id=\"caption-attachment-92\" class=\"wp-caption-text\">Plakias<\/figcaption><\/figure>\n    <\/div>\n<div class=\"col-12 col-md-6 col-lg-3\">\n        <figure id=\"attachment_93\" aria-describedby=\"caption-attachment-93\" style=\"width: 400px\" class=\"wp-caption aligncenter\"><img loading=\"lazy\" decoding=\"async\" src=\"https:\/\/taxiservicerethymno.gr\/wp-content\/uploads\/2023\/01\/kalypso.jpg\" alt=\"Kalypso\" width=\"400\" height=\"250\" class=\"size-full wp-image-93\" \/><figcaption id=\"caption-attachment-93\" class=\"wp-caption-text\">Kalypso<\/figcaption><\/figure>\n    <\/div>\n<\/div>\n<p><a href=\"https:\/\/taxiservicerethymno.gr\/fi\/retket-ja-kiertoajelut\/\">Katso retkisuosituksia \u2192<\/a><\/p>\n<p>Suunnittelemme retket ja kiertoajelut aina yhteisty\u00f6ss\u00e4 asiakkaan kanssa, jotta t\u00e4m\u00e4 voi olla varma p\u00e4\u00e4sev\u00e4ns\u00e4 nauttimaan juuri itselleen mieluisasta retkest\u00e4, ja viel\u00e4p\u00e4 parhaaseen hintaan.<\/p>\n<p>Toivotamme mukavaa matkaa! <\/p>\n","protected":false},"excerpt":{"rendered":"<p>Ker\u00e4simme yhteen poikkeuksellisen ammattitaitoisia taksinkuljettajia ja heid\u00e4n luotettavat, ylelliset ajokkinsa (Mercedes, Volvo jne.), jotta voimme tarjota asiakkaillemme ensiluokkaista palvelua. Kuljettajamme kyyditsev\u00e4t asiakkaat vastuullisesti ja luotettavasti eri puolille Kreetaa, lentokentille\/lentokentilt\u00e4 (Hania \u2013 Iraklion) sek\u00e4 kaikkiin Kreetan satamiin\/satamista (Kissamos, Souda, Rethymnon, Iraklion ja Agios Nikolaos). Tiimill\u00e4mme ei ole mit\u00e4\u00e4n tekemist\u00e4 persoonallisten monikansallisten siirtoyritysten kanssa, se on paikallinen [&hellip;]<\/p>\n","protected":false},"author":1,"featured_media":0,"parent":0,"menu_order":0,"comment_status":"closed","ping_status":"closed","template":"","meta":{"_acf_changed":false,"footnotes":""},"class_list":["post-2601","page","type-page","status-publish","hentry"],"acf":[],"_links":{"self":[{"href":"https:\/\/taxiservicerethymno.gr\/fi\/wp-json\/wp\/v2\/pages\/2601","targetHints":{"allow":["GET"]}}],"collection":[{"href":"https:\/\/taxiservicerethymno.gr\/fi\/wp-json\/wp\/v2\/pages"}],"about":[{"href":"https:\/\/taxiservicerethymno.gr\/fi\/wp-json\/wp\/v2\/types\/page"}],"author":[{"embeddable":true,"href":"https:\/\/taxiservicerethymno.gr\/fi\/wp-json\/wp\/v2\/users\/1"}],"replies":[{"embeddable":true,"href":"https:\/\/taxiservicerethymno.gr\/fi\/wp-json\/wp\/v2\/comments?post=2601"}],"version-history":[{"count":0,"href":"https:\/\/taxiservicerethymno.gr\/fi\/wp-json\/wp\/v2\/pages\/2601\/revisions"}],"wp:attachment":[{"href":"https:\/\/taxiservicerethymno.gr\/fi\/wp-json\/wp\/v2\/media?parent=2601"}],"curies":[{"name":"wp","href":"https:\/\/api.w.org\/{rel}","templated":true}]}}