{"id":1502,"date":"2017-02-13T09:53:11","date_gmt":"2017-02-13T07:53:11","guid":{"rendered":"http:\/\/taxiservicerethymno.gr\/?page_id=1502\/"},"modified":"2023-01-21T17:34:42","modified_gmt":"2023-01-21T15:34:42","slug":"clients-heureux","status":"publish","type":"page","link":"https:\/\/taxiservicerethymno.gr\/fr\/clients-heureux\/","title":{"rendered":"Clients heureux"},"content":{"rendered":"\r\n        <div class=\"row row-cols-1 row-cols-md-3\">\r\n            \r\n            <div class=\"mb-3 mb-md-0\">\r\n                <figure>\r\n                  <blockquote class=\"blockquote\">\r\n                    <div class=\"h5 fw-bold\"><i class=\"fas fa-quote-left fa-2x\"><\/i> Super<\/div>\r\n                    <p class=\"fs-6 border-start border-3 ps-3\">Service rapide et peu couteux ! Les prix sont les m\u00eames qu'il y a 5 ans !!! ce n'est pas comme en France...<\/p>\r\n                  <\/blockquote>\r\n                  <figcaption class=\"blockquote-footer pt-2\">\r\n                    Eric H  Amiens, France<br> <cite title=\"Source\"><a href=\"https:\/\/www.tripadvisor.com\/ShowUserReviews-g189421-d8673688-r679632969-Taxi_Service_Rethymno-Rethymnon_Rethymnon_Prefecture_Crete.html?m=19905\" target=\"_blank\" rel=\"noopener noreferrer\">a review from tripadvisor<\/a><\/cite>\r\n                  <\/figcaption>\r\n                <\/figure>\r\n            <\/div>\r\n            <div class=\"mb-3 mb-md-0\">\r\n                <figure>\r\n                  <blockquote class=\"blockquote\">\r\n                    <div class=\"h5 fw-bold\"><i class=\"fas fa-quote-left fa-2x\"><\/i> Excursion autour de Rethymnon<\/div>\r\n                    <p class=\"fs-6 border-start border-3 ps-3\">Merci \u00e0 Stavros pour sa gentillesse tout au long de notre excursion \u00e0 la d\u00e9couverte des environs de Rethymnon (Argyroupoli, p\u00e9dalo au lac Kournas, Giorgioupoli) ! Il nous a fait partager sa connaissance des lieux avec g\u00e9n\u00e9rosit\u00e9 et bonne humeur. Une belle excursion que nous recommandons<\/p>\r\n                  <\/blockquote>\r\n                  <figcaption class=\"blockquote-footer pt-2\">\r\n                    El\u00e9onore S<br> <cite title=\"Source\"><a href=\"https:\/\/www.tripadvisor.com.gr\/ShowUserReviews-g189421-d8673688-r476829983-Taxi_Service_Rethymno-Rethymnon_Rethymnon_Prefecture_Crete.html?m=19905\" target=\"_blank\" rel=\"noopener noreferrer\">a review from tripadvisor<\/a><\/cite>\r\n                  <\/figcaption>\r\n                <\/figure>\r\n            <\/div>\r\n            <div class=\"mb-3 mb-md-0\">\r\n                <figure>\r\n                  <blockquote class=\"blockquote\">\r\n                    <div class=\"h5 fw-bold\"><i class=\"fas fa-quote-left fa-2x\"><\/i> transfert a\u00e9roport h\u00e9raklion &#8211; hersonissos<\/div>\r\n                    <p class=\"fs-6 border-start border-3 ps-3\">-r\u00e9servation par mail, rapide et efficace\r\n-ponctualit\u00e9 du chauffeur qui nous attendait \u00e0 l'a\u00e9roport avec une pancarte \u00e0 notre nom\r\n-transfert tr\u00e8s agr\u00e9able en mini bus tr\u00e8s confortable pour 6 pers + bagages<\/p>\r\n                  <\/blockquote>\r\n                  <figcaption class=\"blockquote-footer pt-2\">\r\n                    delet59<br> <cite title=\"Source\"><a href=\"https:\/\/www.tripadvisor.com.gr\/ShowUserReviews-g189421-d8673688-r415358279-Taxi_Service_Rethymno-Rethymnon_Rethymnon_Prefecture_Crete.html?m=19905\" target=\"_blank\" rel=\"noopener noreferrer\">a review from tripadvisor<\/a><\/cite>\r\n                  <\/figcaption>\r\n                <\/figure>\r\n            <\/div>\r\n            <div class=\"mb-3 mb-md-0\">\r\n                <figure>\r\n                  <blockquote class=\"blockquote\">\r\n                    <div class=\"h5 fw-bold\"><i class=\"fas fa-quote-left fa-2x\"><\/i> Un service au top et la bonne humeur en plus !<\/div>\r\n                    <p class=\"fs-6 border-start border-3 ps-3\">Tout au long de notre s\u00e9jour nous avons fait appel \u00e0 Stavros. Du transfert de l\u2019a\u00e9roport d\u2019Heraklion \u00e0 notre h\u00f4tel (a l\u2019aller et au retour) aux diff\u00e9rentes excursions (Chania ect) il a toujours \u00e9t\u00e9 ponctuel, professionnel et surtout fort sympathique. Lors des excursions, Stavros nous a racont\u00e9 l\u2019histoire de la Cr\u00e8te et de sa culture a chaque \u00e9tape. Au del\u00e0 du super confort de sa voiture il est un personnage \u00e0 lui seul sans parler de ses prix super comp\u00e9titifs ! Une immersion Cr\u00e9toise d\u00e8s l\u2019arriv\u00e9e ! Une superbe rencontre et un super plan pour vos transferts ou excursions !<\/p>\r\n                  <\/blockquote>\r\n                  <figcaption class=\"blockquote-footer pt-2\">\r\n                    Kenza I  Casablanca, Morocco<br> <cite title=\"Source\"><a href=\"https:\/\/www.tripadvisor.com\/ShowUserReviews-g189421-d8673688-r609890005-Taxi_Service_Rethymno-Rethymnon_Rethymnon_Prefecture_Crete.html?m=19905\" target=\"_blank\" rel=\"noopener noreferrer\">a review from tripadvisor<\/a><\/cite>\r\n                  <\/figcaption>\r\n                <\/figure>\r\n            <\/div>\r\n            <div class=\"mb-3 mb-md-0\">\r\n                <figure>\r\n                  <blockquote class=\"blockquote\">\r\n                    <div class=\"h5 fw-bold\"><i class=\"fas fa-quote-left fa-2x\"><\/i> Tr\u00e8s belle rencontre<\/div>\r\n                    <p class=\"fs-6 border-start border-3 ps-3\"><div class=\"_2fxQ4TOx\"><\/div>\r\n<div>Stavros est tr\u00e8s sympathique\r\nLes taxis sont tr\u00e8s propres et modernes\r\nDe + Stavros nous donne toutes les informations sur les visites les astuces le temps\r\nSuper accueil et courtois<\/div><\/p>\r\n                  <\/blockquote>\r\n                  <figcaption class=\"blockquote-footer pt-2\">\r\n                    Chrisss2612\u00a0 Nantes, France<br> <cite title=\"Source\"><a href=\"https:\/\/www.tripadvisor.com\/ShowUserReviews-g189421-d8673688-r767877447-Taxi_Service_Rethymno-Rethymnon_Rethymnon_Prefecture_Crete.html?m=19905\" target=\"_blank\" rel=\"noopener noreferrer\">a review from tripadvisor<\/a><\/cite>\r\n                  <\/figcaption>\r\n                <\/figure>\r\n            <\/div>\r\n            <div class=\"mb-3 mb-md-0\">\r\n                <figure>\r\n                  <blockquote class=\"blockquote\">\r\n                    <div class=\"h5 fw-bold\"><i class=\"fas fa-quote-left fa-2x\"><\/i> Excursion autour de Rethymnon<\/div>\r\n                    <p class=\"fs-6 border-start border-3 ps-3\">Merci \u00e0 Stavros pour sa gentillesse tout au long de notre excursion \u00e0 la d\u00e9couverte des environs de Rethymnon (Argyroupoli, p\u00e9dalo au lac Kournas, Giorgioupoli) ! Il nous a fait partager sa connaissance des lieux avec g\u00e9n\u00e9rosit\u00e9 et bonne humeur. Une belle excursion que nous recommandons..<\/p>\r\n                  <\/blockquote>\r\n                  <figcaption class=\"blockquote-footer pt-2\">\r\n                    El\u00e9onore S  Marseille, France<br> <cite title=\"Source\"><a href=\"https:\/\/www.tripadvisor.com\/ShowUserReviews-g189421-d8673688-r476829983-Taxi_Service_Rethymno-Rethymnon_Rethymnon_Prefecture_Crete.html?m=19905\" target=\"_blank\" rel=\"noopener noreferrer\">a review from tripadvisor<\/a><\/cite>\r\n                  <\/figcaption>\r\n                <\/figure>\r\n            <\/div>\r\n            <div class=\"mb-3 mb-md-0\">\r\n                <figure>\r\n                  <blockquote class=\"blockquote\">\r\n                    <div class=\"h5 fw-bold\"><i class=\"fas fa-quote-left fa-2x\"><\/i> Ne pas h\u00e9siter<\/div>\r\n                    <p class=\"fs-6 border-start border-3 ps-3\">Nous avons pris cette compagnie de taxi pour le transfert entre H\u00e9raklion et notre lieu de s\u00e9jour. (2h de trajet) Excellent conducteur ponctuel, tr\u00e8s s\u00e9rieux, nous \u00e9tions 5 donc nous avons eu un mini bus luxueux .\r\nService 5 \u00e9toiles et rapport qualit\u00e9 -prix excellent.\r\nVal\u00e9rie<\/p>\r\n                  <\/blockquote>\r\n                  <figcaption class=\"blockquote-footer pt-2\">\r\n                    Val-suissesse <br> <cite title=\"Source\"><a href=\"https:\/\/www.tripadvisor.com.gr\/ShowUserReviews-g189421-d8673688-r602273534-Taxi_Service_Rethymno-Rethymnon_Rethymnon_Prefecture_Crete.html?m=19905\" target=\"_blank\" rel=\"noopener noreferrer\">a review from tripadvisor<\/a><\/cite>\r\n                  <\/figcaption>\r\n                <\/figure>\r\n            <\/div>\r\n            <div class=\"mb-3 mb-md-0\">\r\n                <figure>\r\n                  <blockquote class=\"blockquote\">\r\n                    <div class=\"h5 fw-bold\"><i class=\"fas fa-quote-left fa-2x\"><\/i> Parfait !<\/div>\r\n                    <p class=\"fs-6 border-start border-3 ps-3\">Mog\u0119 m\u00f3wi\u0107 o Stavrosie i jego firmie tylko w samych superlatywach. Odbiera\u0142 mnie i moj\u0105 rodzin\u0119 z lotniska w Chanii i przewozi\u0142 do Rethymno. Najni\u017csza cena, jak\u0105 uda\u0142o mi si\u0119 znale\u017a\u0107. Swoj\u0105 punktualno\u015bci\u0105 i otwarto\u015bci\u0105 oczarowa\u0142 nas na tyle, \u017ce nast\u0119pnego dnia wybrali\u015bmy si\u0119 jego taks\u00f3wk\u0105 do Heraklionu i pa\u0142acu w Knossos. Pe\u0142en komfort, wsz\u0119dzie na nas czeka\u0142, zatrzymywa\u0142 si\u0119 i zapoznawa\u0142 nas z Kret\u0105. Wyj\u0105tkowy cz\u0142owiek i wyj\u0105tkowe do\u015bwiadczenie. Polecam z czystym sumieniem!<\/p>\r\n                  <\/blockquote>\r\n                  <figcaption class=\"blockquote-footer pt-2\">\r\n                     aeloi  Paris, France<br> <cite title=\"Source\"><a href=\"https:\/\/www.tripadvisor.com.gr\/ShowUserReviews-g189421-d8673688-r768275937-Taxi_Service_Rethymno-Rethymnon_Rethymnon_Prefecture_Crete.html?m=19905\" target=\"_blank\" rel=\"noopener noreferrer\">a review from tripadvisor<\/a><\/cite>\r\n                  <\/figcaption>\r\n                <\/figure>\r\n            <\/div>\r\n            <div class=\"mb-3 mb-md-0\">\r\n                <figure>\r\n                  <blockquote class=\"blockquote\">\r\n                    <div class=\"h5 fw-bold\"><i class=\"fas fa-quote-left fa-2x\"><\/i> Service de confiance<\/div>\r\n                    <p class=\"fs-6 border-start border-3 ps-3\">Ponctualit\u00e9, gentillesse. Voyage sans surprise de Rethymnon \u00e0 l\u2019a\u00e9roport d'H\u00e9raklion. R\u00e9servation rapide et efficace. Rapport qualit\u00e9\/prix tr\u00e8s int\u00e9ressant<\/p>\r\n                  <\/blockquote>\r\n                  <figcaption class=\"blockquote-footer pt-2\">\r\n                    REGINA052017 wrote a review Jun 2017 Vitry-sur-Seine, France<br> <cite title=\"Source\"><a href=\"https:\/\/www.tripadvisor.com\/ShowUserReviews-g189421-d8673688-r490468252-Taxi_Service_Rethymno-Rethymnon_Rethymnon_Prefecture_Crete.html?m=19905\" target=\"_blank\" rel=\"noopener noreferrer\">a review from tripadvisor<\/a><\/cite>\r\n                  <\/figcaption>\r\n                <\/figure>\r\n            <\/div>\r\n            <div class=\"mb-3 mb-md-0\">\r\n                <figure>\r\n                  <blockquote class=\"blockquote\">\r\n                    <div class=\"h5 fw-bold\"><i class=\"fas fa-quote-left fa-2x\"><\/i> plus qu&rsquo;un taxi<\/div>\r\n                    <p class=\"fs-6 border-start border-3 ps-3\">nous avons profit\u00e9 des services de Stavros pour la navette a\u00e9roport mi-ao\u00fbt dernier.\r\n\u00e0 l'aller, c'est son cousin qui nous attendait avec une splendide camionnette limousine. il a pris en charge imm\u00e9diatement les bagages que ma femme g\u00e9rait. merci pour \u00e7a et merci pour elle.\r\n\r\nau retour, c'est M. Stavros qui s'est occup\u00e9 de nous. les 4 gros bagages sont bien entr\u00e9s dans le coffre de sa Mercedes \ud83d\ude42\r\ndurant tout le trajet, nous avons discut\u00e9 des merveilles de la Cr\u00eate, mais aussi de nos diff\u00e9rents voyages, les n\u00f4tres, mais aussi ceux de M. Stavros. Ce taximan dans l'\u00e2me est aussi un grand voyageur en Europe. le trajet nous a paru court tant la discussion fut instructive et anim\u00e9e.\r\n\r\nsi vous cherchez un taximan, d\u00e9p\u00eachez-vous de r\u00e9server ce \"Gaillard jovial\", car il risque d'arr\u00eater d'ici 5 ans pour prendre sa retraite au travers de l'Europe.<\/p>\r\n                  <\/blockquote>\r\n                  <figcaption class=\"blockquote-footer pt-2\">\r\n                    Frafra  Sambreville, Belgium<br> <cite title=\"Source\"><a href=\"https:\/\/www.tripadvisor.com\/ShowUserReviews-g189421-d8673688-r615449030-Taxi_Service_Rethymno-Rethymnon_Rethymnon_Prefecture_Crete.html?m=19905\" target=\"_blank\" rel=\"noopener noreferrer\">a review from tripadvisor<\/a><\/cite>\r\n                  <\/figcaption>\r\n                <\/figure>\r\n            <\/div>\r\n            <div class=\"mb-3 mb-md-0\">\r\n                <figure>\r\n                  <blockquote class=\"blockquote\">\r\n                    <div class=\"h5 fw-bold\"><i class=\"fas fa-quote-left fa-2x\"><\/i> Taxi service Crete<\/div>\r\n                    <p class=\"fs-6 border-start border-3 ps-3\">J ai pris le taxi service de la eroport \u00e0 Amnatos, environ une heure de trajet. Super taxi service. Ponctuel, enviable et tr\u00e8s sympa.\r\nTr\u00e8s sympa tr\u00e8s serviable\r\nEx\u00e7ellent prix\r\nTrajet de l airport \u00e0 Amnatos<\/p>\r\n                  <\/blockquote>\r\n                  <figcaption class=\"blockquote-footer pt-2\">\r\n                    JFahme wrote a review Apr 2018 Canton of Neuchatel, Switzerland<br> <cite title=\"Source\"><a href=\"https:\/\/www.tripadvisor.com\/ShowUserReviews-g189421-d8673688-r572099841-Taxi_Service_Rethymno-Rethymnon_Rethymnon_Prefecture_Crete.html?m=19905\" target=\"_blank\" rel=\"noopener noreferrer\">a review from tripadvisor<\/a><\/cite>\r\n                  <\/figcaption>\r\n                <\/figure>\r\n            <\/div>\r\n            <div class=\"mb-3 mb-md-0\">\r\n                <figure>\r\n                  <blockquote class=\"blockquote\">\r\n                    <div class=\"h5 fw-bold\"><i class=\"fas fa-quote-left fa-2x\"><\/i> Taxi service Crete<\/div>\r\n                    <p class=\"fs-6 border-start border-3 ps-3\">J ai pris le taxi service de la eroport \u00e0 Amnatos, environ une heure de trajet. Super taxi service. Ponctuel, enviable et tr\u00e8s sympa.\r\nTr\u00e8s sympa tr\u00e8s serviable\r\nEx\u00e7ellent prix\r\nTrajet de l airport \u00e0 Amnato<\/p>\r\n                  <\/blockquote>\r\n                  <figcaption class=\"blockquote-footer pt-2\">\r\n                    JFahme <br> <cite title=\"Source\"><a href=\"https:\/\/www.tripadvisor.com.gr\/ShowUserReviews-g189421-d8673688-r572099841-Taxi_Service_Rethymno-Rethymnon_Rethymnon_Prefecture_Crete.html?m=19905\" target=\"_blank\" rel=\"noopener noreferrer\">a review from tripadvisor<\/a><\/cite>\r\n                  <\/figcaption>\r\n                <\/figure>\r\n            <\/div>\r\n            <div class=\"mb-3 mb-md-0\">\r\n                <figure>\r\n                  <blockquote class=\"blockquote\">\r\n                    <div class=\"h5 fw-bold\"><i class=\"fas fa-quote-left fa-2x\"><\/i> Bien utiles quand votre mobilit\u00e9 est momentan\u00e9ment r\u00e9duite<\/div>\r\n                    <p class=\"fs-6 border-start border-3 ps-3\">Equipe super sympa ,je ne parle que l'italien et le fran\u00e7ais ,ils faisaient tous un effort pour me comprendre et me conduire ,l\u00e0 o\u00f9 je le voulais,pour un prix d\u00e9risoire<\/p>\r\n                  <\/blockquote>\r\n                  <figcaption class=\"blockquote-footer pt-2\">\r\n                    marc2163  Courcelles, Belgium<br> <cite title=\"Source\"><a href=\"https:\/\/www.tripadvisor.com\/ShowUserReviews-g189421-d8673688-r404786263-Taxi_Service_Rethymno-Rethymnon_Rethymnon_Prefecture_Crete.html?m=19905\" target=\"_blank\" rel=\"noopener noreferrer\">a review from tripadvisor<\/a><\/cite>\r\n                  <\/figcaption>\r\n                <\/figure>\r\n            <\/div>\r\n            <div class=\"mb-3 mb-md-0\">\r\n                <figure>\r\n                  <blockquote class=\"blockquote\">\r\n                    <div class=\"h5 fw-bold\"><i class=\"fas fa-quote-left fa-2x\"><\/i> transfert aeroport rethymon<\/div>\r\n                    <p class=\"fs-6 border-start border-3 ps-3\">transfert effectuer le 11\/09 et retour 18\/09 de l'aeroport heraklion a l'hotel sentido pearl beach\r\nstravos et un super chauffeur amical et serieux\r\nponctuel les 2 fois et confirmation avant par mail\r\nvoiture tres propres rien a redire\r\nsi vous desirez allez a rethymon prenait stravos tres bon service et super prix 76 euros la course<\/p>\r\n                  <\/blockquote>\r\n                  <figcaption class=\"blockquote-footer pt-2\">\r\n                    jejesallanches  Sallanches, France<br> <cite title=\"Source\"><a href=\"https:\/\/www.tripadvisor.com.gr\/ShowUserReviews-g189421-d8673688-r617823842-Taxi_Service_Rethymno-Rethymnon_Rethymnon_Prefecture_Crete.html?m=19905\" target=\"_blank\" rel=\"noopener noreferrer\">a review from tripadvisor<\/a><\/cite>\r\n                  <\/figcaption>\r\n                <\/figure>\r\n            <\/div>\r\n            <div class=\"mb-3 mb-md-0\">\r\n                <figure>\r\n                  <blockquote class=\"blockquote\">\r\n                    <div class=\"h5 fw-bold\"><i class=\"fas fa-quote-left fa-2x\"><\/i> Ne pas h\u00e9siter<\/div>\r\n                    <p class=\"fs-6 border-start border-3 ps-3\">Nous avons pris cette compagnie de taxi pour le transfert entre H\u00e9raklion et notre lieu de s\u00e9jour. (2h de trajet) Excellent conducteur ponctuel, tr\u00e8s s\u00e9rieux, nous \u00e9tions 5 donc nous avons eu un mini bus luxueux .\r\nService 5 \u00e9toiles et rapport qualit\u00e9 -prix excellent.\r\nVal\u00e9rie<\/p>\r\n                  <\/blockquote>\r\n                  <figcaption class=\"blockquote-footer pt-2\">\r\n                    Val-suissesse  Lausanne, Switzerland<br> <cite title=\"Source\"><a href=\"https:\/\/www.tripadvisor.com\/ShowUserReviews-g189421-d8673688-r602273534-Taxi_Service_Rethymno-Rethymnon_Rethymnon_Prefecture_Crete.html?m=19905\" target=\"_blank\" rel=\"noopener noreferrer\">a review from tripadvisor<\/a><\/cite>\r\n                  <\/figcaption>\r\n                <\/figure>\r\n            <\/div>\r\n            <div class=\"mb-3 mb-md-0\">\r\n                <figure>\r\n                  <blockquote class=\"blockquote\">\r\n                    <div class=\"h5 fw-bold\"><i class=\"fas fa-quote-left fa-2x\"><\/i> Bien utiles quand votre mobilit\u00e9 est momentan\u00e9ment r\u00e9duite<\/div>\r\n                    <p class=\"fs-6 border-start border-3 ps-3\">Equipe super sympa ,je ne parle que l'italien et le fran\u00e7ais ,ils faisaient tous un effort pour me comprendre et me conduire ,l\u00e0 o\u00f9 je le voulais,pour un prix d\u00e9risoire<\/p>\r\n                  <\/blockquote>\r\n                  <figcaption class=\"blockquote-footer pt-2\">\r\n                    marc2163  Courcelles, Belgium<br> <cite title=\"Source\"><a href=\"https:\/\/www.tripadvisor.com\/ShowUserReviews-g189421-d8673688-r404786263-Taxi_Service_Rethymno-Rethymnon_Rethymnon_Prefecture_Crete.html?m=19905\" target=\"_blank\" rel=\"noopener noreferrer\">a review from tripadvisor<\/a><\/cite>\r\n                  <\/figcaption>\r\n                <\/figure>\r\n            <\/div>\r\n            <div class=\"mb-3 mb-md-0\">\r\n                <figure>\r\n                  <blockquote class=\"blockquote\">\r\n                    <div class=\"h5 fw-bold\"><i class=\"fas fa-quote-left fa-2x\"><\/i> plus qu&rsquo;un taxi<\/div>\r\n                    <p class=\"fs-6 border-start border-3 ps-3\">nous avons profit\u00e9 des services de Stavros pour la navette a\u00e9roport mi-ao\u00fbt dernier.\r\n\u00e0 l'aller, c'est son cousin qui nous attendait avec une splendide camionnette limousine. il a pris en charge imm\u00e9diatement les bagages que ma femme g\u00e9rait. merci pour \u00e7a et merci pour elle.\r\n\r\nau retour, c'est M. Stavros qui s'est occup\u00e9 de nous. les 4 gros bagages sont bien entr\u00e9s dans le coffre de sa Mercedes \ud83d\ude42\r\ndurant tout le trajet, nous avons discut\u00e9 des merveilles de la Cr\u00eate, mais aussi de nos diff\u00e9rents voyages, les n\u00f4tres, mais aussi ceux de M. Stavros. Ce taximan dans l'\u00e2me est aussi un grand voyageur en Europe. le trajet nous a paru court tant la discussion fut instructive et anim\u00e9e.\r\n\r\nsi vous cherchez un taximan, d\u00e9p\u00eachez-vous de r\u00e9server ce \"Gaillard jovial\", car il risque d'arr\u00eater d'ici 5 ans pour prendre sa retraite au travers de l'Europe.<\/p>\r\n                  <\/blockquote>\r\n                  <figcaption class=\"blockquote-footer pt-2\">\r\n                    Frafra<br> <cite title=\"Source\"><a href=\"https:\/\/www.tripadvisor.com.gr\/ShowUserReviews-g189421-d8673688-r615449030-Taxi_Service_Rethymno-Rethymnon_Rethymnon_Prefecture_Crete.html?m=19905\" target=\"_blank\" rel=\"noopener noreferrer\">a review from tripadvisor<\/a><\/cite>\r\n                  <\/figcaption>\r\n                <\/figure>\r\n            <\/div> \r\n        <\/div>\r\n    \n","protected":false},"excerpt":{"rendered":"","protected":false},"author":1,"featured_media":0,"parent":0,"menu_order":0,"comment_status":"closed","ping_status":"closed","template":"page-nosidebar.php","meta":{"_acf_changed":false,"footnotes":""},"class_list":["post-1502","page","type-page","status-publish","hentry"],"acf":[],"_links":{"self":[{"href":"https:\/\/taxiservicerethymno.gr\/fr\/wp-json\/wp\/v2\/pages\/1502","targetHints":{"allow":["GET"]}}],"collection":[{"href":"https:\/\/taxiservicerethymno.gr\/fr\/wp-json\/wp\/v2\/pages"}],"about":[{"href":"https:\/\/taxiservicerethymno.gr\/fr\/wp-json\/wp\/v2\/types\/page"}],"author":[{"embeddable":true,"href":"https:\/\/taxiservicerethymno.gr\/fr\/wp-json\/wp\/v2\/users\/1"}],"replies":[{"embeddable":true,"href":"https:\/\/taxiservicerethymno.gr\/fr\/wp-json\/wp\/v2\/comments?post=1502"}],"version-history":[{"count":0,"href":"https:\/\/taxiservicerethymno.gr\/fr\/wp-json\/wp\/v2\/pages\/1502\/revisions"}],"wp:attachment":[{"href":"https:\/\/taxiservicerethymno.gr\/fr\/wp-json\/wp\/v2\/media?parent=1502"}],"curies":[{"name":"wp","href":"https:\/\/api.w.org\/{rel}","templated":true}]}}