{"id":667,"date":"2016-08-13T19:49:01","date_gmt":"2016-08-13T16:49:01","guid":{"rendered":"http:\/\/taxiservicerethymno.gr\/fr\/?page_id=667"},"modified":"2024-02-10T09:27:12","modified_gmt":"2024-02-10T07:27:12","slug":"qui-sommes-nous","status":"publish","type":"page","link":"https:\/\/taxiservicerethymno.gr\/fr\/qui-sommes-nous\/","title":{"rendered":"Qui sommes-nous"},"content":{"rendered":"<p>Nous avons cr\u00e9\u00e9 une \u00e9quipe efficace de chauffeurs professionnels, avec des voitures luxueuses et s\u00fbres (Mercedes, Volvo, etc.), pour un service optimal. Fiables et responsables, nous conduisons nos clients vers toutes les destinations de Cr\u00e8te, depuis et jusqu\u2019aux a\u00e9roports (La Can\u00e9e, H\u00e9raklion) ainsi qu\u2019aux ports de l\u2019\u00eele (Kastelli, Souda, R\u00e9thymnon, H\u00e9raklion, Agios Nikolaos). <\/p>\n<div class=\"alert alert-primary\" role=\"alert\">\n<p><i class=\"fas fa-info-circle\"><\/i> Notre \u00e9quipe n&rsquo;a rien \u00e0 voir avec les soci\u00e9t\u00e9s multinationales de transfert impersonnelles, c&rsquo;est une entreprise locale et votre argent aide la communaut\u00e9 de R\u00e9thymnon.<\/p>\n<p><i class=\"fas fa-info-circle\"><\/i> Chez nous, il n\u2019y a pas de tiers ni de plateformes interm\u00e9diaires. Vous parlez directement avec notre entreprise locale (Taxi Service Rethymno).<\/p>\n<\/div>\n<p>Nous pouvons \u00e9galement organiser des excursions vers diverses destinations depuis notre base de R\u00e9thymnon. <\/p>\n<div class=\"row\">\n<div class=\"col-12 col-md-6 col-lg-3\">\n        <figure id=\"attachment_90\" aria-describedby=\"caption-attachment-90\" style=\"width: 400px\" class=\"wp-caption aligncenter\"><img loading=\"lazy\" decoding=\"async\" src=\"https:\/\/taxiservicerethymno.gr\/wp-content\/uploads\/2016\/07\/kournas1.jpg\" alt=\"Kournas Lake\" width=\"400\" height=\"250\" class=\"size-full wp-image-90\" srcset=\"https:\/\/taxiservicerethymno.gr\/wp-content\/uploads\/2016\/07\/kournas1.jpg 400w, https:\/\/taxiservicerethymno.gr\/wp-content\/uploads\/2016\/07\/kournas1-300x188.jpg 300w\" sizes=\"auto, (max-width: 400px) 100vw, 400px\" \/><figcaption id=\"caption-attachment-90\" class=\"wp-caption-text\">Lac de Kournas<\/figcaption><\/figure>\n    <\/div>\n<div class=\"col-12 col-md-6 col-lg-3\">\n        <figure id=\"attachment_91\" aria-describedby=\"caption-attachment-91\" style=\"width: 400px\" class=\"wp-caption aligncenter\"><img loading=\"lazy\" decoding=\"async\" src=\"https:\/\/taxiservicerethymno.gr\/wp-content\/uploads\/2016\/07\/preveli1.jpg\" alt=\"Preveli\" width=\"400\" height=\"250\" class=\"size-full wp-image-91\" srcset=\"https:\/\/taxiservicerethymno.gr\/wp-content\/uploads\/2016\/07\/preveli1.jpg 400w, https:\/\/taxiservicerethymno.gr\/wp-content\/uploads\/2016\/07\/preveli1-300x188.jpg 300w\" sizes=\"auto, (max-width: 400px) 100vw, 400px\" \/><figcaption id=\"caption-attachment-91\" class=\"wp-caption-text\">Preveli<\/figcaption><\/figure>\n    <\/div>\n<div class=\"col-12 col-md-6 col-lg-3\">\n        <figure id=\"attachment_92\" aria-describedby=\"caption-attachment-92\" style=\"width: 400px\" class=\"wp-caption aligncenter\"><img loading=\"lazy\" decoding=\"async\" src=\"https:\/\/taxiservicerethymno.gr\/wp-content\/uploads\/2016\/07\/plakias1.jpg\" alt=\"Plakias\" width=\"400\" height=\"250\" class=\"size-full wp-image-92\" srcset=\"https:\/\/taxiservicerethymno.gr\/wp-content\/uploads\/2016\/07\/plakias1.jpg 400w, https:\/\/taxiservicerethymno.gr\/wp-content\/uploads\/2016\/07\/plakias1-300x188.jpg 300w\" sizes=\"auto, (max-width: 400px) 100vw, 400px\" \/><figcaption id=\"caption-attachment-92\" class=\"wp-caption-text\">Plakias<\/figcaption><\/figure>\n    <\/div>\n<div class=\"col-12 col-md-6 col-lg-3\">\n        <figure id=\"attachment_93\" aria-describedby=\"caption-attachment-93\" style=\"width: 400px\" class=\"wp-caption aligncenter\"><img loading=\"lazy\" decoding=\"async\" src=\"https:\/\/taxiservicerethymno.gr\/wp-content\/uploads\/2023\/01\/kalypso.jpg\" alt=\"Kalypso\" width=\"400\" height=\"250\" class=\"size-full wp-image-93\" \/><figcaption id=\"caption-attachment-93\" class=\"wp-caption-text\">Kalypso<\/figcaption><\/figure>\n    <\/div>\n<\/div>\n<p><a href=\"https:\/\/taxiservicerethymno.gr\/fr\/excursions\/\">Consultez quelques propositions d\u2019excursions \u2192<\/a><\/p>\n<p>La planification de l\u2019excursion se fait toujours en concertation avec le client, pour qu\u2019il en tire le meilleur, et toujours au meilleur prix.<\/p>\n<p>Bon voyage !<\/p>\n","protected":false},"excerpt":{"rendered":"<p>Nous avons cr\u00e9\u00e9 une \u00e9quipe efficace de chauffeurs professionnels, avec des voitures luxueuses et s\u00fbres (Mercedes, Volvo, etc.), pour un service optimal. Fiables et responsables, nous conduisons nos clients vers toutes les destinations de Cr\u00e8te, depuis et jusqu\u2019aux a\u00e9roports (La Can\u00e9e, H\u00e9raklion) ainsi qu\u2019aux ports de l\u2019\u00eele (Kastelli, Souda, R\u00e9thymnon, H\u00e9raklion, Agios Nikolaos). Notre \u00e9quipe [&hellip;]<\/p>\n","protected":false},"author":1,"featured_media":0,"parent":0,"menu_order":0,"comment_status":"closed","ping_status":"closed","template":"","meta":{"_acf_changed":false,"footnotes":""},"class_list":["post-667","page","type-page","status-publish","hentry"],"acf":[],"_links":{"self":[{"href":"https:\/\/taxiservicerethymno.gr\/fr\/wp-json\/wp\/v2\/pages\/667","targetHints":{"allow":["GET"]}}],"collection":[{"href":"https:\/\/taxiservicerethymno.gr\/fr\/wp-json\/wp\/v2\/pages"}],"about":[{"href":"https:\/\/taxiservicerethymno.gr\/fr\/wp-json\/wp\/v2\/types\/page"}],"author":[{"embeddable":true,"href":"https:\/\/taxiservicerethymno.gr\/fr\/wp-json\/wp\/v2\/users\/1"}],"replies":[{"embeddable":true,"href":"https:\/\/taxiservicerethymno.gr\/fr\/wp-json\/wp\/v2\/comments?post=667"}],"version-history":[{"count":0,"href":"https:\/\/taxiservicerethymno.gr\/fr\/wp-json\/wp\/v2\/pages\/667\/revisions"}],"wp:attachment":[{"href":"https:\/\/taxiservicerethymno.gr\/fr\/wp-json\/wp\/v2\/media?parent=667"}],"curies":[{"name":"wp","href":"https:\/\/api.w.org\/{rel}","templated":true}]}}