{"id":669,"date":"2016-08-13T20:43:33","date_gmt":"2016-08-13T17:43:33","guid":{"rendered":"http:\/\/taxiservicerethymno.gr\/fr\/?page_id=669"},"modified":"2025-11-05T10:40:37","modified_gmt":"2025-11-05T08:40:37","slug":"services","status":"publish","type":"page","link":"https:\/\/taxiservicerethymno.gr\/fr\/services\/","title":{"rendered":"Services"},"content":{"rendered":"<h2 class=\"h4 mt-4\">Informations \u2013 Services divers<\/h2>\n<ul>\n<li>R\u00e9seau sans fil Wi-Fi<\/li>\n<li>Si\u00e8ge pour b\u00e9b\u00e9 ou enfant (sur demande), moyennant un suppl\u00e9ment de 5 euros<\/li>\n<li>Le chauffeur vous attendra dans le hall des arriv\u00e9es \r\n\t\t<a data-fslightbox href=\"https:\/\/taxiservicerethymno.gr\/wp-content\/uploads\/2016\/08\/airport_sign.jpg\">avec une pancarte \u00e0 votre nom<\/a>\r\n\t<\/li>\n<li>Chaque taxi peut contenir 3 valises de taille moyenne<\/li>\n<li>Chaque taxi peut accueillir jusqu\u2019\u00e0 3 passagers (ou plus s\u2019il s\u2019agit d\u2019une famille avec de petits enfants, que l\u2019on ne s\u00e9pare pas)<\/li>\n<li>Si vous \u00eates une famille ou 4 adultes, nous vous enverrons le break moyennant un suppl\u00e9ment de 5 euros. Si vous avez beaucoup d&rsquo;affaires, nous devrons vous envoyer un minibus, ce qui entra\u00eenera un suppl\u00e9ment plus \u00e9lev\u00e9.<\/li>\n<li>Quand vous r\u00e9servez, nous vous contactons pour confirmer votre r\u00e9servation<\/li>\n<li>Nous sommes inform\u00e9s de votre arriv\u00e9e et nous vous attendons m\u00eame si vous avez du retard<\/li>\n<li>Il vous sera demand\u00e9 de payer 48 heures avant le d\u00e9but de l&rsquo;itin\u00e9raire.<\/li>\n<li>Le trajet de l\u2019a\u00e9roport de La Can\u00e9e \u00e0 R\u00e9thymnon prend 1 heure et 15 minutes<\/li>\n<li>Le trajet de l\u2019a\u00e9roport d\u2019H\u00e9raklion \u00e0 R\u00e9thymnon dure 1 heure et 15 minutes<\/li>\n<li>Pour les excursions et les visites guid\u00e9es, le tarif est de 50\u20ac par heure. Les excursions et les visites guid\u00e9es de plus de 6 heures se font apr\u00e8s accord pr\u00e9alable.<\/li>\n<li>Nous ne faisons pas d&rsquo;itin\u00e9raires dans la ville.<\/li>\n<li>Nous disposons \u00e9galement de mini van et mini bus et pouvons accueillir jusqu&rsquo;\u00e0 40 personnes. Le prix sera d\u00e9termin\u00e9 sur demande.<\/li>\n<li>N\u2019h\u00e9sitez pas \u00e0 nous <a href=\"https:\/\/taxiservicerethymno.gr\/fr\/contact\/\">contacter si vous avez la moindre question<\/a><\/li>\n<\/ul>\n<hr>\n<p>Nous serons ravis de vous accueillir avec l\u2019hospitalit\u00e9 qui caract\u00e9rise notre \u00eele !<\/p>\n<p>Bon voyage et \u00e0 bient\u00f4t !<\/p>\n<hr>\n<div class=\"alert alert-primary mt-4\" role=\"alert\">\n<i class=\"fas fa-info-circle\"><\/i> Fiez-vous \u00e0 nos chauffeurs de taxi professionnels, qui ont v\u00e9hicul\u00e9 des centaines de milliers de touristes en 40 ans de travail.\n<\/div>\n<div class=\"row my-5 text-center\">\n<div class=\"col-12 col-md-6 mb-3\">\n<div class=\"fa-stack fa-3x main-color\">\n            <i class=\"far fa-circle fa-stack-2x\"><\/i><i class=\"fas fa-plane-departure fa-stack-1x\"><\/i>\n        <\/div>\n<h2 class=\"h4 mt-2\">Transports \u2013 taxi depuis et jusqu\u2019aux a\u00e9roports<\/h2>\n<\/p><\/div>\n<div class=\"col-12 col-md-6 mb-3\">\n<div class=\"fa-stack fa-3x main-color\">\n            <i class=\"far fa-circle fa-stack-2x\"><\/i><i class=\"fas fa-ship fa-stack-1x\"><\/i>\n        <\/div>\n<h2 class=\"h4 mt-2\">Transports \u2013 taxi depuis et jusqu\u2019aux ports<\/h2>\n<\/p><\/div>\n<div class=\"col-12 col-md-6 mb-3\">\n<div class=\"fa-stack fa-3x main-color\">\n            <i class=\"far fa-circle fa-stack-2x\"><\/i><i class=\"fas fa-map-signs fa-stack-1x\"><\/i>\n        <\/div>\n<h2 class=\"h4 mt-2\">Excursions priv\u00e9es \u00e0 partir de R\u00e9thymnon<\/h2>\n<\/p><\/div>\n<div class=\"col-12 col-md-6 mb-3\">\n<div class=\"fa-stack fa-3x main-color\">\n            <i class=\"far fa-circle fa-stack-2x\"><\/i><i class=\"fas fa-map-marked fa-stack-1x\"><\/i>\n        <\/div>\n<h2 class=\"h4 mt-2\">Visites des points d\u2019int\u00e9r\u00eat et curiosit\u00e9s de l\u2019\u00eele<\/h2>\n<\/p><\/div>\n<\/div>\n","protected":false},"excerpt":{"rendered":"<p>Informations \u2013 Services divers R\u00e9seau sans fil Wi-Fi Si\u00e8ge pour b\u00e9b\u00e9 ou enfant (sur demande), moyennant un suppl\u00e9ment de 5 euros Le chauffeur vous attendra dans le hall des arriv\u00e9es Chaque taxi peut contenir 3 valises de taille moyenne Chaque taxi peut accueillir jusqu\u2019\u00e0 3 passagers (ou plus s\u2019il s\u2019agit d\u2019une famille avec de petits [&hellip;]<\/p>\n","protected":false},"author":1,"featured_media":0,"parent":0,"menu_order":0,"comment_status":"closed","ping_status":"closed","template":"","meta":{"_acf_changed":false,"footnotes":""},"class_list":["post-669","page","type-page","status-publish","hentry"],"acf":[],"_links":{"self":[{"href":"https:\/\/taxiservicerethymno.gr\/fr\/wp-json\/wp\/v2\/pages\/669","targetHints":{"allow":["GET"]}}],"collection":[{"href":"https:\/\/taxiservicerethymno.gr\/fr\/wp-json\/wp\/v2\/pages"}],"about":[{"href":"https:\/\/taxiservicerethymno.gr\/fr\/wp-json\/wp\/v2\/types\/page"}],"author":[{"embeddable":true,"href":"https:\/\/taxiservicerethymno.gr\/fr\/wp-json\/wp\/v2\/users\/1"}],"replies":[{"embeddable":true,"href":"https:\/\/taxiservicerethymno.gr\/fr\/wp-json\/wp\/v2\/comments?post=669"}],"version-history":[{"count":0,"href":"https:\/\/taxiservicerethymno.gr\/fr\/wp-json\/wp\/v2\/pages\/669\/revisions"}],"wp:attachment":[{"href":"https:\/\/taxiservicerethymno.gr\/fr\/wp-json\/wp\/v2\/media?parent=669"}],"curies":[{"name":"wp","href":"https:\/\/api.w.org\/{rel}","templated":true}]}}