{"id":12921,"date":"2022-02-06T08:23:28","date_gmt":"2022-02-06T06:23:28","guid":{"rendered":"https:\/\/taxiservicerethymno.gr\/?page_id=12921"},"modified":"2023-01-29T18:40:15","modified_gmt":"2023-01-29T16:40:15","slug":"kirandulasok","status":"publish","type":"page","link":"https:\/\/taxiservicerethymno.gr\/hu\/kirandulasok\/","title":{"rendered":"Kir\u00e1ndul\u00e1sok"},"content":{"rendered":"<div class=\"alert alert-primary my-5\" role=\"alert\">\n    A \u201eKir\u00e1ndul\u00e1sok\u201d oldal tartalma <a href=\"http:\/\/taxiservicerethymno.gr\/en\/excursions\/\">angol<\/a> \u00e9s <a href=\"http:\/\/taxiservicerethymno.gr\/%ce%b5%ce%ba%ce%b4%cf%81%ce%bf%ce%bc%ce%ad%cf%82\/\">g\u00f6r\u00f6g<\/a> nyelven \u00e9rhet\u0151 el.\n<\/div>\n","protected":false},"excerpt":{"rendered":"<p>A \u201eKir\u00e1ndul\u00e1sok\u201d oldal tartalma angol \u00e9s g\u00f6r\u00f6g nyelven \u00e9rhet\u0151 el.<\/p>\n","protected":false},"author":1,"featured_media":19736,"parent":0,"menu_order":0,"comment_status":"closed","ping_status":"closed","template":"page-nosidebar.php","meta":{"_acf_changed":false,"footnotes":""},"class_list":["post-12921","page","type-page","status-publish","has-post-thumbnail","hentry"],"acf":[],"_links":{"self":[{"href":"https:\/\/taxiservicerethymno.gr\/hu\/wp-json\/wp\/v2\/pages\/12921","targetHints":{"allow":["GET"]}}],"collection":[{"href":"https:\/\/taxiservicerethymno.gr\/hu\/wp-json\/wp\/v2\/pages"}],"about":[{"href":"https:\/\/taxiservicerethymno.gr\/hu\/wp-json\/wp\/v2\/types\/page"}],"author":[{"embeddable":true,"href":"https:\/\/taxiservicerethymno.gr\/hu\/wp-json\/wp\/v2\/users\/1"}],"replies":[{"embeddable":true,"href":"https:\/\/taxiservicerethymno.gr\/hu\/wp-json\/wp\/v2\/comments?post=12921"}],"version-history":[{"count":0,"href":"https:\/\/taxiservicerethymno.gr\/hu\/wp-json\/wp\/v2\/pages\/12921\/revisions"}],"wp:featuredmedia":[{"embeddable":true,"href":"https:\/\/taxiservicerethymno.gr\/hu\/wp-json\/wp\/v2\/media\/19736"}],"wp:attachment":[{"href":"https:\/\/taxiservicerethymno.gr\/hu\/wp-json\/wp\/v2\/media?parent=12921"}],"curies":[{"name":"wp","href":"https:\/\/api.w.org\/{rel}","templated":true}]}}