{"id":12926,"date":"2022-02-06T08:32:34","date_gmt":"2022-02-06T06:32:34","guid":{"rendered":"https:\/\/taxiservicerethymno.gr\/?page_id=12926"},"modified":"2023-01-29T18:36:07","modified_gmt":"2023-01-29T16:36:07","slug":"boldog-ugyfelek","status":"publish","type":"page","link":"https:\/\/taxiservicerethymno.gr\/hu\/boldog-ugyfelek\/","title":{"rendered":"Boldog \u00dcgyfelek"},"content":{"rendered":"\r\n        <div class=\"row row-cols-1 row-cols-md-3\">\r\n            \r\n            <div class=\"mb-3 mb-md-0\">\r\n                <figure>\r\n                  <blockquote class=\"blockquote\">\r\n                    <div class=\"h5 fw-bold\"><i class=\"fas fa-quote-left fa-2x\"><\/i> gyors \u00e9s k\u00e9nyelmes<\/div>\r\n                    <p class=\"fs-6 border-start border-3 ps-3\">Az egy h\u00e9t alatt t\u00f6bbsz\u00f6r haszn\u00e1ltuk \u0151ket, 5 eur\u00f3\u00e9rt a hotelb\u0151l az \u00f3v\u00e1rosba vagy vissza, illetve a rept\u00e9rre is vel\u00fck utaztunk. K\u00e9nyelmes, karbantartott aut\u00f3k, angolul megfelel\u0151en besz\u00e9l\u0151 sof\u0151r\u00f6k.<\/p>\r\n                  <\/blockquote>\r\n                  <figcaption class=\"blockquote-footer pt-2\">\r\n                    basszusg<br> <cite title=\"Source\"><a href=\"https:\/\/www.tripadvisor.com\/ShowUserReviews-g189421-d8673688-r598218754-Taxi_Service_Rethymno-Rethymnon_Rethymnon_Prefecture_Crete.html\" target=\"_blank\" rel=\"noopener noreferrer\">a review from tripadvisor<\/a><\/cite>\r\n                  <\/figcaption>\r\n                <\/figure>\r\n            <\/div>\r\n            <div class=\"mb-3 mb-md-0\">\r\n                <figure>\r\n                  <blockquote class=\"blockquote\">\r\n                    <div class=\"h5 fw-bold\"><i class=\"fas fa-quote-left fa-2x\"><\/i> basszusg Nagyatad,Hungary<\/div>\r\n                    <p class=\"fs-6 border-start border-3 ps-3\">Az egy h\u00e9t alatt t\u00f6bbsz\u00f6r haszn\u00e1ltuk \u0151ket, 5 eur\u00f3\u00e9rt a hotelb\u0151l az \u00f3v\u00e1rosba vagy vissza, illetve a rept\u00e9rre is vel\u00fck utaztunk. K\u00e9nyelmes, karbantartott aut\u00f3k, angolul megfelel\u0151en besz\u00e9l\u0151 sof\u0151r\u00f6k.<\/p>\r\n                  <\/blockquote>\r\n                  <figcaption class=\"blockquote-footer pt-2\">\r\n                    basszusg<br> <cite title=\"Source\"><a href=\"https:\/\/www.tripadvisor.com.gr\/Profile\/basszusg\" target=\"_blank\" rel=\"noopener noreferrer\">a review from tripadvisor<\/a><\/cite>\r\n                  <\/figcaption>\r\n                <\/figure>\r\n            <\/div> \r\n        <\/div>\r\n    \n","protected":false},"excerpt":{"rendered":"","protected":false},"author":1,"featured_media":0,"parent":0,"menu_order":0,"comment_status":"closed","ping_status":"closed","template":"page-nosidebar.php","meta":{"_acf_changed":false,"footnotes":""},"class_list":["post-12926","page","type-page","status-publish","hentry"],"acf":[],"_links":{"self":[{"href":"https:\/\/taxiservicerethymno.gr\/hu\/wp-json\/wp\/v2\/pages\/12926","targetHints":{"allow":["GET"]}}],"collection":[{"href":"https:\/\/taxiservicerethymno.gr\/hu\/wp-json\/wp\/v2\/pages"}],"about":[{"href":"https:\/\/taxiservicerethymno.gr\/hu\/wp-json\/wp\/v2\/types\/page"}],"author":[{"embeddable":true,"href":"https:\/\/taxiservicerethymno.gr\/hu\/wp-json\/wp\/v2\/users\/1"}],"replies":[{"embeddable":true,"href":"https:\/\/taxiservicerethymno.gr\/hu\/wp-json\/wp\/v2\/comments?post=12926"}],"version-history":[{"count":0,"href":"https:\/\/taxiservicerethymno.gr\/hu\/wp-json\/wp\/v2\/pages\/12926\/revisions"}],"wp:attachment":[{"href":"https:\/\/taxiservicerethymno.gr\/hu\/wp-json\/wp\/v2\/media?parent=12926"}],"curies":[{"name":"wp","href":"https:\/\/api.w.org\/{rel}","templated":true}]}}