{"id":2185,"date":"2017-12-24T18:37:23","date_gmt":"2017-12-24T16:37:23","guid":{"rendered":"http:\/\/taxiservicerethymno.gr\/?page_id=2185"},"modified":"2024-02-10T09:36:47","modified_gmt":"2024-02-10T07:36:47","slug":"profilo","status":"publish","type":"page","link":"https:\/\/taxiservicerethymno.gr\/it\/profilo\/","title":{"rendered":"Profilo"},"content":{"rendered":"<p>Abbiamo messo insieme un eccezionale gruppo di tassisti professionisti con affidabili auto di lusso (Mercedes, Volvo, ecc.) in modo da poter offrire ai nostri clienti il miglior servizio possibile. I nostri autisti trasportano i nostri clienti in modo affidabile e responsabile a tutti gli itinerari di Creta, da e agli aeroporti (Chania &#8211; Heraklion) e da e a tutti i porti di Creta (Kissamos, Souda, Rethymno, Heraklion, Aghios Nikolaos).<\/p>\n<div class=\"alert alert-primary\" role=\"alert\">\n<p><i class=\"fas fa-info-circle\"><\/i> Il nostro team non ha nulla a che fare con societ\u00e0 di trasferimento multinazionali impersonali, \u00e8 un&#8217;azienda locale e il tuo denaro aiuta la comunit\u00e0 di Rethymno.<\/p>\n<p><i class=\"fas fa-info-circle\"><\/i> Con noi non ci sono piattaforme di terze parti o intermediari. Stai parlando direttamente con la nostra azienda locale (Taxi Service Rethymno).<\/p>\n<\/div>\n<p>Possiamo anche organizzare escursioni verso varie destinazioni dalla nostra base a Rethymno.<\/p>\n<div class=\"row\">\n<div class=\"col-12 col-md-6 col-lg-3\">\n        <figure id=\"attachment_90\" aria-describedby=\"caption-attachment-90\" style=\"width: 400px\" class=\"wp-caption aligncenter\"><img loading=\"lazy\" decoding=\"async\" src=\"https:\/\/taxiservicerethymno.gr\/wp-content\/uploads\/2016\/07\/kournas1.jpg\" alt=\"Kournas Lake\" width=\"400\" height=\"250\" class=\"size-full wp-image-90\" srcset=\"https:\/\/taxiservicerethymno.gr\/wp-content\/uploads\/2016\/07\/kournas1.jpg 400w, https:\/\/taxiservicerethymno.gr\/wp-content\/uploads\/2016\/07\/kournas1-300x188.jpg 300w\" sizes=\"auto, (max-width: 400px) 100vw, 400px\" \/><figcaption id=\"caption-attachment-90\" class=\"wp-caption-text\">Lago Kournas<\/figcaption><\/figure>\n    <\/div>\n<div class=\"col-12 col-md-6 col-lg-3\">\n        <figure id=\"attachment_91\" aria-describedby=\"caption-attachment-91\" style=\"width: 400px\" class=\"wp-caption aligncenter\"><img loading=\"lazy\" decoding=\"async\" src=\"https:\/\/taxiservicerethymno.gr\/wp-content\/uploads\/2016\/07\/preveli1.jpg\" alt=\"Preveli\" width=\"400\" height=\"250\" class=\"size-full wp-image-91\" srcset=\"https:\/\/taxiservicerethymno.gr\/wp-content\/uploads\/2016\/07\/preveli1.jpg 400w, https:\/\/taxiservicerethymno.gr\/wp-content\/uploads\/2016\/07\/preveli1-300x188.jpg 300w\" sizes=\"auto, (max-width: 400px) 100vw, 400px\" \/><figcaption id=\"caption-attachment-91\" class=\"wp-caption-text\">Preveli<\/figcaption><\/figure>\n    <\/div>\n<div class=\"col-12 col-md-6 col-lg-3\">\n        <figure id=\"attachment_92\" aria-describedby=\"caption-attachment-92\" style=\"width: 400px\" class=\"wp-caption aligncenter\"><img loading=\"lazy\" decoding=\"async\" src=\"https:\/\/taxiservicerethymno.gr\/wp-content\/uploads\/2016\/07\/plakias1.jpg\" alt=\"Plakias\" width=\"400\" height=\"250\" class=\"size-full wp-image-92\" srcset=\"https:\/\/taxiservicerethymno.gr\/wp-content\/uploads\/2016\/07\/plakias1.jpg 400w, https:\/\/taxiservicerethymno.gr\/wp-content\/uploads\/2016\/07\/plakias1-300x188.jpg 300w\" sizes=\"auto, (max-width: 400px) 100vw, 400px\" \/><figcaption id=\"caption-attachment-92\" class=\"wp-caption-text\">Plakias<\/figcaption><\/figure>\n    <\/div>\n<div class=\"col-12 col-md-6 col-lg-3\">\n        <figure id=\"attachment_93\" aria-describedby=\"caption-attachment-93\" style=\"width: 400px\" class=\"wp-caption aligncenter\"><img loading=\"lazy\" decoding=\"async\" src=\"https:\/\/taxiservicerethymno.gr\/wp-content\/uploads\/2023\/01\/kalypso.jpg\" alt=\"Kalypso\" width=\"400\" height=\"250\" class=\"size-full wp-image-93\" \/><figcaption id=\"caption-attachment-93\" class=\"wp-caption-text\">Kalypso<\/figcaption><\/figure>\n    <\/div>\n<\/div>\n<p><a href=\"https:\/\/taxiservicerethymno.gr\/it\/escursioni\/\">Ecco alcuni dei nostri suggerimenti per escursioni \u2192<\/a><\/p>\n<p>I nostri tour sono sempre pianificati in consultazione con il cliente, in modo che il cliente possa essere certo che sta andando alla migliore escursione per lui  e al miglior prezzo.<\/p>\n<p>Buon viaggio!<\/p>\n","protected":false},"excerpt":{"rendered":"<p>Abbiamo messo insieme un eccezionale gruppo di tassisti professionisti con affidabili auto di lusso (Mercedes, Volvo, ecc.) in modo da poter offrire ai nostri clienti il miglior servizio possibile. I nostri autisti trasportano i nostri clienti in modo affidabile e responsabile a tutti gli itinerari di Creta, da e agli aeroporti (Chania &#8211; Heraklion) e [&hellip;]<\/p>\n","protected":false},"author":1,"featured_media":0,"parent":0,"menu_order":0,"comment_status":"closed","ping_status":"closed","template":"","meta":{"_acf_changed":false,"footnotes":""},"class_list":["post-2185","page","type-page","status-publish","hentry"],"acf":[],"_links":{"self":[{"href":"https:\/\/taxiservicerethymno.gr\/it\/wp-json\/wp\/v2\/pages\/2185","targetHints":{"allow":["GET"]}}],"collection":[{"href":"https:\/\/taxiservicerethymno.gr\/it\/wp-json\/wp\/v2\/pages"}],"about":[{"href":"https:\/\/taxiservicerethymno.gr\/it\/wp-json\/wp\/v2\/types\/page"}],"author":[{"embeddable":true,"href":"https:\/\/taxiservicerethymno.gr\/it\/wp-json\/wp\/v2\/users\/1"}],"replies":[{"embeddable":true,"href":"https:\/\/taxiservicerethymno.gr\/it\/wp-json\/wp\/v2\/comments?post=2185"}],"version-history":[{"count":0,"href":"https:\/\/taxiservicerethymno.gr\/it\/wp-json\/wp\/v2\/pages\/2185\/revisions"}],"wp:attachment":[{"href":"https:\/\/taxiservicerethymno.gr\/it\/wp-json\/wp\/v2\/media?parent=2185"}],"curies":[{"name":"wp","href":"https:\/\/api.w.org\/{rel}","templated":true}]}}