{"id":2203,"date":"2017-12-24T20:03:38","date_gmt":"2017-12-24T18:03:38","guid":{"rendered":"http:\/\/taxiservicerethymno.gr\/?page_id=2203"},"modified":"2023-01-28T20:01:43","modified_gmt":"2023-01-28T18:01:43","slug":"clienti-felici","status":"publish","type":"page","link":"https:\/\/taxiservicerethymno.gr\/it\/clienti-felici\/","title":{"rendered":"Clienti felici"},"content":{"rendered":"\r\n        <div class=\"row row-cols-1 row-cols-md-3\">\r\n            \r\n            <div class=\"mb-3 mb-md-0\">\r\n                <figure>\r\n                  <blockquote class=\"blockquote\">\r\n                    <div class=\"h5 fw-bold\"><i class=\"fas fa-quote-left fa-2x\"><\/i> Servizio di trasporto eccellente<\/div>\r\n                    <p class=\"fs-6 border-start border-3 ps-3\">Stavros \u00e9 stato un ottimo autista (guida sicura), ho usufruito del servizio di trasposto da e per l'aeroporto di Heraklion. \u00c8 stato puntuale, oltre ad essere una persona cordiale ed educata.<\/p>\r\n                  <\/blockquote>\r\n                  <figcaption class=\"blockquote-footer pt-2\">\r\n                    SpicyMoon <br> <cite title=\"Source\"><a href=\"https:\/\/www.tripadvisor.com.gr\/ShowUserReviews-g189421-d8673688-r710664372-Taxi_Service_Rethymno-Rethymnon_Rethymnon_Prefecture_Crete.html?m=19905\" target=\"_blank\" rel=\"noopener noreferrer\">a review from tripadvisor<\/a><\/cite>\r\n                  <\/figcaption>\r\n                <\/figure>\r\n            <\/div>\r\n            <div class=\"mb-3 mb-md-0\">\r\n                <figure>\r\n                  <blockquote class=\"blockquote\">\r\n                    <div class=\"h5 fw-bold\"><i class=\"fas fa-quote-left fa-2x\"><\/i> Buon viaggio!<\/div>\r\n                    <p class=\"fs-6 border-start border-3 ps-3\">Sono stata molto contenta del viaggio da Rethymno all\u2019aeroporto! Il prezzo \u00e8 migliore dei altri taxi. Quando torno lo prenoto senz\u2019altro! Consiglio<\/p>\r\n                  <\/blockquote>\r\n                  <figcaption class=\"blockquote-footer pt-2\">\r\n                    Olena F<br> <cite title=\"Source\"><a href=\"https:\/\/www.tripadvisor.com.gr\/Profile\/518olenaf\" target=\"_blank\" rel=\"noopener noreferrer\">a review from tripadvisor<\/a><\/cite>\r\n                  <\/figcaption>\r\n                <\/figure>\r\n            <\/div>\r\n            <div class=\"mb-3 mb-md-0\">\r\n                <figure>\r\n                  <blockquote class=\"blockquote\">\r\n                    <div class=\"h5 fw-bold\"><i class=\"fas fa-quote-left fa-2x\"><\/i> ECCELLENTE SERVIZIO!<\/div>\r\n                    <p class=\"fs-6 border-start border-3 ps-3\">Ottima compagnia! Primo contatto con Stavros via whatsapp, poi tutto via mail. Tutto molto chiaro e veloce. Gentilezza, puntualit\u00e0, autista perfetto con guida sicura e tranquilla. Ci \u00e8 addirittura capitato un upgrading con navetta per pi\u00f9 persone e noi eravamo in due! Tratta Rhetymnon\/Aeroporto di Heraklion. Prezzi competitivi. Assolutamente consigliato! Grazie Stavros!<\/p>\r\n                  <\/blockquote>\r\n                  <figcaption class=\"blockquote-footer pt-2\">\r\n                    popi61 Gallarate<br> <cite title=\"Source\"><a href=\"https:\/\/www.tripadvisor.com.gr\/Profile\/popi61\" target=\"_blank\" rel=\"noopener noreferrer\">a review from tripadvisor<\/a><\/cite>\r\n                  <\/figcaption>\r\n                <\/figure>\r\n            <\/div>\r\n            <div class=\"mb-3 mb-md-0\">\r\n                <figure>\r\n                  <blockquote class=\"blockquote\">\r\n                    <div class=\"h5 fw-bold\"><i class=\"fas fa-quote-left fa-2x\"><\/i> Stavros eccezionale<\/div>\r\n                    <p class=\"fs-6 border-start border-3 ps-3\">Seguendo le recensioni di tripadvisor ho prenotato il trasferimento da\/per l'aeroporto di Chania per un hotel a Rethymno. (Leoniki residence a Platanes)\r\nEbbene \u00e8 stata un'esperienza piacevolissima.\r\nStavros ci ha atteso agli arrivi in aeroporto e con estrema gentilezza e professionalit\u00e0 si \u00e8 occupato di noi (io e mio marito).\r\nGuida veloce ma corretta e rilassante. Stavros poi \u00e8 una persona eccezionale che ti spiega tutto ci\u00f2 che pu\u00f2 della sua isola.\r\nQuando torneremo a Creta (e vogliamo tornarci perch\u00e8 \u00e8 troppo bella) sicuramente chiameremo di nuovo Stavros\r\nUltima cosa: i prezzi sono competitivi rispetto ad altri servizi di taxi.\r\nGrazie mille e ... arrivederci\r\nRosaria e Luciano<\/p>\r\n                  <\/blockquote>\r\n                  <figcaption class=\"blockquote-footer pt-2\">\r\n                    rosariar567 <br> <cite title=\"Source\"><a href=\"https:\/\/www.tripadvisor.com.gr\/ShowUserReviews-g189421-d8673688-r626827961-Taxi_Service_Rethymno-Rethymnon_Rethymnon_Prefecture_Crete.html?m=19905\" target=\"_blank\" rel=\"noopener noreferrer\">a review from tripadvisor<\/a><\/cite>\r\n                  <\/figcaption>\r\n                <\/figure>\r\n            <\/div>\r\n            <div class=\"mb-3 mb-md-0\">\r\n                <figure>\r\n                  <blockquote class=\"blockquote\">\r\n                    <div class=\"h5 fw-bold\"><i class=\"fas fa-quote-left fa-2x\"><\/i> Taxi from LIDL<\/div>\r\n                    <p class=\"fs-6 border-start border-3 ps-3\">We came back from LIDL and we phoned the taxi and in 5-8mins they showed up and gave us a ride home.\r\nVery friendly u can have a chat with and there English is pretty good.\r\nGood pricing,\r\n\r\nRecommended for getting around!<\/p>\r\n                  <\/blockquote>\r\n                  <figcaption class=\"blockquote-footer pt-2\">\r\n                    Cdr_rob  Breuil-Cervinia, Italy<br> <cite title=\"Source\"><a href=\"https:\/\/www.tripadvisor.com\/ShowUserReviews-g189421-d8673688-r404834116-Taxi_Service_Rethymno-Rethymnon_Rethymnon_Prefecture_Crete.html?m=19905\" target=\"_blank\" rel=\"noopener noreferrer\">a review from tripadvisor<\/a><\/cite>\r\n                  <\/figcaption>\r\n                <\/figure>\r\n            <\/div>\r\n            <div class=\"mb-3 mb-md-0\">\r\n                <figure>\r\n                  <blockquote class=\"blockquote\">\r\n                    <div class=\"h5 fw-bold\"><i class=\"fas fa-quote-left fa-2x\"><\/i> In giro per Creta con Stavros<\/div>\r\n                    <p class=\"fs-6 border-start border-3 ps-3\">Il miglior taxi driver che io abbia mai incontrato! Sono appena tornata da Creta dopo alcuni giorni trascorsi l\u00ed per il compleanno di mia sorella.Stavros ci \u00e8 venuto a prendere all\u2019aeroporto e dopo cinque minuti di conversazione ci sentivamo a casa! Un professionista di livello perch\u00e9 ti fa sentire sicura mentre sei in auto e una persona speciale. Ci ha consigliato i migliori ristoranti dove mangiare a Rethymno (quelli genuini) e aveva ragione! Ci ha anche detto cosa fare e cosa vedere nel tempo che avevamo a disposizione. E lo abbiamo\r\nchiamato altre volte per raggiungere alcuni luoghi che volevamo visitate. Non \u00e8 solo un taxi driver \u00e8 pi\u00f9 una guida turistica, delle migliori che potete incontrare. Conosce ogni angolo della sua isola e ama il contatto con le persone. Io sono molto selettiva e posso dire che i consigli di Stravos sono stati eccellenti! Super raccomodato! Io me lo porterei in giro per il mondo!<\/p>\r\n                  <\/blockquote>\r\n                  <figcaption class=\"blockquote-footer pt-2\">\r\n                    AlexaIsabel3<br> <cite title=\"Source\"><a href=\"https:\/\/www.tripadvisor.com.gr\/ShowUserReviews-g189421-d8673688-r578076068-Taxi_Service_Rethymno-Rethymnon_Rethymnon_Prefecture_Crete.html?m=19905\" target=\"_blank\" rel=\"noopener noreferrer\">a review from tripadvisor<\/a><\/cite>\r\n                  <\/figcaption>\r\n                <\/figure>\r\n            <\/div>\r\n            <div class=\"mb-3 mb-md-0\">\r\n                <figure>\r\n                  <blockquote class=\"blockquote\">\r\n                    <div class=\"h5 fw-bold\"><i class=\"fas fa-quote-left fa-2x\"><\/i> Velocit\u00e0 e buoni prezzi<\/div>\r\n                    <p class=\"fs-6 border-start border-3 ps-3\">Se siete a Rethimno,e avete il bisogno di spostarvi in citt\u00e0 non pensateci molto,telefonate al 25000,oppure al 35000,e chiedete un taxi.\r\nIn tempi brevi,vi mandano un taxi.\r\nIl costo per il tragitto dentro la citt\u00e0 ha un costo standard,di 5,00 euro.\r\nIo mi sono spostata dal mio albergo alla stazione dei autobus,e ho pagato solo 5,00 euro.\r\nSe dovete fare un viaggio pi\u00f9 lungo \u00e8 consigliabile accordarsi prima sul costo.\r\nI tassisti,sono gentili e sono in grado di consigliare bar,ristoranti alberghi,ed altro.<\/p>\r\n                  <\/blockquote>\r\n                  <figcaption class=\"blockquote-footer pt-2\">\r\n                    419STELLA Monza, Italia<br> <cite title=\"Source\"><a href=\"https:\/\/www.tripadvisor.com.gr\/Profile\/419STELLA\" target=\"_blank\" rel=\"noopener noreferrer\">a review from tripadvisor<\/a><\/cite>\r\n                  <\/figcaption>\r\n                <\/figure>\r\n            <\/div> \r\n        <\/div>\r\n    \n","protected":false},"excerpt":{"rendered":"","protected":false},"author":1,"featured_media":0,"parent":0,"menu_order":0,"comment_status":"closed","ping_status":"closed","template":"page-nosidebar.php","meta":{"_acf_changed":false,"footnotes":""},"class_list":["post-2203","page","type-page","status-publish","hentry"],"acf":[],"_links":{"self":[{"href":"https:\/\/taxiservicerethymno.gr\/it\/wp-json\/wp\/v2\/pages\/2203","targetHints":{"allow":["GET"]}}],"collection":[{"href":"https:\/\/taxiservicerethymno.gr\/it\/wp-json\/wp\/v2\/pages"}],"about":[{"href":"https:\/\/taxiservicerethymno.gr\/it\/wp-json\/wp\/v2\/types\/page"}],"author":[{"embeddable":true,"href":"https:\/\/taxiservicerethymno.gr\/it\/wp-json\/wp\/v2\/users\/1"}],"replies":[{"embeddable":true,"href":"https:\/\/taxiservicerethymno.gr\/it\/wp-json\/wp\/v2\/comments?post=2203"}],"version-history":[{"count":0,"href":"https:\/\/taxiservicerethymno.gr\/it\/wp-json\/wp\/v2\/pages\/2203\/revisions"}],"wp:attachment":[{"href":"https:\/\/taxiservicerethymno.gr\/it\/wp-json\/wp\/v2\/media?parent=2203"}],"curies":[{"name":"wp","href":"https:\/\/api.w.org\/{rel}","templated":true}]}}