{"id":1493,"date":"2017-02-12T21:58:57","date_gmt":"2017-02-12T19:58:57","guid":{"rendered":"http:\/\/taxiservicerethymno.gr\/?page_id=1493\/"},"modified":"2023-01-24T18:02:20","modified_gmt":"2023-01-24T16:02:20","slug":"fornoyde-kunder","status":"publish","type":"page","link":"https:\/\/taxiservicerethymno.gr\/nb\/fornoyde-kunder\/","title":{"rendered":"Forn\u00f8yde kunder"},"content":{"rendered":"\r\n        <div class=\"row row-cols-1 row-cols-md-3\">\r\n            \r\n            <div class=\"mb-3 mb-md-0\">\r\n                <figure>\r\n                  <blockquote class=\"blockquote\">\r\n                    <div class=\"h5 fw-bold\"><i class=\"fas fa-quote-left fa-2x\"><\/i> Fantastisk opplevelse<\/div>\r\n                    <p class=\"fs-6 border-start border-3 ps-3\">Vi ble tatt i mot av en veldig hyggelig mann. Bilen var fantastisk og vi fikk en flaske vann da vi ankom.\r\nTuren var behagelig og vi kommer til \u00e5 benytte Taxi Service Rethymno n\u00e5r vi kommer tilbake til Kreta i august 2024.<\/p>\r\n                  <\/blockquote>\r\n                  <figcaption class=\"blockquote-footer pt-2\">\r\n                    Bj\u00f8rg S<br> <cite title=\"Source\"><a href=\"https:\/\/www.tripadvisor.com.gr\/Profile\/554bj_rgs\" target=\"_blank\" rel=\"noopener noreferrer\">a review from tripadvisor<\/a><\/cite>\r\n                  <\/figcaption>\r\n                <\/figure>\r\n            <\/div>\r\n            <div class=\"mb-3 mb-md-0\">\r\n                <figure>\r\n                  <blockquote class=\"blockquote\">\r\n                    <div class=\"h5 fw-bold\"><i class=\"fas fa-quote-left fa-2x\"><\/i> Anbefales!<\/div>\r\n                    <p class=\"fs-6 border-start border-3 ps-3\">Vi bestilte tur-retur Chania-Rethymnon via hjemmesiden deres og fikk rask tilbakemelding fra Stavros. Sj\u00e5f\u00f8ren var punktlig og hyggelig. Taxi Service Rethymno anbefales!<\/p>\r\n                  <\/blockquote>\r\n                  <figcaption class=\"blockquote-footer pt-2\">\r\n                    Grete B wrote a review Oct 2019 Bodo, Norway<br> <cite title=\"Source\"><a href=\"https:\/\/www.tripadvisor.com\/ShowUserReviews-g189421-d8673688-r714446681-Taxi_Service_Rethymno-Rethymnon_Rethymnon_Prefecture_Crete.html?m=19905\" target=\"_blank\" rel=\"noopener noreferrer\">a review from tripadvisor<\/a><\/cite>\r\n                  <\/figcaption>\r\n                <\/figure>\r\n            <\/div>\r\n            <div class=\"mb-3 mb-md-0\">\r\n                <figure>\r\n                  <blockquote class=\"blockquote\">\r\n                    <div class=\"h5 fw-bold\"><i class=\"fas fa-quote-left fa-2x\"><\/i> Excellent service, nice cars and good prices<\/div>\r\n                    <p class=\"fs-6 border-start border-3 ps-3\">Uncomplicated booking online at a very competitive price. Easy communication and effective transportation from Chania airport to Rethymno and back. Highly recommended!<\/p>\r\n                  <\/blockquote>\r\n                  <figcaption class=\"blockquote-footer pt-2\">\r\n                    RFjeld Sandefjord, Norway<br> <cite title=\"Source\"><a href=\"https:\/\/www.tripadvisor.com\/ShowUserReviews-g189421-d8673688-r617769026-Taxi_Service_Rethymno-Rethymnon_Rethymnon_Prefecture_Crete.html?m=19905\" target=\"_blank\" rel=\"noopener noreferrer\">a review from tripadvisor<\/a><\/cite>\r\n                  <\/figcaption>\r\n                <\/figure>\r\n            <\/div>\r\n            <div class=\"mb-3 mb-md-0\">\r\n                <figure>\r\n                  <blockquote class=\"blockquote\">\r\n                    <div class=\"h5 fw-bold\"><i class=\"fas fa-quote-left fa-2x\"><\/i> Ble til en flott opplevelse<\/div>\r\n                    <p class=\"fs-6 border-start border-3 ps-3\">Vi tok taxi fram og tilbake fra Chania flyplass til Rethytmnon . Tilbaketuren med Stavros ble en flott opplevelse , hvor han fortalte om forskjellige steder p\u00e5 veien .Hentet oss til tiden og fikk oss trygt fram .Utrolig hyggelig fyr .Neste gang s\u00e5 ringer vi samme selskap . Anbefales p\u00e5 det varmeste<\/p>\r\n                  <\/blockquote>\r\n                  <figcaption class=\"blockquote-footer pt-2\">\r\n                     Ellen Gerd H <br> <cite title=\"Source\"><a href=\"https:\/\/www.tripadvisor.com.gr\/ShowUserReviews-g189421-d8673688-r675050976-Taxi_Service_Rethymno-Rethymnon_Rethymnon_Prefecture_Crete.html?m=19905\" target=\"_blank\" rel=\"noopener noreferrer\">a review from tripadvisor<\/a><\/cite>\r\n                  <\/figcaption>\r\n                <\/figure>\r\n            <\/div>\r\n            <div class=\"mb-3 mb-md-0\">\r\n                <figure>\r\n                  <blockquote class=\"blockquote\">\r\n                    <div class=\"h5 fw-bold\"><i class=\"fas fa-quote-left fa-2x\"><\/i> Great service \ud83d\ude42<\/div>\r\n                    <p class=\"fs-6 border-start border-3 ps-3\">Our flight was late but Stavros was waiting for us. Adorable man who told us a lot about Crete and about people here on our tour to Rethymno. Absolutely would use again \ud83d\ude42<\/p>\r\n                  <\/blockquote>\r\n                  <figcaption class=\"blockquote-footer pt-2\">\r\n                    Edita H Sandefjord, Norway<br> <cite title=\"Source\"><a href=\"https:\/\/www.tripadvisor.com\/ShowUserReviews-g189421-d8673688-r606073521-Taxi_Service_Rethymno-Rethymnon_Rethymnon_Prefecture_Crete.html?m=19905\" target=\"_blank\" rel=\"noopener noreferrer\">a review from tripadvisor<\/a><\/cite>\r\n                  <\/figcaption>\r\n                <\/figure>\r\n            <\/div>\r\n            <div class=\"mb-3 mb-md-0\">\r\n                <figure>\r\n                  <blockquote class=\"blockquote\">\r\n                    <div class=\"h5 fw-bold\"><i class=\"fas fa-quote-left fa-2x\"><\/i> Rethymno &#8211; Chania flyplass<\/div>\r\n                    <p class=\"fs-6 border-start border-3 ps-3\">Stavros kom presist utenfor v\u00e5rt bosted i Rethymno og kj\u00f8rte oss trygt fram til Chania flyplass til en up\u00e5klagelig pris. En sv\u00e6rt hyggelig mann - makan til taxisj\u00e5f\u00f8r har vi aldri m\u00f8tt! Anbefales p\u00e5 det varmeste.<\/p>\r\n                  <\/blockquote>\r\n                  <figcaption class=\"blockquote-footer pt-2\">\r\n                    Trine Helene H wrote a review Sep 2019 Trondheim, Norway<br> <cite title=\"Source\"><a href=\"https:\/\/www.tripadvisor.com\/ShowUserReviews-g189421-d8673688-r712623046-Taxi_Service_Rethymno-Rethymnon_Rethymnon_Prefecture_Crete.html?m=19905\" target=\"_blank\" rel=\"noopener noreferrer\">a review from tripadvisor<\/a><\/cite>\r\n                  <\/figcaption>\r\n                <\/figure>\r\n            <\/div>\r\n            <div class=\"mb-3 mb-md-0\">\r\n                <figure>\r\n                  <blockquote class=\"blockquote\">\r\n                    <div class=\"h5 fw-bold\"><i class=\"fas fa-quote-left fa-2x\"><\/i> Anbefales\ud83d\udc4d<\/div>\r\n                    <p class=\"fs-6 border-start border-3 ps-3\">Veldig forn\u00f8yd, og ingenting og utsette.De dukket opp p\u00e5 riktig sted til riktig tid. Det eneste selskapet vi fant som tilbydde 16-manns taxi til flyplassen, til en god pris. Alternativet var 3 enkle taxier til 94 euro per stk. Fin nyere taxi med aircondition og god komfort, noe som var viktig for oss som skulle reise 1 t og 15 min til flyplassen (Rethymnon-chania). Anbefaler \u00e5 booke i forkant da det kun er sm\u00e5taxier til disp p\u00e5 flyplassen ved ankomst.<\/p>\r\n                  <\/blockquote>\r\n                  <figcaption class=\"blockquote-footer pt-2\">\r\n                    Grete B  Bodo, Norway<br> <cite title=\"Source\"><a href=\"https:\/\/www.tripadvisor.com.gr\/ShowUserReviews-g189421-d8673688-r675050976-Taxi_Service_Rethymno-Rethymnon_Rethymnon_Prefecture_Crete.html?m=19905\" target=\"_blank\" rel=\"noopener noreferrer\">a review from tripadvisor<\/a><\/cite>\r\n                  <\/figcaption>\r\n                <\/figure>\r\n            <\/div>\r\n            <div class=\"mb-3 mb-md-0\">\r\n                <figure>\r\n                  <blockquote class=\"blockquote\">\r\n                    <div class=\"h5 fw-bold\"><i class=\"fas fa-quote-left fa-2x\"><\/i> Punktlig og billig taxi p\u00e5 Kreta<\/div>\r\n                    <p class=\"fs-6 border-start border-3 ps-3\">Vi benyttet Taxi Service Rethymno fra Chania flyplass og til Rethymnon, og senere tilbake igjen til flyplassen ved avreise.\r\nDet var enkelt \u00e5 booke turen hjemmefra, og vi ble hentet av Stavros p\u00e5 flyplassen som avtalt.\r\nRen og meget behagelig taxi i tillegg til en hyggelig sj\u00e5f\u00f8r for en pengesum som det er verd. Eieren(Stavros) snakker godt engelsk.\r\n\r\nVi vil benytte Taxi Service Rethymno ved neste Kreta-tur og kan absolutt anbefale de til andre som skal fra Chania flyplass til Rethymno(og sikkert andre steder)<\/p>\r\n                  <\/blockquote>\r\n                  <figcaption class=\"blockquote-footer pt-2\">\r\n                    Jan G  Kristiansund, More og Romsdal, Norway<br> <cite title=\"Source\"><a href=\"https:\/\/www.tripadvisor.com\/ShowUserReviews-g189421-d8673688-r504408686-Taxi_Service_Rethymno-Rethymnon_Rethymnon_Prefecture_Crete.html?m=19905\" target=\"_blank\" rel=\"noopener noreferrer\">a review from tripadvisor<\/a><\/cite>\r\n                  <\/figcaption>\r\n                <\/figure>\r\n            <\/div>\r\n            <div class=\"mb-3 mb-md-0\">\r\n                <figure>\r\n                  <blockquote class=\"blockquote\">\r\n                    <div class=\"h5 fw-bold\"><i class=\"fas fa-quote-left fa-2x\"><\/i> P\u00e5litelig og hyggelig!<\/div>\r\n                    <p class=\"fs-6 border-start border-3 ps-3\">Vi benyttet Taxi Service Rethymno b\u00e5de i 2017 og 2018 og det blir vi \u00e5 fortsette med. De henter og bringer oss fra Chania til hotellet og tilbake igjen, presist og sikkert. Enkel og lett \u00e5 bestille og Stavros svarer umiddelbart p\u00e5 henvendelser. I \u00e5r kj\u00f8rte Stavros oss ogs\u00e5 til restaurant Thavma oppe i fjellene og hentet oss etterp\u00e5. I tillegg til \u00e5 kj\u00f8re oss trygt dit vi skal til korrekt tid, s\u00e5 har han ogs\u00e5 mye \u00e5 fortelle og l\u00e6re oss om denne vakre \u00f8ya. Vi kan trygt anbefale Taxi Service Rethymno!<\/p>\r\n                  <\/blockquote>\r\n                  <figcaption class=\"blockquote-footer pt-2\">\r\n                    Rannveig  Tromsdalen, Norway<br> <cite title=\"Source\"><a href=\"https:\/\/www.tripadvisor.com\/ShowUserReviews-g189421-d8673688-r594634265-Taxi_Service_Rethymno-Rethymnon_Rethymnon_Prefecture_Crete.html?m=19905\" target=\"_blank\" rel=\"noopener noreferrer\">a review from tripadvisor<\/a><\/cite>\r\n                  <\/figcaption>\r\n                <\/figure>\r\n            <\/div>\r\n            <div class=\"mb-3 mb-md-0\">\r\n                <figure>\r\n                  <blockquote class=\"blockquote\">\r\n                    <div class=\"h5 fw-bold\"><i class=\"fas fa-quote-left fa-2x\"><\/i> Sv\u00e6rt god service<\/div>\r\n                    <p class=\"fs-6 border-start border-3 ps-3\">Vi er sv\u00e6rt forn\u00f8yd med Taxi Service Rethymno og ikke minst med Stavros.\r\nAlltid hyggelig og blid.\r\nFor oss er det blitt en selvf\u00f8lge \u00e5 bestille hos ham n\u00e5r vi skal til Kreta p\u00e5 ferie.\r\nAlltid presis.\r\nVi kan anbefale denne tjenesten.<\/p>\r\n                  <\/blockquote>\r\n                  <figcaption class=\"blockquote-footer pt-2\">\r\n                    Stay726527  Bergen, Norway<br> <cite title=\"Source\"><a href=\"https:\/\/www.tripadvisor.com\/ShowUserReviews-g189421-d8673688-r610704688-Taxi_Service_Rethymno-Rethymnon_Rethymnon_Prefecture_Crete.html?m=19905\" target=\"_blank\" rel=\"noopener noreferrer\">a review from tripadvisor<\/a><\/cite>\r\n                  <\/figcaption>\r\n                <\/figure>\r\n            <\/div>\r\n            <div class=\"mb-3 mb-md-0\">\r\n                <figure>\r\n                  <blockquote class=\"blockquote\">\r\n                    <div class=\"h5 fw-bold\"><i class=\"fas fa-quote-left fa-2x\"><\/i> Great taxi ride from Chania Airport to Rethymno<\/div>\r\n                    <p class=\"fs-6 border-start border-3 ps-3\">The last few years we have booked at Taxi Service Rethymno. As always service is great! Driver is always at time and waiting for us at the airport and at our hotel at departure. We are always taken good care of. I reccomend this company highly. We will come back next year, and book Taxi Service Rethymno again.<\/p>\r\n                  <\/blockquote>\r\n                  <figcaption class=\"blockquote-footer pt-2\">\r\n                    Margrethe K  Porsgrunn, Norway<br> <cite title=\"Source\"><a href=\"https:\/\/www.tripadvisor.com\/ShowUserReviews-g189421-d8673688-r767260483-Taxi_Service_Rethymno-Rethymnon_Rethymnon_Prefecture_Crete.html?m=19905\" target=\"_blank\" rel=\"noopener noreferrer\">a review from tripadvisor<\/a><\/cite>\r\n                  <\/figcaption>\r\n                <\/figure>\r\n            <\/div>\r\n            <div class=\"mb-3 mb-md-0\">\r\n                <figure>\r\n                  <blockquote class=\"blockquote\">\r\n                    <div class=\"h5 fw-bold\"><i class=\"fas fa-quote-left fa-2x\"><\/i> Beste transport mellom Chania og Rethymno<\/div>\r\n                    <p class=\"fs-6 border-start border-3 ps-3\">Veldig punktlig og hyggelig taxi fra Chania flyplass til Rethymno, med retur en uke etter. Stavros kj\u00f8rer trygt og sikkert. Han er stolt av Kreta og forteller deg gjerne om hvordan det er \u00e5 leve der ! Vi kommer til \u00e5 benytte Stavros ved en senere anledning !<\/p>\r\n                  <\/blockquote>\r\n                  <figcaption class=\"blockquote-footer pt-2\">\r\n                    Are V  Sortland, Norway<br> <cite title=\"Source\"><a href=\"https:\/\/www.tripadvisor.com\/ShowUserReviews-g189421-d8673688-r517897147-Taxi_Service_Rethymno-Rethymnon_Rethymnon_Prefecture_Crete.html?m=19905\" target=\"_blank\" rel=\"noopener noreferrer\">a review from tripadvisor<\/a><\/cite>\r\n                  <\/figcaption>\r\n                <\/figure>\r\n            <\/div>\r\n            <div class=\"mb-3 mb-md-0\">\r\n                <figure>\r\n                  <blockquote class=\"blockquote\">\r\n                    <div class=\"h5 fw-bold\"><i class=\"fas fa-quote-left fa-2x\"><\/i> Excellent service<\/div>\r\n                    <p class=\"fs-6 border-start border-3 ps-3\">Perfect transfer\r\nExcellent service. Right on time. We really enjoyed the trip to and from Rethymno\/Chania airport. Perfect trip, friendly driver. \ud83d\ude42<\/p>\r\n                  <\/blockquote>\r\n                  <figcaption class=\"blockquote-footer pt-2\">\r\n                    Wadstensvik  Kristiansund, Norway<br> <cite title=\"Source\"><a href=\"https:\/\/www.tripadvisor.com\/ShowUserReviews-g189421-d8673688-r700245426-Taxi_Service_Rethymno-Rethymnon_Rethymnon_Prefecture_Crete.html?m=19905\" target=\"_blank\" rel=\"noopener noreferrer\">a review from tripadvisor<\/a><\/cite>\r\n                  <\/figcaption>\r\n                <\/figure>\r\n            <\/div>\r\n            <div class=\"mb-3 mb-md-0\">\r\n                <figure>\r\n                  <blockquote class=\"blockquote\">\r\n                    <div class=\"h5 fw-bold\"><i class=\"fas fa-quote-left fa-2x\"><\/i> Super service!!<\/div>\r\n                    <p class=\"fs-6 border-start border-3 ps-3\">Vi avtalte p\u00e5 forh\u00e5nd at vi skulle bli hentet p\u00e5 Chania Airport, og kj\u00f8rt til hotellet v\u00e5rt, like utenfor Rethymno. N\u00e5r vi ankom flyplassen, stod sj\u00e5f\u00f8ren klar med et skilt med mitt navn p\u00e5. Turen til Rethymno tok litt over \u00e9n time, og sj\u00e5f\u00f8ren var veldig hyggelig og kom med informasjon om stedene vi passerte. Fotball ble det ogs\u00e5 diskutert! \ud83d\ude03 Vel framme p\u00e5 hotellet fikk vi kortet hans, og vi m\u00e5tte kontakte ham hvis vi trengte flere taxi-turer i l\u00f8pet av ferien. Vi brukte firmaet flere ganger, og hver gang var servicen og sj\u00e5f\u00f8ren veldig bra! Vi brukte dem ogs\u00e5 p\u00e5 vei tilbake til flyplassen, og det var en flink og hyggelig sj\u00e5f\u00f8r som forklarte underveis. Gode priser p\u00e5 taxiturene, og super service! Anbefales!! \ud83d\udc4d\ud83d\udc4d<\/p>\r\n                  <\/blockquote>\r\n                  <figcaption class=\"blockquote-footer pt-2\">\r\n                    solo-olsen Varhaug, Norge<br> <cite title=\"Source\"><a href=\"https:\/\/www.tripadvisor.com.gr\/Profile\/solo-olsen\" target=\"_blank\" rel=\"noopener noreferrer\">a review from tripadvisor<\/a><\/cite>\r\n                  <\/figcaption>\r\n                <\/figure>\r\n            <\/div>\r\n            <div class=\"mb-3 mb-md-0\">\r\n                <figure>\r\n                  <blockquote class=\"blockquote\">\r\n                    <div class=\"h5 fw-bold\"><i class=\"fas fa-quote-left fa-2x\"><\/i> Thomas L Silkeborg, Denmark<\/div>\r\n                    <p class=\"fs-6 border-start border-3 ps-3\">Vi brugte dem et par gange. Efterspurgte pris og bookede via deres hjemmeside. Konkurrence dygtig pris. Fulgte hurtigt op p\u00e5 henvendelse og kom til aftalte tid. Taxi ren og chauff\u00f8r meget venlig.\r\nKan klart anbefales<\/p>\r\n                  <\/blockquote>\r\n                  <figcaption class=\"blockquote-footer pt-2\">\r\n                    Thomas L<br> <cite title=\"Source\"><a href=\"https:\/\/www.tripadvisor.com.gr\/Profile\/thomaslX7230DL\" target=\"_blank\" rel=\"noopener noreferrer\">a review from tripadvisor<\/a><\/cite>\r\n                  <\/figcaption>\r\n                <\/figure>\r\n            <\/div>\r\n            <div class=\"mb-3 mb-md-0\">\r\n                <figure>\r\n                  <blockquote class=\"blockquote\">\r\n                    <div class=\"h5 fw-bold\"><i class=\"fas fa-quote-left fa-2x\"><\/i> Highly Recommended<\/div>\r\n                    <p class=\"fs-6 border-start border-3 ps-3\">We had quite a bit of a drive from the airport til Plakias, but this guy gave us a fair price and got us there safely. It was great that we could book the trip online beforehand. He answered fast and met us at the airport holding a sign with out names, so we would know it was him. A week later he showed up on time and took us back to the airport.\r\n\r\nIn addition to being a really friendly guy, he also knows a lot about Crete, which makes for an interesting drive. He'll point out the great sights and give you tips as to where you should go to experience the best of Crete (and he'll of course be willing to drive you there).<\/p>\r\n                  <\/blockquote>\r\n                  <figcaption class=\"blockquote-footer pt-2\">\r\n                    Ann Christin W  Bergen, Norway<br> <cite title=\"Source\"><a href=\"https:\/\/www.tripadvisor.com\/ShowUserReviews-g189421-d8673688-r488377242-Taxi_Service_Rethymno-Rethymnon_Rethymnon_Prefecture_Crete.html?m=19905\" target=\"_blank\" rel=\"noopener noreferrer\">a review from tripadvisor<\/a><\/cite>\r\n                  <\/figcaption>\r\n                <\/figure>\r\n            <\/div>\r\n            <div class=\"mb-3 mb-md-0\">\r\n                <figure>\r\n                  <blockquote class=\"blockquote\">\r\n                    <div class=\"h5 fw-bold\"><i class=\"fas fa-quote-left fa-2x\"><\/i> Fantastisk service !!!<\/div>\r\n                    <p class=\"fs-6 border-start border-3 ps-3\">Anbefaler Taxi Service Rethymno til alle som trenger transport p\u00e5 Kreta. Stavros yter topp service og ble v\u00e5r venn tur\/retur Chania\/Rethymno. De har faste priser og er billige sammelignet med andre. Enkel booking og ikke minst, en sv\u00e6rt trygg og punktlig sj\u00e5f\u00f8r. Efharisto poli Stavros \ud83d\ude42<\/p>\r\n                  <\/blockquote>\r\n                  <figcaption class=\"blockquote-footer pt-2\">\r\n                    KristinSoelvik Stavanger, Norway<br> <cite title=\"Source\"><a href=\"https:\/\/www.tripadvisor.com\/ShowUserReviews-g189421-d8673688-r524248399-Taxi_Service_Rethymno-Rethymnon_Rethymnon_Prefecture_Crete.html?m=19905\" target=\"_blank\" rel=\"noopener noreferrer\">a review from tripadvisor<\/a><\/cite>\r\n                  <\/figcaption>\r\n                <\/figure>\r\n            <\/div>\r\n            <div class=\"mb-3 mb-md-0\">\r\n                <figure>\r\n                  <blockquote class=\"blockquote\">\r\n                    <div class=\"h5 fw-bold\"><i class=\"fas fa-quote-left fa-2x\"><\/i> Excellent service<\/div>\r\n                    <p class=\"fs-6 border-start border-3 ps-3\">We travelled from Rethymnon to Chania airport. Easy to book, very clean car, nice service and easy driving. Recommended!<\/p>\r\n                  <\/blockquote>\r\n                  <figcaption class=\"blockquote-footer pt-2\">\r\n                    claesbackman  Malm\u00f6, Sweden<br> <cite title=\"Source\"><a href=\"https:\/\/www.tripadvisor.com\/ShowUserReviews-g189421-d8673688-r617849385-Taxi_Service_Rethymno-Rethymnon_Rethymnon_Prefecture_Crete.html?m=19905\" target=\"_blank\" rel=\"noopener noreferrer\">a review from tripadvisor<\/a><\/cite>\r\n                  <\/figcaption>\r\n                <\/figure>\r\n            <\/div> \r\n        <\/div>\r\n    \n","protected":false},"excerpt":{"rendered":"","protected":false},"author":1,"featured_media":0,"parent":0,"menu_order":0,"comment_status":"closed","ping_status":"closed","template":"page-nosidebar.php","meta":{"_acf_changed":false,"footnotes":""},"class_list":["post-1493","page","type-page","status-publish","hentry"],"acf":[],"_links":{"self":[{"href":"https:\/\/taxiservicerethymno.gr\/nb\/wp-json\/wp\/v2\/pages\/1493","targetHints":{"allow":["GET"]}}],"collection":[{"href":"https:\/\/taxiservicerethymno.gr\/nb\/wp-json\/wp\/v2\/pages"}],"about":[{"href":"https:\/\/taxiservicerethymno.gr\/nb\/wp-json\/wp\/v2\/types\/page"}],"author":[{"embeddable":true,"href":"https:\/\/taxiservicerethymno.gr\/nb\/wp-json\/wp\/v2\/users\/1"}],"replies":[{"embeddable":true,"href":"https:\/\/taxiservicerethymno.gr\/nb\/wp-json\/wp\/v2\/comments?post=1493"}],"version-history":[{"count":0,"href":"https:\/\/taxiservicerethymno.gr\/nb\/wp-json\/wp\/v2\/pages\/1493\/revisions"}],"wp:attachment":[{"href":"https:\/\/taxiservicerethymno.gr\/nb\/wp-json\/wp\/v2\/media?parent=1493"}],"curies":[{"name":"wp","href":"https:\/\/api.w.org\/{rel}","templated":true}]}}