{"id":19501,"date":"2023-01-24T18:10:31","date_gmt":"2023-01-24T16:10:31","guid":{"rendered":"https:\/\/taxiservicerethymno.local.gr\/?page_id=19501"},"modified":"2023-01-24T18:10:31","modified_gmt":"2023-01-24T16:10:31","slug":"ofte-stilte-sporsmal","status":"publish","type":"page","link":"https:\/\/taxiservicerethymno.gr\/nb\/ofte-stilte-sporsmal\/","title":{"rendered":"ofte stilte sp\u00f8rsm\u00e5l"},"content":{"rendered":"\r\n                 <div class=\"accordion mb-5\" id=\"accordionFaq\">\r\n    \r\n        <div class=\"accordion-item\">\r\n            <h2 class=\"accordion-header\" id=\"heading1\">\r\n              <button class=\"accordion-button \" type=\"button\" data-bs-toggle=\"collapse\" data-bs-target=\"#collapse1\" aria-expanded=\"true\" aria-controls=\"collapse1\">\r\n                <span class=\"lead\">Hvor mye koster en rute?<\/span>\r\n              <\/button>\r\n            <\/h2>\r\n            <div id=\"collapse1\" class=\"accordion-collapse collapse show\" aria-labelledby=\"heading1\" data-bs-parent=\"#accordionFaq\">\r\n              <div class=\"accordion-body\">\r\n                Vi har en komplett prisliste for nesten alle rutene over hele Kreta. Du kan sjekke dem her: <a href=\"https:\/\/taxiservicerethymno.gr\/nb\/fra-heraklion-flyplass\/\">fra Heraklion lufthavn<\/a>, <a href=\"https:\/\/taxiservicerethymno.gr\/nb\/fra-chania-flyplass\/\">fra Chania lufthavn<\/a>, <a href=\"https:\/\/taxiservicerethymno.gr\/nb\/fra-rethymno-by\/\">fra Rethymno by<\/a> og for <a href=\"https:\/\/taxiservicerethymno.gr\/nb\/for-hotels\/\">popul\u00e6re hoteller p\u00e5 Kreta<\/a>. * Prisene er veiledende for en rute p\u00e5 inntil 4 personer med mellomstor bagasje\r\n              <\/div>\r\n            <\/div>\r\n        <\/div>\r\n        \r\n        <div class=\"accordion-item\">\r\n            <h2 class=\"accordion-header\" id=\"heading2\">\r\n              <button class=\"accordion-button collapsed\" type=\"button\" data-bs-toggle=\"collapse\" data-bs-target=\"#collapse2\" aria-expanded=\"false\" aria-controls=\"collapse2\">\r\n                <span class=\"lead\">Hvordan kan jeg f\u00e5 spesialtilbudet mitt?<\/span>\r\n              <\/button>\r\n            <\/h2>\r\n            <div id=\"collapse2\" class=\"accordion-collapse collapse \" aria-labelledby=\"heading2\" data-bs-parent=\"#accordionFaq\">\r\n              <div class=\"accordion-body\">\r\n                Fyll ut <a href=\"https:\/\/taxiservicerethymno.gr\/nb\/kontakt\/#booking-form\">bestillingsskjemaet<\/a> med alle detaljer (destinasjon, dato, klokkeslett osv.). Legg ogs\u00e5 til i kommentarfeltet at du \u00f8nsker \u00e5 motta et tilbud. Vi vil da sende deg ditt tilbud med den beste prisen. Du b\u00f8r svare oss at du er enig i prisen vi sendte deg og p\u00e5 denne m\u00e5ten bekrefter vi reservasjonen.\r\n              <\/div>\r\n            <\/div>\r\n        <\/div>\r\n        \r\n        <div class=\"accordion-item\">\r\n            <h2 class=\"accordion-header\" id=\"heading3\">\r\n              <button class=\"accordion-button collapsed\" type=\"button\" data-bs-toggle=\"collapse\" data-bs-target=\"#collapse3\" aria-expanded=\"false\" aria-controls=\"collapse3\">\r\n                <span class=\"lead\">Kan jeg bestille retur samtidig?<\/span>\r\n              <\/button>\r\n            <\/h2>\r\n            <div id=\"collapse3\" class=\"accordion-collapse collapse \" aria-labelledby=\"heading3\" data-bs-parent=\"#accordionFaq\">\r\n              <div class=\"accordion-body\">\r\n                Selvf\u00f8lgelig. Det er et tilsvarende felt p\u00e5 <a href=\"https:\/\/taxiservicerethymno.gr\/nb\/kontakt\/#booking-form\">bestillingsskjemaet<\/a>, der hvis du velger det, m\u00e5 du ogs\u00e5 fylle ut returinformasjonen. P\u00e5 denne m\u00e5ten kan du sikre deg returprisen og unng\u00e5 eventuelle pris\u00f8kninger.\r\n              <\/div>\r\n            <\/div>\r\n        <\/div>\r\n        \r\n        <div class=\"accordion-item\">\r\n            <h2 class=\"accordion-header\" id=\"heading4\">\r\n              <button class=\"accordion-button collapsed\" type=\"button\" data-bs-toggle=\"collapse\" data-bs-target=\"#collapse4\" aria-expanded=\"false\" aria-controls=\"collapse4\">\r\n                <span class=\"lead\">M\u00e5 jeg skrive alle detaljene?<\/span>\r\n              <\/button>\r\n            <\/h2>\r\n            <div id=\"collapse4\" class=\"accordion-collapse collapse \" aria-labelledby=\"heading4\" data-bs-parent=\"#accordionFaq\">\r\n              <div class=\"accordion-body\">\r\n                Ja, du m\u00e5 fylle ut alle de obligatoriske feltene i bestillingsskjemaet, slik at vi f\u00e5r all n\u00f8dvendig informasjon for \u00e5 kunne gi den beste prisen og unng\u00e5 feil og misforst\u00e5elser.\r\n              <\/div>\r\n            <\/div>\r\n        <\/div>\r\n        \r\n        <div class=\"accordion-item\">\r\n            <h2 class=\"accordion-header\" id=\"heading5\">\r\n              <button class=\"accordion-button collapsed\" type=\"button\" data-bs-toggle=\"collapse\" data-bs-target=\"#collapse5\" aria-expanded=\"false\" aria-controls=\"collapse5\">\r\n                <span class=\"lead\">Vi er 4 personer med store kofferter, trenger vi et st\u00f8rre kj\u00f8ret\u00f8y?<\/span>\r\n              <\/button>\r\n            <\/h2>\r\n            <div id=\"collapse5\" class=\"accordion-collapse collapse \" aria-labelledby=\"heading5\" data-bs-parent=\"#accordionFaq\">\r\n              <div class=\"accordion-body\">\r\n                Sannsynligvis ja. I dette tilfellet, vennligst informer oss om dimensjonene til bagasjen din, fordi v\u00e5re Mercedes-taxibiler har plass til 4 mellomstore kofferter. Hvis alle koffertene dine er store, m\u00e5 vi bruke en minivan som er litt dyrere.\r\n              <\/div>\r\n            <\/div>\r\n        <\/div>\r\n        \r\n        <div class=\"accordion-item\">\r\n            <h2 class=\"accordion-header\" id=\"heading6\">\r\n              <button class=\"accordion-button collapsed\" type=\"button\" data-bs-toggle=\"collapse\" data-bs-target=\"#collapse6\" aria-expanded=\"false\" aria-controls=\"collapse6\">\r\n                <span class=\"lead\">Vi er en stor gruppe mennesker. Kan du tjene oss?<\/span>\r\n              <\/button>\r\n            <\/h2>\r\n            <div id=\"collapse6\" class=\"accordion-collapse collapse \" aria-labelledby=\"heading6\" data-bs-parent=\"#accordionFaq\">\r\n              <div class=\"accordion-body\">\r\n                Vi har mini varebiler og minibusser og kan ta imot grupper p\u00e5 opptil 20 personer.\r\n              <\/div>\r\n            <\/div>\r\n        <\/div>\r\n        \r\n        <div class=\"accordion-item\">\r\n            <h2 class=\"accordion-header\" id=\"heading7\">\r\n              <button class=\"accordion-button collapsed\" type=\"button\" data-bs-toggle=\"collapse\" data-bs-target=\"#collapse7\" aria-expanded=\"false\" aria-controls=\"collapse7\">\r\n                <span class=\"lead\">Flyet mitt ankommer etter midnatt, er det en ekstra kostnad?<\/span>\r\n              <\/button>\r\n            <\/h2>\r\n            <div id=\"collapse7\" class=\"accordion-collapse collapse \" aria-labelledby=\"heading7\" data-bs-parent=\"#accordionFaq\">\r\n              <div class=\"accordion-body\">\r\n                Ja. For ankomster og avganger fra kl. 00.00 til 05.00 om morgenen, vil det p\u00e5l\u00f8pe en ekstra kostnad p\u00e5 10 %.\r\n              <\/div>\r\n            <\/div>\r\n        <\/div>\r\n        \r\n        <div class=\"accordion-item\">\r\n            <h2 class=\"accordion-header\" id=\"heading8\">\r\n              <button class=\"accordion-button collapsed\" type=\"button\" data-bs-toggle=\"collapse\" data-bs-target=\"#collapse8\" aria-expanded=\"false\" aria-controls=\"collapse8\">\r\n                <span class=\"lead\">Tilbyr du turer p\u00e5 hele Kreta?<\/span>\r\n              <\/button>\r\n            <\/h2>\r\n            <div id=\"collapse8\" class=\"accordion-collapse collapse \" aria-labelledby=\"heading8\" data-bs-parent=\"#accordionFaq\">\r\n              <div class=\"accordion-body\">\r\n                Selv om vi ikke er et turistbyr\u00e5, har vi en liste over turer som vi kan betjene. <a href=\"https:\/\/taxiservicerethymno.gr\/nb\/turer\/\">Finn de tilgjengelige turene her<\/a>.\r\n              <\/div>\r\n            <\/div>\r\n        <\/div>\r\n        \r\n        <div class=\"accordion-item\">\r\n            <h2 class=\"accordion-header\" id=\"heading9\">\r\n              <button class=\"accordion-button collapsed\" type=\"button\" data-bs-toggle=\"collapse\" data-bs-target=\"#collapse9\" aria-expanded=\"false\" aria-controls=\"collapse9\">\r\n                <span class=\"lead\">Hva er bestillingsprosedyren?<\/span>\r\n              <\/button>\r\n            <\/h2>\r\n            <div id=\"collapse9\" class=\"accordion-collapse collapse \" aria-labelledby=\"heading9\" data-bs-parent=\"#accordionFaq\">\r\n              <div class=\"accordion-body\">\r\n                Etter at du har fylt ut <a href=\"https:\/\/taxiservicerethymno.gr\/nb\/kontakt\/booking-form\">bestillingsskjemaet<\/a>, du vil f\u00e5 den beste prisen fra oss. V\u00e6r forsiktig n\u00e5r du legger inn mobiltelefonen din, for om n\u00f8dvendig vil telefonnummeret bli bekreftet via SMS.\r\n              <\/div>\r\n            <\/div>\r\n        <\/div>\r\n        \r\n        <div class=\"accordion-item\">\r\n            <h2 class=\"accordion-header\" id=\"heading10\">\r\n              <button class=\"accordion-button collapsed\" type=\"button\" data-bs-toggle=\"collapse\" data-bs-target=\"#collapse10\" aria-expanded=\"false\" aria-controls=\"collapse10\">\r\n                <span class=\"lead\">Vil jeg bli varslet om reservasjonen min f\u00f8r min ankomst til Kreta?<\/span>\r\n              <\/button>\r\n            <\/h2>\r\n            <div id=\"collapse10\" class=\"accordion-collapse collapse \" aria-labelledby=\"heading10\" data-bs-parent=\"#accordionFaq\">\r\n              <div class=\"accordion-body\">\r\n                24 timer f\u00f8r reisen vil vi sende deg en melding (e-post eller sms) for \u00e5 bekrefte ankomst. <strong><em><u>OBS: Det er n\u00f8dvendig \u00e5 svare oss med en enkel bekreftelse. Dersom vi ikke mottar bekreftelsen er det en mulighet for at kj\u00f8ret\u00f8yet ikke kommer for \u00e5 hente deg<\/u><\/em><\/strong>.\r\n              <\/div>\r\n            <\/div>\r\n        <\/div>\r\n        \r\n        <div class=\"accordion-item\">\r\n            <h2 class=\"accordion-header\" id=\"heading11\">\r\n              <button class=\"accordion-button collapsed\" type=\"button\" data-bs-toggle=\"collapse\" data-bs-target=\"#collapse11\" aria-expanded=\"false\" aria-controls=\"collapse11\">\r\n                <span class=\"lead\">Blir jeg varslet om avreisereservasjonen min?<\/span>\r\n              <\/button>\r\n            <\/h2>\r\n            <div id=\"collapse11\" class=\"accordion-collapse collapse \" aria-labelledby=\"heading11\" data-bs-parent=\"#accordionFaq\">\r\n              <div class=\"accordion-body\">\r\n                Vi kommer tilbake til deg innen kort tid med pris og alle detaljer. Du m\u00e5 da svare oss hvis du er enig i prisen for \u00e5 fullf\u00f8re bestillingen.\r\n              <\/div>\r\n            <\/div>\r\n        <\/div>\r\n        \r\n                <\/div>\n","protected":false},"excerpt":{"rendered":"","protected":false},"author":1,"featured_media":0,"parent":0,"menu_order":0,"comment_status":"closed","ping_status":"closed","template":"page-nosidebar.php","meta":{"_acf_changed":false,"footnotes":""},"class_list":["post-19501","page","type-page","status-publish","hentry"],"acf":[],"_links":{"self":[{"href":"https:\/\/taxiservicerethymno.gr\/nb\/wp-json\/wp\/v2\/pages\/19501","targetHints":{"allow":["GET"]}}],"collection":[{"href":"https:\/\/taxiservicerethymno.gr\/nb\/wp-json\/wp\/v2\/pages"}],"about":[{"href":"https:\/\/taxiservicerethymno.gr\/nb\/wp-json\/wp\/v2\/types\/page"}],"author":[{"embeddable":true,"href":"https:\/\/taxiservicerethymno.gr\/nb\/wp-json\/wp\/v2\/users\/1"}],"replies":[{"embeddable":true,"href":"https:\/\/taxiservicerethymno.gr\/nb\/wp-json\/wp\/v2\/comments?post=19501"}],"version-history":[{"count":0,"href":"https:\/\/taxiservicerethymno.gr\/nb\/wp-json\/wp\/v2\/pages\/19501\/revisions"}],"wp:attachment":[{"href":"https:\/\/taxiservicerethymno.gr\/nb\/wp-json\/wp\/v2\/media?parent=19501"}],"curies":[{"name":"wp","href":"https:\/\/api.w.org\/{rel}","templated":true}]}}