{"id":869,"date":"2016-08-17T15:33:52","date_gmt":"2016-08-17T12:33:52","guid":{"rendered":"http:\/\/taxiservicerethymno.gr\/nb\/?page_id=869"},"modified":"2024-02-10T09:33:30","modified_gmt":"2024-02-10T07:33:30","slug":"profil","status":"publish","type":"page","link":"https:\/\/taxiservicerethymno.gr\/nb\/profil\/","title":{"rendered":"Profil"},"content":{"rendered":"<p>Vi har samlet en eksepsjonell gruppe av profesjonelle drosjesj\u00e5f\u00f8rer med p\u00e5litelig, luksusbiler (Mercedes, Volvo, etc.) slik at vi kan gi v\u00e5re kunder best mulig service. V\u00e5re sj\u00e5f\u00f8rer kj\u00f8rer v\u00e5re kunder b\u00e5de p\u00e5litelig og ansvarlig p\u00e5 alle rutene i Kreta, til og fra flyplasser (Chania &#8211; Heraklion) og til og fra alle portene p\u00e5 Kreta (Kissamos, Souda, Rethymno, Heraklion, Agios Nikolaos).<\/p>\n<div class=\"alert alert-primary\" role=\"alert\">\n<p><i class=\"fas fa-info-circle\"><\/i> Teamet v\u00e5rt har ingenting \u00e5 gj\u00f8re med upersonlige multinasjonale overf\u00f8ringsselskaper, det er et lokalt selskap og pengene dine hjelper Rethymno-samfunnet.<\/p>\n<p><i class=\"fas fa-info-circle\"><\/i> Hos oss er det ingen tredjeparts eller mellomleddsplattformer. Du snakker direkte med v\u00e5rt lokale selskap (Taxi Service Rethymno).<\/p>\n<\/div>\n<p>Vi kan ogs\u00e5 organisere utflukter til ulike destinasjoner fra v\u00e5r base i Rethymno.<\/p>\n<div class=\"row\">\n<div class=\"col-12 col-md-6 col-lg-3\">\n        <figure id=\"attachment_90\" aria-describedby=\"caption-attachment-90\" style=\"width: 400px\" class=\"wp-caption aligncenter\"><img loading=\"lazy\" decoding=\"async\" src=\"https:\/\/taxiservicerethymno.gr\/wp-content\/uploads\/2016\/07\/kournas1.jpg\" alt=\"Kournas Lake\" width=\"400\" height=\"250\" class=\"size-full wp-image-90\" srcset=\"https:\/\/taxiservicerethymno.gr\/wp-content\/uploads\/2016\/07\/kournas1.jpg 400w, https:\/\/taxiservicerethymno.gr\/wp-content\/uploads\/2016\/07\/kournas1-300x188.jpg 300w\" sizes=\"auto, (max-width: 400px) 100vw, 400px\" \/><figcaption id=\"caption-attachment-90\" class=\"wp-caption-text\">Lake Kournas<\/figcaption><\/figure>\n    <\/div>\n<div class=\"col-12 col-md-6 col-lg-3\">\n        <figure id=\"attachment_91\" aria-describedby=\"caption-attachment-91\" style=\"width: 400px\" class=\"wp-caption aligncenter\"><img loading=\"lazy\" decoding=\"async\" src=\"https:\/\/taxiservicerethymno.gr\/wp-content\/uploads\/2016\/07\/preveli1.jpg\" alt=\"Preveli\" width=\"400\" height=\"250\" class=\"size-full wp-image-91\" srcset=\"https:\/\/taxiservicerethymno.gr\/wp-content\/uploads\/2016\/07\/preveli1.jpg 400w, https:\/\/taxiservicerethymno.gr\/wp-content\/uploads\/2016\/07\/preveli1-300x188.jpg 300w\" sizes=\"auto, (max-width: 400px) 100vw, 400px\" \/><figcaption id=\"caption-attachment-91\" class=\"wp-caption-text\">Preveli<\/figcaption><\/figure>\n    <\/div>\n<div class=\"col-12 col-md-6 col-lg-3\">\n        <figure id=\"attachment_92\" aria-describedby=\"caption-attachment-92\" style=\"width: 400px\" class=\"wp-caption aligncenter\"><img loading=\"lazy\" decoding=\"async\" src=\"https:\/\/taxiservicerethymno.gr\/wp-content\/uploads\/2016\/07\/plakias1.jpg\" alt=\"Plakias\" width=\"400\" height=\"250\" class=\"size-full wp-image-92\" srcset=\"https:\/\/taxiservicerethymno.gr\/wp-content\/uploads\/2016\/07\/plakias1.jpg 400w, https:\/\/taxiservicerethymno.gr\/wp-content\/uploads\/2016\/07\/plakias1-300x188.jpg 300w\" sizes=\"auto, (max-width: 400px) 100vw, 400px\" \/><figcaption id=\"caption-attachment-92\" class=\"wp-caption-text\">Plakias<\/figcaption><\/figure>\n    <\/div>\n<div class=\"col-12 col-md-6 col-lg-3\">\n        <figure id=\"attachment_93\" aria-describedby=\"caption-attachment-93\" style=\"width: 400px\" class=\"wp-caption aligncenter\"><img loading=\"lazy\" decoding=\"async\" src=\"https:\/\/taxiservicerethymno.gr\/wp-content\/uploads\/2023\/01\/kalypso.jpg\" alt=\"Kalypso\" width=\"400\" height=\"250\" class=\"size-full wp-image-93\" \/><figcaption id=\"caption-attachment-93\" class=\"wp-caption-text\">Kalypso<\/figcaption><\/figure>\n    <\/div>\n<\/div>\n<p><a href=\"https:\/\/taxiservicerethymno.gr\/nb\/turer\/\">Se noen av v\u00e5re forslag til utflukter \u2192<\/a><\/p>\n<p>V\u00e5re turer er alltid planlagt i samr\u00e5d med klienten, slik at kundene kan v\u00e6re sikker p\u00e5 at de kommer p\u00e5 en utflukt som passer best for dem, og til den beste prisen.<\/p>\n<p>Ha en fin tur!<\/p>\n","protected":false},"excerpt":{"rendered":"<p>Vi har samlet en eksepsjonell gruppe av profesjonelle drosjesj\u00e5f\u00f8rer med p\u00e5litelig, luksusbiler (Mercedes, Volvo, etc.) slik at vi kan gi v\u00e5re kunder best mulig service. V\u00e5re sj\u00e5f\u00f8rer kj\u00f8rer v\u00e5re kunder b\u00e5de p\u00e5litelig og ansvarlig p\u00e5 alle rutene i Kreta, til og fra flyplasser (Chania &#8211; Heraklion) og til og fra alle portene p\u00e5 Kreta (Kissamos, [&hellip;]<\/p>\n","protected":false},"author":1,"featured_media":0,"parent":0,"menu_order":0,"comment_status":"closed","ping_status":"closed","template":"","meta":{"_acf_changed":false,"footnotes":""},"class_list":["post-869","page","type-page","status-publish","hentry"],"acf":[],"_links":{"self":[{"href":"https:\/\/taxiservicerethymno.gr\/nb\/wp-json\/wp\/v2\/pages\/869","targetHints":{"allow":["GET"]}}],"collection":[{"href":"https:\/\/taxiservicerethymno.gr\/nb\/wp-json\/wp\/v2\/pages"}],"about":[{"href":"https:\/\/taxiservicerethymno.gr\/nb\/wp-json\/wp\/v2\/types\/page"}],"author":[{"embeddable":true,"href":"https:\/\/taxiservicerethymno.gr\/nb\/wp-json\/wp\/v2\/users\/1"}],"replies":[{"embeddable":true,"href":"https:\/\/taxiservicerethymno.gr\/nb\/wp-json\/wp\/v2\/comments?post=869"}],"version-history":[{"count":0,"href":"https:\/\/taxiservicerethymno.gr\/nb\/wp-json\/wp\/v2\/pages\/869\/revisions"}],"wp:attachment":[{"href":"https:\/\/taxiservicerethymno.gr\/nb\/wp-json\/wp\/v2\/media?parent=869"}],"curies":[{"name":"wp","href":"https:\/\/api.w.org\/{rel}","templated":true}]}}