{"id":871,"date":"2016-08-17T23:12:09","date_gmt":"2016-08-17T20:12:09","guid":{"rendered":"http:\/\/taxiservicerethymno.gr\/nb\/?page_id=871"},"modified":"2025-11-05T11:38:01","modified_gmt":"2025-11-05T09:38:01","slug":"tjenester","status":"publish","type":"page","link":"https:\/\/taxiservicerethymno.gr\/nb\/tjenester\/","title":{"rendered":"Tjenester"},"content":{"rendered":"<h2 class=\"h4 mt-4\">Informasjon &#8211; anlegg<\/h2>\n<ul>\n<li>Tr\u00e5dl\u00f8s Wi-Fi-nettverk<\/li>\n<li>Vi stiller med barne- eller spedbarnsseter p\u00e5 foresp\u00f8rsel, mot et tillegg p\u00e5 5 euro.<\/li>\n<li>Sj\u00e5f\u00f8ren vil vente i ankomsthallen \r\n\t\t<a data-fslightbox href=\"https:\/\/taxiservicerethymno.gr\/wp-content\/uploads\/2016\/08\/airport_sign.jpg\">med et skilt med navnet ditt<\/a>\r\n\t<\/li>\n<li>Alle v\u00e5re drosjer har plass til 3 store kofferter<\/li>\n<li>Alle v\u00e5re drosjer kan frakte opptil 3 passasjerer (men vi splitter imidlertid ikke familier med sm\u00e5barn)<\/li>\n<li>Hvis dere er en familie eller 4 voksne, sender vi dere stasjonsvognen mot et tillegg p\u00e5 5 euro. Hvis dere har mange ting, m\u00e5 vi sende dere en minivan mot et h\u00f8yere pris.<\/li>\n<li>N\u00e5r du gj\u00f8r din bestilling vil vi kontakte deg for bekreftelse<\/li>\n<li>Vi er klar over din ankomsttid og vil vente p\u00e5 deg selv om flyet er forsinket, eller lignende<\/li>\n<li>48 timer f\u00f8r reiseruten vil du bli bedt om \u00e5 betale<\/li>\n<li>Reisetiden fra Chania flyplass til Rethymno er 1 time og 15 minutter<\/li>\n<li>Reisetiden fra Heraklion flyplass til Rethymno er 1 time og 15 minutter<\/li>\n<li>Kostnaden for ekskursjoner og turer er EUR 50 per time. For turer og ekskursjoner over 6 timer lange, vil prisen bli arrangert spesielt for dette.<\/li>\n<li>Vi kj\u00f8rer ikke ruter innenfor byen.<\/li>\n<li>Vi har ogs\u00e5 minivan og minibuss og vi kan betjene opptil 40 personer. Prisen vil bli fastsatt p\u00e5 foresp\u00f8rsel.<\/li>\n<li>Hvis du har ytterligere sp\u00f8rsm\u00e5l s\u00e5 n\u00f8l ikke med <a href=\"https:\/\/taxiservicerethymno.gr\/nb\/kontakt\/\">\u00e5 kontakte oss<\/a><\/li>\n<p><!-- \n\n<li>[get_commission_message]<\/li>\n\n -->\n<\/ul>\n<hr>\n<p>Vi vil \u00f8nske deg velkommen med stor glede og behandle deg med fantastisk gjestfrihet; slik som v\u00e5r \u00f8y jo er kjent for!<\/p>\n<p>Vi \u00f8nsker deg en god reise, og vi h\u00e5per \u00e5 m\u00f8tes igjen!<\/p>\n<hr>\n<div class=\"alert alert-primary mt-4\" role=\"alert\">\n<i class=\"fas fa-info-circle\"><\/i> Du kan alltid stole p\u00e5 v\u00e5re profesjonelle drosjesj\u00e5f\u00f8rer; som har kj\u00f8rt flere hundre tusen turister i l\u00f8pet av v\u00e5r 40 \u00e5rs lange drift.\n<\/div>\n<div class=\"row my-5 text-center\">\n<div class=\"col-12 col-md-6 mb-3\">\n<div class=\"fa-stack fa-3x main-color\">\n            <i class=\"far fa-circle fa-stack-2x\"><\/i><i class=\"fas fa-plane-departure fa-stack-1x\"><\/i>\n        <\/div>\n<h2 class=\"h4 mt-2\">Transfer &#8211; Drosje til og fra flyplasser<\/h2>\n<\/p><\/div>\n<div class=\"col-12 col-md-6 mb-3\">\n<div class=\"fa-stack fa-3x main-color\">\n            <i class=\"far fa-circle fa-stack-2x\"><\/i><i class=\"fas fa-ship fa-stack-1x\"><\/i>\n        <\/div>\n<h2 class=\"h4 mt-2\">Transfer &#8211; Drosje til og fra havnene<\/h2>\n<\/p><\/div>\n<div class=\"col-12 col-md-6 mb-3\">\n<div class=\"fa-stack fa-3x main-color\">\n            <i class=\"far fa-circle fa-stack-2x\"><\/i><i class=\"fas fa-map-signs fa-stack-1x\"><\/i>\n        <\/div>\n<h2 class=\"h4 mt-2\">Private turer basert i Rethymno<\/h2>\n<\/p><\/div>\n<div class=\"col-12 col-md-6 mb-3\">\n<div class=\"fa-stack fa-3x main-color\">\n            <i class=\"far fa-circle fa-stack-2x\"><\/i><i class=\"fas fa-map-marked fa-stack-1x\"><\/i>\n        <\/div>\n<h2 class=\"h4 mt-2\">Sightseeingturer p\u00e5 \u00f8ya<\/h2>\n<\/p><\/div>\n<\/div>\n","protected":false},"excerpt":{"rendered":"<p>Informasjon &#8211; anlegg Tr\u00e5dl\u00f8s Wi-Fi-nettverk Vi stiller med barne- eller spedbarnsseter p\u00e5 foresp\u00f8rsel, mot et tillegg p\u00e5 5 euro. Sj\u00e5f\u00f8ren vil vente i ankomsthallen Alle v\u00e5re drosjer har plass til 3 store kofferter Alle v\u00e5re drosjer kan frakte opptil 3 passasjerer (men vi splitter imidlertid ikke familier med sm\u00e5barn) Hvis dere er en familie eller [&hellip;]<\/p>\n","protected":false},"author":1,"featured_media":0,"parent":0,"menu_order":0,"comment_status":"closed","ping_status":"closed","template":"","meta":{"_acf_changed":false,"footnotes":""},"class_list":["post-871","page","type-page","status-publish","hentry"],"acf":[],"_links":{"self":[{"href":"https:\/\/taxiservicerethymno.gr\/nb\/wp-json\/wp\/v2\/pages\/871","targetHints":{"allow":["GET"]}}],"collection":[{"href":"https:\/\/taxiservicerethymno.gr\/nb\/wp-json\/wp\/v2\/pages"}],"about":[{"href":"https:\/\/taxiservicerethymno.gr\/nb\/wp-json\/wp\/v2\/types\/page"}],"author":[{"embeddable":true,"href":"https:\/\/taxiservicerethymno.gr\/nb\/wp-json\/wp\/v2\/users\/1"}],"replies":[{"embeddable":true,"href":"https:\/\/taxiservicerethymno.gr\/nb\/wp-json\/wp\/v2\/comments?post=871"}],"version-history":[{"count":0,"href":"https:\/\/taxiservicerethymno.gr\/nb\/wp-json\/wp\/v2\/pages\/871\/revisions"}],"wp:attachment":[{"href":"https:\/\/taxiservicerethymno.gr\/nb\/wp-json\/wp\/v2\/media?parent=871"}],"curies":[{"name":"wp","href":"https:\/\/api.w.org\/{rel}","templated":true}]}}