{"id":19626,"date":"2023-01-29T00:17:23","date_gmt":"2023-01-28T22:17:23","guid":{"rendered":"https:\/\/taxiservicerethymno.local.gr\/?page_id=19626"},"modified":"2023-01-29T00:17:23","modified_gmt":"2023-01-28T22:17:23","slug":"czeste-pytania","status":"publish","type":"page","link":"https:\/\/taxiservicerethymno.gr\/pl\/czeste-pytania\/","title":{"rendered":"Cz\u0119ste pytania"},"content":{"rendered":"\r\n                 <div class=\"accordion mb-5\" id=\"accordionFaq\">\r\n    \r\n        <div class=\"accordion-item\">\r\n            <h2 class=\"accordion-header\" id=\"heading1\">\r\n              <button class=\"accordion-button \" type=\"button\" data-bs-toggle=\"collapse\" data-bs-target=\"#collapse1\" aria-expanded=\"true\" aria-controls=\"collapse1\">\r\n                <span class=\"lead\">Ile kosztuje trasa?<\/span>\r\n              <\/button>\r\n            <\/h2>\r\n            <div id=\"collapse1\" class=\"accordion-collapse collapse show\" aria-labelledby=\"heading1\" data-bs-parent=\"#accordionFaq\">\r\n              <div class=\"accordion-body\">\r\n                Mamy kompletny cennik dla prawie wszystkich tras na ca\u0142ej Krecie. Mo\u017cna je sprawdzi\u0107 tutaj: <a href=\"https:\/\/taxiservicerethymno.gr\/pl\/z-lotniska-w-heraklion\/\">z lotniska w Heraklionie<\/a>, <a href=\"https:\/\/taxiservicerethymno.gr\/pl\/z-lotniska-w-chani\/\">z lotniska w Chanii<\/a>, <a href=\"https:\/\/taxiservicerethymno.gr\/pl\/z-rethymno\/\">z miasta Rethymno oraz<\/a> do popularnych hoteli na Krecie. * Ceny s\u0105 orientacyjne dla trasy do 4 os\u00f3b ze \u015bredniej wielko\u015bci baga\u017cem\r\n              <\/div>\r\n            <\/div>\r\n        <\/div>\r\n        \r\n        <div class=\"accordion-item\">\r\n            <h2 class=\"accordion-header\" id=\"heading2\">\r\n              <button class=\"accordion-button collapsed\" type=\"button\" data-bs-toggle=\"collapse\" data-bs-target=\"#collapse2\" aria-expanded=\"false\" aria-controls=\"collapse2\">\r\n                <span class=\"lead\">Jak mog\u0119 otrzyma\u0107 moj\u0105 ofert\u0119 specjaln\u0105?<\/span>\r\n              <\/button>\r\n            <\/h2>\r\n            <div id=\"collapse2\" class=\"accordion-collapse collapse \" aria-labelledby=\"heading2\" data-bs-parent=\"#accordionFaq\">\r\n              <div class=\"accordion-body\">\r\n                Wype\u0142nij <a href=\"https:\/\/taxiservicerethymno.gr\/pl\/kontakt\/#booking-form\">formularz rezerwacji<\/a> ze wszystkimi szczeg\u00f3\u0142ami (miejsce docelowe, data, godzina itp.). Dodaj r\u00f3wnie\u017c w komentarzach, \u017ce chcesz otrzyma\u0107 ofert\u0119. Nast\u0119pnie wy\u015blemy Ci Twoj\u0105 ofert\u0119 z najlepsz\u0105 cen\u0105. Powiniene\u015b nam odpowiedzie\u0107, \u017ce zgadzasz si\u0119 z cen\u0105, kt\u00f3r\u0105 Ci wys\u0142ali\u015bmy iw ten spos\u00f3b potwierdzamy rezerwacj\u0119.\r\n              <\/div>\r\n            <\/div>\r\n        <\/div>\r\n        \r\n        <div class=\"accordion-item\">\r\n            <h2 class=\"accordion-header\" id=\"heading3\">\r\n              <button class=\"accordion-button collapsed\" type=\"button\" data-bs-toggle=\"collapse\" data-bs-target=\"#collapse3\" aria-expanded=\"false\" aria-controls=\"collapse3\">\r\n                <span class=\"lead\">Czy mog\u0119 jednocze\u015bnie zarezerwowa\u0107 zwrot?<\/span>\r\n              <\/button>\r\n            <\/h2>\r\n            <div id=\"collapse3\" class=\"accordion-collapse collapse \" aria-labelledby=\"heading3\" data-bs-parent=\"#accordionFaq\">\r\n              <div class=\"accordion-body\">\r\n                Oczywi\u015bcie. W <a href=\"https:\/\/taxiservicerethymno.gr\/pl\/kontakt\/#booking-form\">formularzu rezerwacji<\/a> znajduje si\u0119 odpowiednie pole, w kt\u00f3rym je\u015bli je wybierzesz, b\u0119dziesz musia\u0142 r\u00f3wnie\u017c wype\u0142ni\u0107 dane dotycz\u0105ce zwrotu. W ten spos\u00f3b mo\u017cesz zapewni\u0107 zwrot ceny i unikn\u0105\u0107 podwy\u017cek cen.\r\n              <\/div>\r\n            <\/div>\r\n        <\/div>\r\n        \r\n        <div class=\"accordion-item\">\r\n            <h2 class=\"accordion-header\" id=\"heading4\">\r\n              <button class=\"accordion-button collapsed\" type=\"button\" data-bs-toggle=\"collapse\" data-bs-target=\"#collapse4\" aria-expanded=\"false\" aria-controls=\"collapse4\">\r\n                <span class=\"lead\">Czy musz\u0119 pisa\u0107 wszystkie szczeg\u00f3\u0142y?<\/span>\r\n              <\/button>\r\n            <\/h2>\r\n            <div id=\"collapse4\" class=\"accordion-collapse collapse \" aria-labelledby=\"heading4\" data-bs-parent=\"#accordionFaq\">\r\n              <div class=\"accordion-body\">\r\n                Tak, nale\u017cy wype\u0142ni\u0107 wszystkie wymagane pola w formularzu rezerwacji, aby\u015bmy uzyskali wszystkie niezb\u0119dne informacje w celu podania najlepszej ceny oraz unikni\u0119cia b\u0142\u0119d\u00f3w i nieporozumie\u0144.\r\n              <\/div>\r\n            <\/div>\r\n        <\/div>\r\n        \r\n        <div class=\"accordion-item\">\r\n            <h2 class=\"accordion-header\" id=\"heading5\">\r\n              <button class=\"accordion-button collapsed\" type=\"button\" data-bs-toggle=\"collapse\" data-bs-target=\"#collapse5\" aria-expanded=\"false\" aria-controls=\"collapse5\">\r\n                <span class=\"lead\">Jeste\u015bmy 4 osobami z du\u017cymi walizkami, potrzebujemy wi\u0119kszego pojazdu?<\/span>\r\n              <\/button>\r\n            <\/h2>\r\n            <div id=\"collapse5\" class=\"accordion-collapse collapse \" aria-labelledby=\"heading5\" data-bs-parent=\"#accordionFaq\">\r\n              <div class=\"accordion-body\">\r\n                Prawdopodobnie tak. W takim przypadku prosimy o poinformowanie nas o wymiarach baga\u017cu, poniewa\u017c nasze taks\u00f3wki marki Mercedes maj\u0105 miejsce na 4 \u015bredniej wielko\u015bci walizki. Je\u015bli wszystkie walizki s\u0105 du\u017ce, musimy skorzysta\u0107 z minivana, kt\u00f3ry jest nieco dro\u017cszy.\r\n              <\/div>\r\n            <\/div>\r\n        <\/div>\r\n        \r\n        <div class=\"accordion-item\">\r\n            <h2 class=\"accordion-header\" id=\"heading6\">\r\n              <button class=\"accordion-button collapsed\" type=\"button\" data-bs-toggle=\"collapse\" data-bs-target=\"#collapse6\" aria-expanded=\"false\" aria-controls=\"collapse6\">\r\n                <span class=\"lead\">Jeste\u015bmy du\u017c\u0105 grup\u0105 ludzi. Czy mo\u017cesz nam s\u0142u\u017cy\u0107?<\/span>\r\n              <\/button>\r\n            <\/h2>\r\n            <div id=\"collapse6\" class=\"accordion-collapse collapse \" aria-labelledby=\"heading6\" data-bs-parent=\"#accordionFaq\">\r\n              <div class=\"accordion-body\">\r\n                Dysponujemy minivanami i minibusami i mo\u017cemy obs\u0142u\u017cy\u0107 grupy do 20 os\u00f3b.\r\n              <\/div>\r\n            <\/div>\r\n        <\/div>\r\n        \r\n        <div class=\"accordion-item\">\r\n            <h2 class=\"accordion-header\" id=\"heading7\">\r\n              <button class=\"accordion-button collapsed\" type=\"button\" data-bs-toggle=\"collapse\" data-bs-target=\"#collapse7\" aria-expanded=\"false\" aria-controls=\"collapse7\">\r\n                <span class=\"lead\">M\u00f3j lot przylatuje po p\u00f3\u0142nocy, czy jest dodatkowa op\u0142ata?<\/span>\r\n              <\/button>\r\n            <\/h2>\r\n            <div id=\"collapse7\" class=\"accordion-collapse collapse \" aria-labelledby=\"heading7\" data-bs-parent=\"#accordionFaq\">\r\n              <div class=\"accordion-body\">\r\n                Tak. W przypadku przyjazd\u00f3w i wyjazd\u00f3w w godzinach od 00:00 do 05:00 obowi\u0105zuje dodatkowa op\u0142ata w wysoko\u015bci 10%.\r\n              <\/div>\r\n            <\/div>\r\n        <\/div>\r\n        \r\n        <div class=\"accordion-item\">\r\n            <h2 class=\"accordion-header\" id=\"heading8\">\r\n              <button class=\"accordion-button collapsed\" type=\"button\" data-bs-toggle=\"collapse\" data-bs-target=\"#collapse8\" aria-expanded=\"false\" aria-controls=\"collapse8\">\r\n                <span class=\"lead\">Czy oferujecie wycieczki na Krecie?<\/span>\r\n              <\/button>\r\n            <\/h2>\r\n            <div id=\"collapse8\" class=\"accordion-collapse collapse \" aria-labelledby=\"heading8\" data-bs-parent=\"#accordionFaq\">\r\n              <div class=\"accordion-body\">\r\n                Chocia\u017c nie jeste\u015bmy agencj\u0105 turystyczn\u0105, mamy list\u0119 wycieczek, kt\u00f3re mo\u017cemy obs\u0142u\u017cy\u0107. <a href=\"https:\/\/taxiservicerethymno.gr\/pl\/wycieczki\/\">Znajd\u017a dost\u0119pne wycieczki tutaj<\/a>.\r\n              <\/div>\r\n            <\/div>\r\n        <\/div>\r\n        \r\n        <div class=\"accordion-item\">\r\n            <h2 class=\"accordion-header\" id=\"heading9\">\r\n              <button class=\"accordion-button collapsed\" type=\"button\" data-bs-toggle=\"collapse\" data-bs-target=\"#collapse9\" aria-expanded=\"false\" aria-controls=\"collapse9\">\r\n                <span class=\"lead\">Jaka jest procedura rezerwacji?<\/span>\r\n              <\/button>\r\n            <\/h2>\r\n            <div id=\"collapse9\" class=\"accordion-collapse collapse \" aria-labelledby=\"heading9\" data-bs-parent=\"#accordionFaq\">\r\n              <div class=\"accordion-body\">\r\n                Po wype\u0142nieniu <a href=\"https:\/\/taxiservicerethymno.gr\/pl\/kontakt\/#booking-form\">formularza rezerwacji<\/a> otrzymasz od nas najlepsz\u0105 cen\u0119. Prosimy o zachowanie ostro\u017cno\u015bci podczas wprowadzania numeru telefonu kom\u00f3rkowego, poniewa\u017c w razie potrzeby numer telefonu zostanie potwierdzony SMS-em.\r\n              <\/div>\r\n            <\/div>\r\n        <\/div>\r\n        \r\n        <div class=\"accordion-item\">\r\n            <h2 class=\"accordion-header\" id=\"heading10\">\r\n              <button class=\"accordion-button collapsed\" type=\"button\" data-bs-toggle=\"collapse\" data-bs-target=\"#collapse10\" aria-expanded=\"false\" aria-controls=\"collapse10\">\r\n                <span class=\"lead\">Czy otrzymam powiadomienie o mojej rezerwacji przed przyjazdem na Kret\u0119?<\/span>\r\n              <\/button>\r\n            <\/h2>\r\n            <div id=\"collapse10\" class=\"accordion-collapse collapse \" aria-labelledby=\"heading10\" data-bs-parent=\"#accordionFaq\">\r\n              <div class=\"accordion-body\">\r\n                Na 24 godziny przed podr\u00f3\u017c\u0105 wy\u015blemy Ci wiadomo\u015b\u0107 (e-mail lub sms) w celu potwierdzenia przyjazdu. <strong><em><u>UWAGA: Konieczne jest udzielenie nam odpowiedzi prostym potwierdzeniem. Je\u015bli nie otrzymamy potwierdzenia, istnieje mo\u017cliwo\u015b\u0107, \u017ce pojazd nie przyjedzie po Ciebie<\/u><\/em><\/strong>.\r\n              <\/div>\r\n            <\/div>\r\n        <\/div>\r\n        \r\n        <div class=\"accordion-item\">\r\n            <h2 class=\"accordion-header\" id=\"heading11\">\r\n              <button class=\"accordion-button collapsed\" type=\"button\" data-bs-toggle=\"collapse\" data-bs-target=\"#collapse11\" aria-expanded=\"false\" aria-controls=\"collapse11\">\r\n                <span class=\"lead\">Czy otrzymam powiadomienie o mojej rezerwacji wyjazdu?<\/span>\r\n              <\/button>\r\n            <\/h2>\r\n            <div id=\"collapse11\" class=\"accordion-collapse collapse \" aria-labelledby=\"heading11\" data-bs-parent=\"#accordionFaq\">\r\n              <div class=\"accordion-body\">\r\n                Wkr\u00f3tce wr\u00f3cimy do Ciebie z cen\u0105 i wszystkimi szczeg\u00f3\u0142ami. Nast\u0119pnie musisz nam odpowiedzie\u0107, je\u015bli zgadzasz si\u0119 z cen\u0105, aby sfinalizowa\u0107 rezerwacj\u0119.\r\n              <\/div>\r\n            <\/div>\r\n        <\/div>\r\n        \r\n                <\/div>\n","protected":false},"excerpt":{"rendered":"","protected":false},"author":1,"featured_media":0,"parent":0,"menu_order":0,"comment_status":"closed","ping_status":"closed","template":"page-nosidebar.php","meta":{"_acf_changed":false,"footnotes":""},"class_list":["post-19626","page","type-page","status-publish","hentry"],"acf":[],"_links":{"self":[{"href":"https:\/\/taxiservicerethymno.gr\/pl\/wp-json\/wp\/v2\/pages\/19626","targetHints":{"allow":["GET"]}}],"collection":[{"href":"https:\/\/taxiservicerethymno.gr\/pl\/wp-json\/wp\/v2\/pages"}],"about":[{"href":"https:\/\/taxiservicerethymno.gr\/pl\/wp-json\/wp\/v2\/types\/page"}],"author":[{"embeddable":true,"href":"https:\/\/taxiservicerethymno.gr\/pl\/wp-json\/wp\/v2\/users\/1"}],"replies":[{"embeddable":true,"href":"https:\/\/taxiservicerethymno.gr\/pl\/wp-json\/wp\/v2\/comments?post=19626"}],"version-history":[{"count":0,"href":"https:\/\/taxiservicerethymno.gr\/pl\/wp-json\/wp\/v2\/pages\/19626\/revisions"}],"wp:attachment":[{"href":"https:\/\/taxiservicerethymno.gr\/pl\/wp-json\/wp\/v2\/media?parent=19626"}],"curies":[{"name":"wp","href":"https:\/\/api.w.org\/{rel}","templated":true}]}}