{"id":2554,"date":"2018-05-09T12:56:46","date_gmt":"2018-05-09T09:56:46","guid":{"rendered":"https:\/\/taxiservicerethymno.gr\/?page_id=2554"},"modified":"2024-02-10T10:01:38","modified_gmt":"2024-02-10T08:01:38","slug":"profil","status":"publish","type":"page","link":"https:\/\/taxiservicerethymno.gr\/pl\/profil\/","title":{"rendered":"Profil"},"content":{"rendered":"<p>Zebrali\u015bmy grup\u0119 profesjonalnych, godnych zaufania taks\u00f3wkarzy, kt\u00f3rzy dysponuj\u0105 sprawdzonymi, luksusowymi samochodami (Mercedes, Volvo itp.), aby m\u00f3c zapewni\u0107 naszym klientom najlepsz\u0105 mo\u017cliw\u0105 obs\u0142ug\u0119. Nasza za\u0142oga przemierza wszystkie trasy na Krecie, obs\u0142uguje transport na lotniska (Chania &#8211; Heraklion) oraz do wszystkich port\u00f3w na wyspie (Kissamos, Souda, Rethymno, Heraklion, Agios Nikolaos).<\/p>\n<div class=\"alert alert-primary\" role=\"alert\">\n<p><i class=\"fas fa-info-circle\"><\/i> Nasz zesp\u00f3\u0142 nie ma nic wsp\u00f3lnego z bezosobowymi mi\u0119dzynarodowymi firmami transferowymi, jest to firma lokalna, a Twoje pieni\u0105dze pomagaj\u0105 spo\u0142eczno\u015bci Rethymno.<\/p>\n<p><i class=\"fas fa-info-circle\"><\/i> U nas nie ma stron trzecich ani platform po\u015brednik\u00f3w. Rozmawiasz bezpo\u015brednio z nasz\u0105 lokaln\u0105 firm\u0105 (Taxi Service Rethymno).<\/p>\n<\/div>\n<p>Mo\u017cemy r\u00f3wnie\u017c zorganizowa\u0107 wycieczki do r\u00f3\u017cnych miejsc z naszej bazy w Rethymno.<\/p>\n<div class=\"row\">\n<div class=\"col-12 col-md-6 col-lg-3\">\n        <figure id=\"attachment_90\" aria-describedby=\"caption-attachment-90\" style=\"width: 400px\" class=\"wp-caption aligncenter\"><img loading=\"lazy\" decoding=\"async\" src=\"https:\/\/taxiservicerethymno.gr\/wp-content\/uploads\/2016\/07\/kournas1.jpg\" alt=\"Kournas Lake\" width=\"400\" height=\"250\" class=\"size-full wp-image-90\" srcset=\"https:\/\/taxiservicerethymno.gr\/wp-content\/uploads\/2016\/07\/kournas1.jpg 400w, https:\/\/taxiservicerethymno.gr\/wp-content\/uploads\/2016\/07\/kournas1-300x188.jpg 300w\" sizes=\"auto, (max-width: 400px) 100vw, 400px\" \/><figcaption id=\"caption-attachment-90\" class=\"wp-caption-text\">Jezioro Kournas<\/figcaption><\/figure>\n    <\/div>\n<div class=\"col-12 col-md-6 col-lg-3\">\n        <figure id=\"attachment_91\" aria-describedby=\"caption-attachment-91\" style=\"width: 400px\" class=\"wp-caption aligncenter\"><img loading=\"lazy\" decoding=\"async\" src=\"https:\/\/taxiservicerethymno.gr\/wp-content\/uploads\/2016\/07\/preveli1.jpg\" alt=\"Preveli\" width=\"400\" height=\"250\" class=\"size-full wp-image-91\" srcset=\"https:\/\/taxiservicerethymno.gr\/wp-content\/uploads\/2016\/07\/preveli1.jpg 400w, https:\/\/taxiservicerethymno.gr\/wp-content\/uploads\/2016\/07\/preveli1-300x188.jpg 300w\" sizes=\"auto, (max-width: 400px) 100vw, 400px\" \/><figcaption id=\"caption-attachment-91\" class=\"wp-caption-text\">Preveli<\/figcaption><\/figure>\n    <\/div>\n<div class=\"col-12 col-md-6 col-lg-3\">\n        <figure id=\"attachment_92\" aria-describedby=\"caption-attachment-92\" style=\"width: 400px\" class=\"wp-caption aligncenter\"><img loading=\"lazy\" decoding=\"async\" src=\"https:\/\/taxiservicerethymno.gr\/wp-content\/uploads\/2016\/07\/plakias1.jpg\" alt=\"Plakias\" width=\"400\" height=\"250\" class=\"size-full wp-image-92\" srcset=\"https:\/\/taxiservicerethymno.gr\/wp-content\/uploads\/2016\/07\/plakias1.jpg 400w, https:\/\/taxiservicerethymno.gr\/wp-content\/uploads\/2016\/07\/plakias1-300x188.jpg 300w\" sizes=\"auto, (max-width: 400px) 100vw, 400px\" \/><figcaption id=\"caption-attachment-92\" class=\"wp-caption-text\">Plakias<\/figcaption><\/figure>\n    <\/div>\n<div class=\"col-12 col-md-6 col-lg-3\">\n        <figure id=\"attachment_93\" aria-describedby=\"caption-attachment-93\" style=\"width: 400px\" class=\"wp-caption aligncenter\"><img loading=\"lazy\" decoding=\"async\" src=\"https:\/\/taxiservicerethymno.gr\/wp-content\/uploads\/2023\/01\/kalypso.jpg\" alt=\"Kalypso\" width=\"400\" height=\"250\" class=\"size-full wp-image-93\" \/><figcaption id=\"caption-attachment-93\" class=\"wp-caption-text\">Kalypso<\/figcaption><\/figure>\n    <\/div>\n<\/div>\n<p><a href=\"https:\/\/taxiservicerethymno.gr\/pl\/wycieczki\/\">Sprawd\u017a niekt\u00f3re z naszych propozycji wycieczek \u2192<\/a><\/p>\n<p>Wycieczki planowane s\u0105 zawsze w porozumieniu z klientem, dzi\u0119ki czemu ten mo\u017ce mie\u0107 pewno\u015b\u0107, \u017ce wyjazd b\u0119dzie  dopasowany do jego potrzeb oraz cena b\u0119dzie atrakcyjna.<\/p>\n<p>Mi\u0142ej podr\u00f3\u017cy! <\/p>\n","protected":false},"excerpt":{"rendered":"<p>Zebrali\u015bmy grup\u0119 profesjonalnych, godnych zaufania taks\u00f3wkarzy, kt\u00f3rzy dysponuj\u0105 sprawdzonymi, luksusowymi samochodami (Mercedes, Volvo itp.), aby m\u00f3c zapewni\u0107 naszym klientom najlepsz\u0105 mo\u017cliw\u0105 obs\u0142ug\u0119. Nasza za\u0142oga przemierza wszystkie trasy na Krecie, obs\u0142uguje transport na lotniska (Chania &#8211; Heraklion) oraz do wszystkich port\u00f3w na wyspie (Kissamos, Souda, Rethymno, Heraklion, Agios Nikolaos). Nasz zesp\u00f3\u0142 nie ma nic wsp\u00f3lnego z [&hellip;]<\/p>\n","protected":false},"author":1,"featured_media":0,"parent":0,"menu_order":0,"comment_status":"closed","ping_status":"closed","template":"","meta":{"_acf_changed":false,"footnotes":""},"class_list":["post-2554","page","type-page","status-publish","hentry"],"acf":[],"_links":{"self":[{"href":"https:\/\/taxiservicerethymno.gr\/pl\/wp-json\/wp\/v2\/pages\/2554","targetHints":{"allow":["GET"]}}],"collection":[{"href":"https:\/\/taxiservicerethymno.gr\/pl\/wp-json\/wp\/v2\/pages"}],"about":[{"href":"https:\/\/taxiservicerethymno.gr\/pl\/wp-json\/wp\/v2\/types\/page"}],"author":[{"embeddable":true,"href":"https:\/\/taxiservicerethymno.gr\/pl\/wp-json\/wp\/v2\/users\/1"}],"replies":[{"embeddable":true,"href":"https:\/\/taxiservicerethymno.gr\/pl\/wp-json\/wp\/v2\/comments?post=2554"}],"version-history":[{"count":0,"href":"https:\/\/taxiservicerethymno.gr\/pl\/wp-json\/wp\/v2\/pages\/2554\/revisions"}],"wp:attachment":[{"href":"https:\/\/taxiservicerethymno.gr\/pl\/wp-json\/wp\/v2\/media?parent=2554"}],"curies":[{"name":"wp","href":"https:\/\/api.w.org\/{rel}","templated":true}]}}