{"id":2555,"date":"2018-05-09T13:07:11","date_gmt":"2018-05-09T10:07:11","guid":{"rendered":"https:\/\/taxiservicerethymno.gr\/?page_id=2555"},"modified":"2025-11-05T11:55:23","modified_gmt":"2025-11-05T09:55:23","slug":"uslugi","status":"publish","type":"page","link":"https:\/\/taxiservicerethymno.gr\/pl\/uslugi\/","title":{"rendered":"Us\u0142ugi"},"content":{"rendered":"<h2 class=\"h4 mt-4\">Informacje \u2013 Us\u0142ugi<\/h2>\n<ul>\n<li>Bezprzewodowa sie\u0107  Wi-Fi<\/li>\n<li>Na \u017cyczenie udost\u0119pniamy foteliki dzieci\u0119ce lub niemowl\u0119ce za dodatkow\u0105 op\u0142at\u0105 5 euro<\/li>\n<li>Kierowca czeka\u0107 b\u0119dzie na Pa\u0144stwa w hali przylot\u00f3w \r\n\t\t<a data-fslightbox href=\"https:\/\/taxiservicerethymno.gr\/wp-content\/uploads\/2016\/08\/airport_sign.jpg\">z kartk\u0105 z imieniem<\/a>\r\n\t<\/li>\n<li>Wszystkie taks\u00f3wki mieszcz\u0105 3 du\u017ce walizki<\/li>\n<li>Wszystkie taks\u00f3wki mog\u0105 przewie\u017a\u0107 do 3 pasa\u017cer\u00f3w (nie rozdzielamy rodzin podr\u00f3\u017cuj\u0105cych z ma\u0142ymi dzie\u0107mi)<\/li>\n<\/li>\n<p>Je\u015bli jeste\u015b rodzin\u0105 lub 4 doros\u0142ymi, wy\u015blemy Ci kombi za dodatkow\u0105 op\u0142at\u0105 5 euro. Je\u015bli masz du\u017co rzeczy, b\u0119dziemy musieli wys\u0142a\u0107 Ci minivana za wy\u017csz\u0105 op\u0142at\u0105.<\/li>\n<li>Po dokonaniu rezerwacji skontaktujemy si\u0119 z Pa\u0144stwem w celu potwierdzenia jej<\/li>\n<li>Znamy dok\u0142adn\u0105 godzin\u0119 Pa\u0144stwa przylotu i b\u0119dziemy czeka\u0107 nawet je\u015bli lot b\u0119dzie np. op\u00f3\u017aniony<\/li>\n<li>48 godzin przed rozpocz\u0119ciem trasy zostaniesz poproszony o zap\u0142at\u0119<\/li>\n<li>Czas podr\u00f3\u017cy z lotniska w Chani do Rethymno wynosi 1 godzin\u0119 i 15 minut<\/li>\n<li>Czas podr\u00f3\u017cy z lotniska w Heraklion do Rethymno wynosi 1 godzin\u0119 i 15 minut<\/li>\n<li>Koszt transportu wynosi 50 euro za godzin\u0119. W przypadku wycieczek trwaj\u0105cych ponad 6 godzin, ustalamy cen\u0119 indywidualnie<\/li>\n<li>Nie robimy tras w obr\u0119bie miasta.<\/li>\n<li>Posiadamy r\u00f3wnie\u017c minivana i minibusa i mo\u017cemy obs\u0142u\u017cy\u0107 do 40 os\u00f3b. Cena zostanie ustalona na \u017cyczenie.<\/li>\n<li>Je\u015bli masz dodatkowe pytania, <a href=\"https:\/\/taxiservicerethymno.gr\/pl\/kontakt\/\">skontaktuj si\u0119 z nami<\/a><\/li>\n<p><!-- \n\n<li>[get_commission_message]<\/li>\n\n -->\n<\/ul>\n<hr>\n<p>B\u0119dzie nam niezmiernie mi\u0142o powita\u0107 Pa\u0144stwa i pokaza\u0107, co oznacza go\u015bcinno\u015b\u0107, z jakiej s\u0142ynie nasza wyspa!<\/p>\n<p>\u017byczymy mi\u0142ej podr\u00f3\u017cy i miejmy nadziej\u0119, do zobaczenia!<\/p>\n<hr>\n<div class=\"alert alert-primary mt-4\" role=\"alert\">\n<i class=\"fas fa-info-circle\"><\/i> Mo\u017cesz zaufa\u0107 naszym taks\u00f3wkarzom, kt\u00f3rzy podczas 40 letniej dzia\u0142alno\u015bci firmy przewie\u017ali setki tysi\u0119cy turyst\u00f3w.\n<\/div>\n<div class=\"row my-5 text-center\">\n<div class=\"col-12 col-md-6 mb-3\">\n<div class=\"fa-stack fa-3x main-color\">\n            <i class=\"far fa-circle fa-stack-2x\"><\/i><i class=\"fas fa-plane-departure fa-stack-1x\"><\/i>\n        <\/div>\n<h2 class=\"h4 mt-2\">Przewozy \u2013 Taks\u00f3wki z \/ na lotniska<\/h2>\n<\/p><\/div>\n<div class=\"col-12 col-md-6 mb-3\">\n<div class=\"fa-stack fa-3x main-color\">\n            <i class=\"far fa-circle fa-stack-2x\"><\/i><i class=\"fas fa-ship fa-stack-1x\"><\/i>\n        <\/div>\n<h2 class=\"h4 mt-2\">Przewozy &#8211; Taks\u00f3wki z \/ do port\u00f3w<\/h2>\n<\/p><\/div>\n<div class=\"col-12 col-md-6 mb-3\">\n<div class=\"fa-stack fa-3x main-color\">\n            <i class=\"far fa-circle fa-stack-2x\"><\/i><i class=\"fas fa-map-signs fa-stack-1x\"><\/i>\n        <\/div>\n<h2 class=\"h4 mt-2\">Prywatne wycieczki z Rethymno<\/h2>\n<\/p><\/div>\n<div class=\"col-12 col-md-6 mb-3\">\n<div class=\"fa-stack fa-3x main-color\">\n            <i class=\"far fa-circle fa-stack-2x\"><\/i><i class=\"fas fa-map-marked fa-stack-1x\"><\/i>\n        <\/div>\n<h2 class=\"h4 mt-2\">Wycieczki objazdowe po ca\u0142ej wyspie<\/h2>\n<\/p><\/div>\n<\/div>\n","protected":false},"excerpt":{"rendered":"<p>Informacje \u2013 Us\u0142ugi Bezprzewodowa sie\u0107 Wi-Fi Na \u017cyczenie udost\u0119pniamy foteliki dzieci\u0119ce lub niemowl\u0119ce za dodatkow\u0105 op\u0142at\u0105 5 euro Kierowca czeka\u0107 b\u0119dzie na Pa\u0144stwa w hali przylot\u00f3w Wszystkie taks\u00f3wki mieszcz\u0105 3 du\u017ce walizki Wszystkie taks\u00f3wki mog\u0105 przewie\u017a\u0107 do 3 pasa\u017cer\u00f3w (nie rozdzielamy rodzin podr\u00f3\u017cuj\u0105cych z ma\u0142ymi dzie\u0107mi) Je\u015bli jeste\u015b rodzin\u0105 lub 4 doros\u0142ymi, wy\u015blemy Ci kombi [&hellip;]<\/p>\n","protected":false},"author":1,"featured_media":0,"parent":0,"menu_order":0,"comment_status":"closed","ping_status":"closed","template":"","meta":{"_acf_changed":false,"footnotes":""},"class_list":["post-2555","page","type-page","status-publish","hentry"],"acf":[],"_links":{"self":[{"href":"https:\/\/taxiservicerethymno.gr\/pl\/wp-json\/wp\/v2\/pages\/2555","targetHints":{"allow":["GET"]}}],"collection":[{"href":"https:\/\/taxiservicerethymno.gr\/pl\/wp-json\/wp\/v2\/pages"}],"about":[{"href":"https:\/\/taxiservicerethymno.gr\/pl\/wp-json\/wp\/v2\/types\/page"}],"author":[{"embeddable":true,"href":"https:\/\/taxiservicerethymno.gr\/pl\/wp-json\/wp\/v2\/users\/1"}],"replies":[{"embeddable":true,"href":"https:\/\/taxiservicerethymno.gr\/pl\/wp-json\/wp\/v2\/comments?post=2555"}],"version-history":[{"count":0,"href":"https:\/\/taxiservicerethymno.gr\/pl\/wp-json\/wp\/v2\/pages\/2555\/revisions"}],"wp:attachment":[{"href":"https:\/\/taxiservicerethymno.gr\/pl\/wp-json\/wp\/v2\/media?parent=2555"}],"curies":[{"name":"wp","href":"https:\/\/api.w.org\/{rel}","templated":true}]}}