{"id":2565,"date":"2018-05-09T14:27:52","date_gmt":"2018-05-09T11:27:52","guid":{"rendered":"https:\/\/taxiservicerethymno.gr\/?page_id=2565"},"modified":"2023-01-29T00:11:40","modified_gmt":"2023-01-28T22:11:40","slug":"szczesliwi-klienci","status":"publish","type":"page","link":"https:\/\/taxiservicerethymno.gr\/pl\/szczesliwi-klienci\/","title":{"rendered":"Szcz\u0119\u015bliwi Klienci"},"content":{"rendered":"\r\n        <div class=\"row row-cols-1 row-cols-md-3\">\r\n            \r\n            <div class=\"mb-3 mb-md-0\">\r\n                <figure>\r\n                  <blockquote class=\"blockquote\">\r\n                    <div class=\"h5 fw-bold\"><i class=\"fas fa-quote-left fa-2x\"><\/i> Bardzo pomocny kierowca<\/div>\r\n                    <p class=\"fs-6 border-start border-3 ps-3\">Kierowca punktualny i bardzo pomocny. Poleci\u0142 nam kilka ciekawych miejsc w mie\u015bcie, poleci\u0142 bardzo dobr\u0105 restauracj\u0119 oraz lodziarni\u0119.<\/p>\r\n                  <\/blockquote>\r\n                  <figcaption class=\"blockquote-footer pt-2\">\r\n                    PawelXWS  Wroclaw, Poland<br> <cite title=\"Source\"><a href=\"https:\/\/www.tripadvisor.com.gr\/ShowUserReviews-g189421-d8673688-r584085170-Taxi_Service_Rethymno-Rethymnon_Rethymnon_Prefecture_Crete.html?m=19905\" target=\"_blank\" rel=\"noopener noreferrer\">a review from tripadvisor<\/a><\/cite>\r\n                  <\/figcaption>\r\n                <\/figure>\r\n            <\/div>\r\n            <div class=\"mb-3 mb-md-0\">\r\n                <figure>\r\n                  <blockquote class=\"blockquote\">\r\n                    <div class=\"h5 fw-bold\"><i class=\"fas fa-quote-left fa-2x\"><\/i> Ocena servisu<\/div>\r\n                    <p class=\"fs-6 border-start border-3 ps-3\">Jestem bardzo zadowolona z uslugi. Serwis byl punktualny, rzetelny, odpowiedzialny i tanszy niz transport hotelowy<\/p>\r\n                  <\/blockquote>\r\n                  <figcaption class=\"blockquote-footer pt-2\">\r\n                    agnieszkasatolafulda<br> <cite title=\"Source\"><a href=\"https:\/\/www.tripadvisor.com.gr\/ShowUserReviews-g189421-d8673688-r773505959-Taxi_Service_Rethymno-Rethymnon_Rethymnon_Prefecture_Crete.html?m=19905\" target=\"_blank\" rel=\"noopener noreferrer\">a review from tripadvisor<\/a><\/cite>\r\n                  <\/figcaption>\r\n                <\/figure>\r\n            <\/div>\r\n            <div class=\"mb-3 mb-md-0\">\r\n                <figure>\r\n                  <blockquote class=\"blockquote\">\r\n                    <div class=\"h5 fw-bold\"><i class=\"fas fa-quote-left fa-2x\"><\/i> \u015awietna firma transportowa<\/div>\r\n                    <p class=\"fs-6 border-start border-3 ps-3\">Mog\u0119 m\u00f3wi\u0107 o Stavrosie i jego firmie tylko w samych superlatywach. Odbiera\u0142 mnie i moj\u0105 rodzin\u0119 z lotniska w Chanii i przewozi\u0142 do Rethymno. Najni\u017csza cena, jak\u0105 uda\u0142o mi si\u0119 znale\u017a\u0107. Swoj\u0105 punktualno\u015bci\u0105 i otwarto\u015bci\u0105 oczarowa\u0142 nas na tyle, \u017ce nast\u0119pnego dnia wybrali\u015bmy si\u0119 jego taks\u00f3wk\u0105 do Heraklionu i pa\u0142acu w Knossos. Pe\u0142en komfort, wsz\u0119dzie na nas czeka\u0142, zatrzymywa\u0142 si\u0119 i zapoznawa\u0142 nas z Kret\u0105. Wyj\u0105tkowy cz\u0142owiek i wyj\u0105tkowe do\u015bwiadczenie. Polecam z czystym sumieniem!<\/p>\r\n                  <\/blockquote>\r\n                  <figcaption class=\"blockquote-footer pt-2\">\r\n                    Piotr Kimla  Krakow, Poland<br> <cite title=\"Source\"><a href=\"https:\/\/www.tripadvisor.com.gr\/ShowUserReviews-g189421-d8673688-r666776598-Taxi_Service_Rethymno-Rethymnon_Rethymnon_Prefecture_Crete.html?m=19905\" target=\"_blank\" rel=\"noopener noreferrer\">a review from tripadvisor<\/a><\/cite>\r\n                  <\/figcaption>\r\n                <\/figure>\r\n            <\/div>\r\n            <div class=\"mb-3 mb-md-0\">\r\n                <figure>\r\n                  <blockquote class=\"blockquote\">\r\n                    <div class=\"h5 fw-bold\"><i class=\"fas fa-quote-left fa-2x\"><\/i> Aleksandra W<\/div>\r\n                    <p class=\"fs-6 border-start border-3 ps-3\">Bardzo dobry kontakt z kierowc\u0105, komfortowa podr\u00f3\u017c, sprawnie i szybko. Ponadto otrzymali\u015bmy kilka informacji turystycznych.<\/p>\r\n                  <\/blockquote>\r\n                  <figcaption class=\"blockquote-footer pt-2\">\r\n                    Aleksandra W<br> <cite title=\"Source\"><a href=\"https:\/\/www.tripadvisor.com.gr\/Profile\/I7174LWaleksandraw\" target=\"_blank\" rel=\"noopener noreferrer\">a review from tripadvisor<\/a><\/cite>\r\n                  <\/figcaption>\r\n                <\/figure>\r\n            <\/div> \r\n        <\/div>\r\n    \n","protected":false},"excerpt":{"rendered":"","protected":false},"author":1,"featured_media":0,"parent":0,"menu_order":0,"comment_status":"closed","ping_status":"closed","template":"page-nosidebar.php","meta":{"_acf_changed":false,"footnotes":""},"class_list":["post-2565","page","type-page","status-publish","hentry"],"acf":[],"_links":{"self":[{"href":"https:\/\/taxiservicerethymno.gr\/pl\/wp-json\/wp\/v2\/pages\/2565","targetHints":{"allow":["GET"]}}],"collection":[{"href":"https:\/\/taxiservicerethymno.gr\/pl\/wp-json\/wp\/v2\/pages"}],"about":[{"href":"https:\/\/taxiservicerethymno.gr\/pl\/wp-json\/wp\/v2\/types\/page"}],"author":[{"embeddable":true,"href":"https:\/\/taxiservicerethymno.gr\/pl\/wp-json\/wp\/v2\/users\/1"}],"replies":[{"embeddable":true,"href":"https:\/\/taxiservicerethymno.gr\/pl\/wp-json\/wp\/v2\/comments?post=2565"}],"version-history":[{"count":0,"href":"https:\/\/taxiservicerethymno.gr\/pl\/wp-json\/wp\/v2\/pages\/2565\/revisions"}],"wp:attachment":[{"href":"https:\/\/taxiservicerethymno.gr\/pl\/wp-json\/wp\/v2\/media?parent=2565"}],"curies":[{"name":"wp","href":"https:\/\/api.w.org\/{rel}","templated":true}]}}